{"id":17643,"date":"2025-02-21T20:20:32","date_gmt":"2025-02-21T18:20:32","guid":{"rendered":"http:\/\/flameguard.ee.dedi7782.your-server.de\/?post_type=product&#038;p=17643"},"modified":"2025-02-21T20:24:22","modified_gmt":"2025-02-21T18:24:22","slug":"evakuatsioonivalgusti-veekindel-gr-1935-15l-90-min","status":"publish","type":"product","link":"https:\/\/flameguard.ee\/fi\/product\/evakuointivalaisin-vesitiivis-gr-1935-15-l-90-min\/","title":{"rendered":"Evakuointivalaisimen vedenpit\u00e4v\u00e4 GR-1935\/15L, 90 min"},"content":{"rendered":"","protected":false},"excerpt":{"rendered":"<p>Kaksipuolisella evakuointivalaisimella, GR-1935\/15L 90 min, on oltava laadukas ja innovatiivinen LED-teknologia, joka toimii my\u00f6s s\u00e4hk\u00f6katkoksen sattuessa. Sopii avoimiin tiloihin, k\u00e4yt\u00e4viin ja poistumisreitteihin. Helppo asentaa.<\/p>","protected":false},"featured_media":17647,"template":"","meta":[],"product_brand":[],"product_cat":[89],"product_tag":[],"class_list":{"0":"post-17643","1":"product","2":"type-product","3":"status-publish","4":"has-post-thumbnail","6":"product_cat-turvavalgustid","8":"first","9":"instock","10":"taxable","11":"shipping-taxable","12":"purchasable","13":"product-type-simple"},"_links":{"self":[{"href":"https:\/\/flameguard.ee\/fi\/wp-json\/wp\/v2\/product\/17643","targetHints":{"allow":["GET"]}}],"collection":[{"href":"https:\/\/flameguard.ee\/fi\/wp-json\/wp\/v2\/product"}],"about":[{"href":"https:\/\/flameguard.ee\/fi\/wp-json\/wp\/v2\/types\/product"}],"version-history":[{"count":1,"href":"https:\/\/flameguard.ee\/fi\/wp-json\/wp\/v2\/product\/17643\/revisions"}],"predecessor-version":[{"id":17651,"href":"https:\/\/flameguard.ee\/fi\/wp-json\/wp\/v2\/product\/17643\/revisions\/17651"}],"wp:featuredmedia":[{"embeddable":true,"href":"https:\/\/flameguard.ee\/fi\/wp-json\/wp\/v2\/media\/17647"}],"wp:attachment":[{"href":"https:\/\/flameguard.ee\/fi\/wp-json\/wp\/v2\/media?parent=17643"}],"wp:term":[{"taxonomy":"product_brand","embeddable":true,"href":"https:\/\/flameguard.ee\/fi\/wp-json\/wp\/v2\/product_brand?post=17643"},{"taxonomy":"product_cat","embeddable":true,"href":"https:\/\/flameguard.ee\/fi\/wp-json\/wp\/v2\/product_cat?post=17643"},{"taxonomy":"product_tag","embeddable":true,"href":"https:\/\/flameguard.ee\/fi\/wp-json\/wp\/v2\/product_tag?post=17643"}],"curies":[{"name":"wp","href":"https:\/\/api.w.org\/{rel}","templated":true}]}}