{"id":17672,"date":"2025-02-23T15:47:41","date_gmt":"2025-02-23T13:47:41","guid":{"rendered":"http:\/\/flameguard.ee.dedi7782.your-server.de\/?post_type=product&#038;p=17672"},"modified":"2025-03-03T16:15:01","modified_gmt":"2025-03-03T14:15:01","slug":"tuletokkeuks-delta-ei60-valge-avale-1000-x-2050-mm","status":"publish","type":"product","link":"https:\/\/flameguard.ee\/fi\/product\/palo-ovi-delta-ei60-valkoinen-aukko-1000-x-2050-mm\/","title":{"rendered":"Palo-ovi Delta EI60 valkoinen (aukko 1000 \u00d7 2050 mm)"},"content":{"rendered":"<p>Tuote on teknisten vaatimusten mukainen ja tarjoaa tehokkaan suojan erilaisissa olosuhteissa ja olosuhteissa.<\/p>\n<p><a style=\"color: #fe312e;\" href=\"\/wp-content\/uploads\/2025\/03\/delta-cten.pdf\" target=\"_blank\" rel=\"noopener\"><img decoding=\"async\" src=\"\/wp-content\/uploads\/2025\/02\/pdf-icon.webp\" \/> Tuotekortti<\/a><\/p>","protected":false},"excerpt":{"rendered":"<p>Delta EI60 on korkealaatuinen palo-ovi, jonka tarkoituksena on varmistaa paloturvallisuus eri rakennuksissa. T\u00e4m\u00e4 valkoinen ter\u00e4sovi tarjoaa 60 minuutin palonkest\u00e4vyyden (EI60) ja auttaa est\u00e4m\u00e4\u00e4n tulen ja savun levi\u00e4mist\u00e4 tulipalon sattuessa.<\/p>\n<p><strong>Tekniset tiedot:<\/strong><br \/>\nOvilevyn paksuus: 62 mm<br \/>\nOvilistan leveys: 28 mm<br \/>\nOvilevy: 0,6 mm kylm\u00e4valssattua ter\u00e4st\u00e4<br \/>\nLento: 1,2 mm kylm\u00e4valssattua ter\u00e4st\u00e4.<br \/>\nUlkopinnan viimeistely: valkoinen<br \/>\nSaranat: 2 kpl (jousitettu)<br \/>\nLukko: + ydin 35 * 35<br \/>\nHelat: Ovenkahva (musta)<br \/>\nMitat:<br \/>\nOvilevyn koko: 900 x 2000 mm<br \/>\nOvenkahvan ulkomitat: 980 \u00d7 2040 mm<br \/>\nOven paino \u2013 76 kg<\/p>\n<p>&nbsp;<\/p>","protected":false},"featured_media":17673,"template":"","meta":[],"product_brand":[],"product_cat":[82],"product_tag":[],"class_list":{"0":"post-17672","1":"product","2":"type-product","3":"status-publish","4":"has-post-thumbnail","6":"product_cat-tuletokkeuksed","8":"first","9":"instock","10":"taxable","11":"shipping-taxable","12":"purchasable","13":"product-type-simple"},"_links":{"self":[{"href":"https:\/\/flameguard.ee\/fi\/wp-json\/wp\/v2\/product\/17672","targetHints":{"allow":["GET"]}}],"collection":[{"href":"https:\/\/flameguard.ee\/fi\/wp-json\/wp\/v2\/product"}],"about":[{"href":"https:\/\/flameguard.ee\/fi\/wp-json\/wp\/v2\/types\/product"}],"version-history":[{"count":5,"href":"https:\/\/flameguard.ee\/fi\/wp-json\/wp\/v2\/product\/17672\/revisions"}],"predecessor-version":[{"id":18111,"href":"https:\/\/flameguard.ee\/fi\/wp-json\/wp\/v2\/product\/17672\/revisions\/18111"}],"wp:featuredmedia":[{"embeddable":true,"href":"https:\/\/flameguard.ee\/fi\/wp-json\/wp\/v2\/media\/17673"}],"wp:attachment":[{"href":"https:\/\/flameguard.ee\/fi\/wp-json\/wp\/v2\/media?parent=17672"}],"wp:term":[{"taxonomy":"product_brand","embeddable":true,"href":"https:\/\/flameguard.ee\/fi\/wp-json\/wp\/v2\/product_brand?post=17672"},{"taxonomy":"product_cat","embeddable":true,"href":"https:\/\/flameguard.ee\/fi\/wp-json\/wp\/v2\/product_cat?post=17672"},{"taxonomy":"product_tag","embeddable":true,"href":"https:\/\/flameguard.ee\/fi\/wp-json\/wp\/v2\/product_tag?post=17672"}],"curies":[{"name":"wp","href":"https:\/\/api.w.org\/{rel}","templated":true}]}}