{"id":17695,"date":"2025-02-23T17:27:01","date_gmt":"2025-02-23T15:27:01","guid":{"rendered":"http:\/\/flameguard.ee.dedi7782.your-server.de\/?post_type=product&#038;p=17695"},"modified":"2025-03-10T15:42:30","modified_gmt":"2025-03-10T13:42:30","slug":"suitsuandurandur-temperatuuriandur-ajax-fireprotect","status":"publish","type":"product","link":"https:\/\/flameguard.ee\/fi\/product\/savunilmaisin-lampotila-anturi-ajax-fireprotect\/","title":{"rendered":"AJAX FireProtect savuh\u00e4lytin + l\u00e4mp\u00f6tila-anturi"},"content":{"rendered":"","protected":false},"excerpt":{"rendered":"<p>Ajax FireProtect - langaton savuh\u00e4lytin ja l\u00e4mp\u00f6tila-anturi yhdess\u00e4 laitteessa. Pienikokoinen ja langaton anturi on v\u00e4ltt\u00e4m\u00e4t\u00f6n turvatekij\u00e4 kaikissa kodeissa tai toimistoissa.<br \/>\nAnturi voidaan kauko-ohjata k\u00e4ytt\u00e4m\u00e4ll\u00e4 Ajax Security System - sovellusta.<\/p>\n<p><strong>Tekniset tiedot:<\/strong><br \/>\nYhteystyyppi: Wireless<br \/>\nK\u00e4ytt\u00f6paikka: sis\u00e4tilat<br \/>\nL\u00e4mp\u00f6tila-anturi: repeytyy v\u00e4lill\u00e4 +54 \u00b0C-65 \u00b0C<br \/>\nH\u00e4lytystyyppi: valo ja \u00e4\u00e4ni<br \/>\nViestint\u00e4protokollat: Jeweller (868.0\u2013868.6 MHz)<br \/>\nTunnistimen ja ohjauspaneelin v\u00e4linen enimm\u00e4iset\u00e4isyys enint\u00e4\u00e4n 1300 m (avoin)<br \/>\nVirransy\u00f6tt\u00f6: 2 CR2 paristot<br \/>\nAkun k\u00e4ytt\u00f6ik\u00e4: enint\u00e4\u00e4n 4 vuotta<br \/>\nToimii 0-+65 \u00b0C:n l\u00e4mp\u00f6tiloissa<br \/>\nKosteuskest\u00e4vyys: enint\u00e4\u00e4n 80%<br \/>\nKoko: 132 \u00d7 132 \u00d7 31 mm<br \/>\nPaino 220 g<\/p>","protected":false},"featured_media":17696,"template":"","meta":[],"product_brand":[],"product_cat":[125,84],"product_tag":[],"class_list":{"0":"post-17695","1":"product","2":"type-product","3":"status-publish","4":"has-post-thumbnail","6":"product_cat-innovatsioon","7":"product_cat-suitsuandurid","9":"first","10":"instock","11":"taxable","12":"shipping-taxable","13":"purchasable","14":"product-type-simple"},"_links":{"self":[{"href":"https:\/\/flameguard.ee\/fi\/wp-json\/wp\/v2\/product\/17695","targetHints":{"allow":["GET"]}}],"collection":[{"href":"https:\/\/flameguard.ee\/fi\/wp-json\/wp\/v2\/product"}],"about":[{"href":"https:\/\/flameguard.ee\/fi\/wp-json\/wp\/v2\/types\/product"}],"version-history":[{"count":5,"href":"https:\/\/flameguard.ee\/fi\/wp-json\/wp\/v2\/product\/17695\/revisions"}],"predecessor-version":[{"id":18014,"href":"https:\/\/flameguard.ee\/fi\/wp-json\/wp\/v2\/product\/17695\/revisions\/18014"}],"wp:featuredmedia":[{"embeddable":true,"href":"https:\/\/flameguard.ee\/fi\/wp-json\/wp\/v2\/media\/17696"}],"wp:attachment":[{"href":"https:\/\/flameguard.ee\/fi\/wp-json\/wp\/v2\/media?parent=17695"}],"wp:term":[{"taxonomy":"product_brand","embeddable":true,"href":"https:\/\/flameguard.ee\/fi\/wp-json\/wp\/v2\/product_brand?post=17695"},{"taxonomy":"product_cat","embeddable":true,"href":"https:\/\/flameguard.ee\/fi\/wp-json\/wp\/v2\/product_cat?post=17695"},{"taxonomy":"product_tag","embeddable":true,"href":"https:\/\/flameguard.ee\/fi\/wp-json\/wp\/v2\/product_tag?post=17695"}],"curies":[{"name":"wp","href":"https:\/\/api.w.org\/{rel}","templated":true}]}}