{"id":17706,"date":"2025-02-23T17:41:27","date_gmt":"2025-02-23T15:41:27","guid":{"rendered":"http:\/\/flameguard.ee.dedi7782.your-server.de\/?post_type=product&#038;p=17706"},"modified":"2025-02-28T21:34:55","modified_gmt":"2025-02-28T19:34:55","slug":"suitsuandur-lento-10-a-aku","status":"publish","type":"product","link":"https:\/\/flameguard.ee\/fi\/product\/savunilmaisin-lento-10-a-akku\/","title":{"rendered":"Savunilmaisin LENTO (10 a akku)"},"content":{"rendered":"","protected":false},"excerpt":{"rendered":"<p>Itsen\u00e4inen optinen paloh\u00e4lytin Lento 10 on ainutlaatuinen y\u00f6perhosen muotoinen laite, joka toimii sek\u00e4 sisustuselementtin\u00e4 ett\u00e4 kodin turvallisuuden takaajana.<br \/>\nIlmaisin antaa vahvan h\u00e4lytyksen heti, kun se havaitsee savun ja varoittaa asukkaita mahdollisesta tulipalosta.<\/p>\n<p><strong>Tekniset tiedot:<\/strong><br \/>\n\u00c4\u00e4nenvoimakkuus \u2265 85 dB (3 metrin p\u00e4\u00e4ss\u00e4)<br \/>\nK\u00e4ytt\u00f6l\u00e4mp\u00f6tila: -10 \u2103 \u2013 +40 \u2103<br \/>\nSuurin ilmankosteus: \u2264 95%<br \/>\nAkun k\u00e4ytt\u00f6ik\u00e4: 10 vuotta<br \/>\nMitat: 185 mm x 175 mm x 48 mm<\/p>\n<p>&nbsp;<\/p>","protected":false},"featured_media":17717,"template":"","meta":[],"product_brand":[],"product_cat":[84],"product_tag":[],"class_list":{"0":"post-17706","1":"product","2":"type-product","3":"status-publish","4":"has-post-thumbnail","6":"product_cat-suitsuandurid","8":"first","9":"instock","10":"taxable","11":"shipping-taxable","12":"purchasable","13":"product-type-variable"},"_links":{"self":[{"href":"https:\/\/flameguard.ee\/fi\/wp-json\/wp\/v2\/product\/17706","targetHints":{"allow":["GET"]}}],"collection":[{"href":"https:\/\/flameguard.ee\/fi\/wp-json\/wp\/v2\/product"}],"about":[{"href":"https:\/\/flameguard.ee\/fi\/wp-json\/wp\/v2\/types\/product"}],"version-history":[{"count":2,"href":"https:\/\/flameguard.ee\/fi\/wp-json\/wp\/v2\/product\/17706\/revisions"}],"predecessor-version":[{"id":18019,"href":"https:\/\/flameguard.ee\/fi\/wp-json\/wp\/v2\/product\/17706\/revisions\/18019"}],"wp:featuredmedia":[{"embeddable":true,"href":"https:\/\/flameguard.ee\/fi\/wp-json\/wp\/v2\/media\/17717"}],"wp:attachment":[{"href":"https:\/\/flameguard.ee\/fi\/wp-json\/wp\/v2\/media?parent=17706"}],"wp:term":[{"taxonomy":"product_brand","embeddable":true,"href":"https:\/\/flameguard.ee\/fi\/wp-json\/wp\/v2\/product_brand?post=17706"},{"taxonomy":"product_cat","embeddable":true,"href":"https:\/\/flameguard.ee\/fi\/wp-json\/wp\/v2\/product_cat?post=17706"},{"taxonomy":"product_tag","embeddable":true,"href":"https:\/\/flameguard.ee\/fi\/wp-json\/wp\/v2\/product_tag?post=17706"}],"curies":[{"name":"wp","href":"https:\/\/api.w.org\/{rel}","templated":true}]}}