{"id":17735,"date":"2025-02-25T17:13:03","date_gmt":"2025-02-25T15:13:03","guid":{"rendered":"http:\/\/flameguard.ee.dedi7782.your-server.de\/?post_type=product&#038;p=17735"},"modified":"2025-02-25T17:13:03","modified_gmt":"2025-02-25T15:13:03","slug":"evakuatsioonivalgusti-oximia-led-180-min","status":"publish","type":"product","link":"https:\/\/flameguard.ee\/fi\/product\/poistumisvalaisin-oximia-led-180-min\/","title":{"rendered":"Evakuointivalojen OXIMIA LED, 180 min"},"content":{"rendered":"","protected":false},"excerpt":{"rendered":"<p>Evakuointivalaisin OXIMIA LED 3 h on laadukas ja innovatiivinen LED-teknologia, joka toimii my\u00f6s s\u00e4hk\u00f6katkoksen sattuessa. Sopii avoimiin tiloihin, k\u00e4yt\u00e4viin ja poistumisreitteihin. Helppo asentaa.<\/p>\n<p><strong>Tekniset tiedot:<\/strong><br \/>\nNimellisj\u00e4nnite: 220\u2013240 VAC\/50\u201360Hz<br \/>\nAkku: (Ni-CD) 3,6V\/0,6Ah<br \/>\nTarkistukset: Akun latauksen LED-ilmaisin, TEST-painike<br \/>\nLatausaika: 24 tuntia<br \/>\nK\u00e4ytt\u00f6aika s\u00e4hk\u00f6katkoksen sattuessa: 180 minuuttia<br \/>\nJatkuva valovirta: 8 valkoista LED-valoa<br \/>\nSuojaustaso (IP): IP20<br \/>\nMateriaali: Metalli<br \/>\nK\u00e4ytt\u00f6l\u00e4mp\u00f6tila: 10\u201355 \u2103<br \/>\nMitat:<br \/>\nPituus: 335 mm<br \/>\nKorkeus: 225 mm<br \/>\nSyvyys: 35 mm<br \/>\nPaino: 1,2 kg<br \/>\nTakuu: 2 vuotta (akun takuu 1 vuosi)<br \/>\nPakkauksessa: kahden kuvamerkin (nuolet oikealle, vasemmalle) kiinnikkeet ja kuvamerkit voidaan tilata erikseen.<\/p>\n<p>&nbsp;<\/p>","protected":false},"featured_media":17736,"template":"","meta":[],"product_brand":[],"product_cat":[89],"product_tag":[],"class_list":{"0":"post-17735","1":"product","2":"type-product","3":"status-publish","4":"has-post-thumbnail","6":"product_cat-turvavalgustid","8":"first","9":"instock","10":"taxable","11":"shipping-taxable","12":"purchasable","13":"product-type-simple"},"_links":{"self":[{"href":"https:\/\/flameguard.ee\/fi\/wp-json\/wp\/v2\/product\/17735","targetHints":{"allow":["GET"]}}],"collection":[{"href":"https:\/\/flameguard.ee\/fi\/wp-json\/wp\/v2\/product"}],"about":[{"href":"https:\/\/flameguard.ee\/fi\/wp-json\/wp\/v2\/types\/product"}],"version-history":[{"count":1,"href":"https:\/\/flameguard.ee\/fi\/wp-json\/wp\/v2\/product\/17735\/revisions"}],"predecessor-version":[{"id":17742,"href":"https:\/\/flameguard.ee\/fi\/wp-json\/wp\/v2\/product\/17735\/revisions\/17742"}],"wp:featuredmedia":[{"embeddable":true,"href":"https:\/\/flameguard.ee\/fi\/wp-json\/wp\/v2\/media\/17736"}],"wp:attachment":[{"href":"https:\/\/flameguard.ee\/fi\/wp-json\/wp\/v2\/media?parent=17735"}],"wp:term":[{"taxonomy":"product_brand","embeddable":true,"href":"https:\/\/flameguard.ee\/fi\/wp-json\/wp\/v2\/product_brand?post=17735"},{"taxonomy":"product_cat","embeddable":true,"href":"https:\/\/flameguard.ee\/fi\/wp-json\/wp\/v2\/product_cat?post=17735"},{"taxonomy":"product_tag","embeddable":true,"href":"https:\/\/flameguard.ee\/fi\/wp-json\/wp\/v2\/product_tag?post=17735"}],"curies":[{"name":"wp","href":"https:\/\/api.w.org\/{rel}","templated":true}]}}