{"id":17743,"date":"2025-02-25T17:45:10","date_gmt":"2025-02-25T15:45:10","guid":{"rendered":"http:\/\/flameguard.ee.dedi7782.your-server.de\/?post_type=product&#038;p=17743"},"modified":"2025-02-27T12:24:11","modified_gmt":"2025-02-27T10:24:11","slug":"paastemeeskonna-sisenemistee-kleebis","status":"publish","type":"product","link":"https:\/\/flameguard.ee\/fi\/product\/paastohenkilokunnan-sisaantuloreittitarra\/","title":{"rendered":"Pelastusryhm\u00e4n sis\u00e4\u00e4ntuloreittitarra"},"content":{"rendered":"","protected":false},"excerpt":{"rendered":"<p>Merkint\u00e4 PELASTUSRYHM\u00c4N SIS\u00c4\u00c4NTULOREITIN tarra (300 \u00d7 150 mm).<br \/>\nLIIMAPINTAINEN TARRA ON TARKOITETTU SILE\u00c4LLE PINNALLE!<br \/>\nMerkki osoittaa, ett\u00e4 rakennuksen sis\u00e4\u00e4nk\u00e4ynti on l\u00e4himp\u00e4n\u00e4 automaattisen palonhavaitsemisj\u00e4rjestelm\u00e4n keskusyksik\u00f6n sijaintia.<br \/>\nKuva on standardin EVS 620\u20132:2012 mukainen.<\/p>","protected":false},"featured_media":17846,"template":"","meta":[],"product_brand":[],"product_cat":[90],"product_tag":[],"class_list":{"0":"post-17743","1":"product","2":"type-product","3":"status-publish","4":"has-post-thumbnail","6":"product_cat-ohumargistus","8":"first","9":"instock","10":"taxable","11":"shipping-taxable","12":"purchasable","13":"product-type-simple"},"_links":{"self":[{"href":"https:\/\/flameguard.ee\/fi\/wp-json\/wp\/v2\/product\/17743","targetHints":{"allow":["GET"]}}],"collection":[{"href":"https:\/\/flameguard.ee\/fi\/wp-json\/wp\/v2\/product"}],"about":[{"href":"https:\/\/flameguard.ee\/fi\/wp-json\/wp\/v2\/types\/product"}],"version-history":[{"count":1,"href":"https:\/\/flameguard.ee\/fi\/wp-json\/wp\/v2\/product\/17743\/revisions"}],"predecessor-version":[{"id":17748,"href":"https:\/\/flameguard.ee\/fi\/wp-json\/wp\/v2\/product\/17743\/revisions\/17748"}],"wp:featuredmedia":[{"embeddable":true,"href":"https:\/\/flameguard.ee\/fi\/wp-json\/wp\/v2\/media\/17846"}],"wp:attachment":[{"href":"https:\/\/flameguard.ee\/fi\/wp-json\/wp\/v2\/media?parent=17743"}],"wp:term":[{"taxonomy":"product_brand","embeddable":true,"href":"https:\/\/flameguard.ee\/fi\/wp-json\/wp\/v2\/product_brand?post=17743"},{"taxonomy":"product_cat","embeddable":true,"href":"https:\/\/flameguard.ee\/fi\/wp-json\/wp\/v2\/product_cat?post=17743"},{"taxonomy":"product_tag","embeddable":true,"href":"https:\/\/flameguard.ee\/fi\/wp-json\/wp\/v2\/product_tag?post=17743"}],"curies":[{"name":"wp","href":"https:\/\/api.w.org\/{rel}","templated":true}]}}