{"id":17775,"date":"2025-02-25T19:35:00","date_gmt":"2025-02-25T17:35:00","guid":{"rendered":"http:\/\/flameguard.ee.dedi7782.your-server.de\/?post_type=product&#038;p=17775"},"modified":"2025-02-27T09:51:15","modified_gmt":"2025-02-27T07:51:15","slug":"stick-protect-aerosool-tulekustutussusteem","status":"publish","type":"product","link":"https:\/\/flameguard.ee\/fi\/product\/stick-protect-aerosolipalonsammutusteema\/","title":{"rendered":"Stick Protect aerosoli palonsammutusj\u00e4rjestelm\u00e4 (1 kpl)"},"content":{"rendered":"<p>Tuote on teknisten vaatimusten mukainen ja tarjoaa tehokkaan suojan erilaisissa olosuhteissa ja olosuhteissa.<\/p>\n<p><a style=\"color: #fe312e;\" href=\"\/wp-content\/uploads\/2025\/02\/English-Safety-Sheet.pdf\" target=\"_blank\" rel=\"noopener\"><img decoding=\"async\" src=\"\/wp-content\/uploads\/2025\/02\/pdf-icon.webp\" \/> Tuotekortti<\/a><\/p>","protected":false},"excerpt":{"rendered":"<p>SAVIO Stick Protect - palonsammutusj\u00e4rjestelm\u00e4 on terminen aerosolilaite, joka on erityisesti suunniteltu k\u00e4ytett\u00e4v\u00e4ksi koti-, teollisuus- ja merenkulkuymp\u00e4rist\u00f6iss\u00e4. Se on suunniteltu sammuttamaan tulipalot ja est\u00e4m\u00e4\u00e4n niiden levi\u00e4minen edelleen, ja se on erityisen tehokas oikosulkutulipaloissa s\u00e4hk\u00f6asennuksissa.<br \/>\nPaikallisissa tulipaloissa SAVIO Stick Protect osoittaa, ett\u00e4 se on hy\u00f6dyllinen ja ett\u00e4 sill\u00e4 on t\u00e4rke\u00e4 rooli ihmishenkien ja omaisuuden pelastamisessa. Tuote on erityisesti suunniteltu puuttumaan valvomattomiin s\u00e4hk\u00f6njakeluj\u00e4rjestelmiin, kuten kytkinkaappeihin, jakokaappeihin ja automaatiolaitteisiin. Sopii k\u00e4ytett\u00e4v\u00e4ksi avoimissa, suljetuissa tai kohtalaisen ilmastoiduissa olosuhteissa enint\u00e4\u00e4n 0,3 m3. Tuote ei j\u00e4t\u00e4 j\u00e4tett\u00e4 aktivoitumisen j\u00e4lkeen, ja pinta on helppo puhdistaa.<\/p>\n<p><strong>Tekniset tiedot:<\/strong><br \/>\nAutomaattinen palonsammutuslaite.<br \/>\nHalkaisija 87 mm, paksuus 20 mm.<br \/>\nK\u00e4ynnistett\u00e4v\u00e4 l\u00e4mp\u00f6tila 338 \u00b0F\/170 \u00b0C<br \/>\nK\u00e4ytt\u00f6l\u00e4mp\u00f6tila min. 0 \u00b0C \u2013 max. 60 \u00b0C.<br \/>\nPaloluokka: B-C-E.<br \/>\nVaatimustenmukaisuus: CE 1395, EN 16263:2015<br \/>\nTuotteessa on pieni\u00e4 m\u00e4\u00e4ri\u00e4 luokan P1 pyroteknist\u00e4 ainetta (Ilmoitettu laitos 1395 \u2013 Konjakkirakenne. Rekister\u00f6intinumero 1395-P1\u20130092\/2022). Tuotetta voidaan ostaa 18 vuoden i\u00e4st\u00e4 alkaen.<\/p>\n<p>&nbsp;<\/p>","protected":false},"featured_media":17778,"template":"","meta":[],"product_brand":[],"product_cat":[125,83],"product_tag":[],"class_list":{"0":"post-17775","1":"product","2":"type-product","3":"status-publish","4":"has-post-thumbnail","6":"product_cat-innovatsioon","7":"product_cat-tulekustutid","9":"first","10":"instock","11":"taxable","12":"shipping-taxable","13":"purchasable","14":"product-type-simple"},"_links":{"self":[{"href":"https:\/\/flameguard.ee\/fi\/wp-json\/wp\/v2\/product\/17775","targetHints":{"allow":["GET"]}}],"collection":[{"href":"https:\/\/flameguard.ee\/fi\/wp-json\/wp\/v2\/product"}],"about":[{"href":"https:\/\/flameguard.ee\/fi\/wp-json\/wp\/v2\/types\/product"}],"version-history":[{"count":3,"href":"https:\/\/flameguard.ee\/fi\/wp-json\/wp\/v2\/product\/17775\/revisions"}],"predecessor-version":[{"id":17784,"href":"https:\/\/flameguard.ee\/fi\/wp-json\/wp\/v2\/product\/17775\/revisions\/17784"}],"wp:featuredmedia":[{"embeddable":true,"href":"https:\/\/flameguard.ee\/fi\/wp-json\/wp\/v2\/media\/17778"}],"wp:attachment":[{"href":"https:\/\/flameguard.ee\/fi\/wp-json\/wp\/v2\/media?parent=17775"}],"wp:term":[{"taxonomy":"product_brand","embeddable":true,"href":"https:\/\/flameguard.ee\/fi\/wp-json\/wp\/v2\/product_brand?post=17775"},{"taxonomy":"product_cat","embeddable":true,"href":"https:\/\/flameguard.ee\/fi\/wp-json\/wp\/v2\/product_cat?post=17775"},{"taxonomy":"product_tag","embeddable":true,"href":"https:\/\/flameguard.ee\/fi\/wp-json\/wp\/v2\/product_tag?post=17775"}],"curies":[{"name":"wp","href":"https:\/\/api.w.org\/{rel}","templated":true}]}}