{"id":17791,"date":"2025-02-25T22:09:58","date_gmt":"2025-02-25T20:09:58","guid":{"rendered":"http:\/\/flameguard.ee.dedi7782.your-server.de\/?post_type=product&#038;p=17791"},"modified":"2025-03-11T16:56:32","modified_gmt":"2025-03-11T14:56:32","slug":"hooldusvaba-aerosool-tulekustuti","status":"publish","type":"product","link":"https:\/\/flameguard.ee\/fi\/product\/huoltamaton-aerosolipalosammutin\/","title":{"rendered":"Huoltamattoman sammuttimen FSS50"},"content":{"rendered":"<p>Tuote on teknisten vaatimusten mukainen ja tarjoaa tehokkaan suojan erilaisissa olosuhteissa ja olosuhteissa.<\/p>\n<p><a style=\"color: #fe312e;\" href=\"\/wp-content\/uploads\/2025\/02\/FFS-Infoleht-2025.pdf.pdf\" target=\"_blank\" rel=\"noopener\"><img decoding=\"async\" src=\"\/wp-content\/uploads\/2025\/02\/pdf-icon.webp\" \/> Pakkausseloste<\/a><\/p>\n<p><a style=\"color: #fe312e;\" href=\"\/wp-content\/uploads\/2025\/02\/nr-11-SDS-ESP-for-Fire-Suppression-Systems-rev.13-11_12_23-EN.pdf\" target=\"_blank\" rel=\"noopener\"><img decoding=\"async\" src=\"\/wp-content\/uploads\/2025\/02\/pdf-icon.webp\" \/> Tuotekortti<\/a><\/p>\n<p><a style=\"color: #fe312e;\" href=\"\/wp-content\/uploads\/2025\/02\/EE-kasutusjuhend-FSS50-rev.-06_06_2023_arato.pdf.pdf\" target=\"_blank\" rel=\"noopener\"><img decoding=\"async\" src=\"\/wp-content\/uploads\/2025\/02\/pdf-icon.webp\" \/> K\u00e4ytt\u00f6ohjeet<\/a><\/p>","protected":false},"excerpt":{"rendered":"<p>Pienen ja kevyen FSS-palosammuttimen on oltava k\u00e4ytt\u00e4j\u00e4n kannalta turvallinen ja ymp\u00e4rist\u00f6yst\u00e4v\u00e4llinen. T\u00e4m\u00e4n ansiosta sammutin voidaan s\u00e4ilytt\u00e4\u00e4 helposti saatavilla olevassa paikassa. FSS-sammutin on yksinkertainen ja helppo tapa varmistaa, ett\u00e4 h\u00e4n on valmis tuleen kotona, ty\u00f6ss\u00e4 tai eri ajoneuvoissa. Sammuttimen mitat ja painot ovat huomattavasti pienemm\u00e4t kuin tavanomaisten sammuttimien ja niiden k\u00e4ytt\u00f6aika on huomattavasti pidempi. Sammutusaineen k\u00e4yt\u00f6st\u00e4 ei j\u00e4\u00e4 hankalia j\u00e4\u00e4mi\u00e4, jotka ovat vaarallisia laitteille ja elektroniikalle.<br \/>\nSammutin ei vaadi tarkastusta, huoltoa tai uudelleent\u00e4ytt\u00f6\u00e4 tavanomaisiin sammuttimiin verrattuna. Tuote ei ole paineistettu, joten se ei r\u00e4j\u00e4hd\u00e4 ja pilaantuu. Kun k\u00e4yt\u00e4t sammutusvirtaa, suuntaa se liekin alapuolelle, palon alkamispaikkaan.<br \/>\nSammuttimen on sammutettava l\u00e4htev\u00e4t palovaarat:a (kiinte\u00e4t aineet), B (polttonesteet), C (kaasumaiset aineet), F (ravinto\u00f6ljyt ja - rasvat) ja enint\u00e4\u00e4n 100\u00a0000 j\u00e4nnitteisten s\u00e4hk\u00f6laitteiden palot.<br \/>\nK\u00e4ytt\u00f6paikka: asuin- ja toimistorakennukset, pientalot ja saunat, moottori- ja s\u00e4hk\u00f6ajoneuvot, veneet, s\u00e4hk\u00f6laitteistot, ravintolat jne.<br \/>\nVAROITUS: PALOVAARA (&gt; 90 astetta C)! \u00c4L\u00c4 KOSKE SAMMUTTIMEN METALLIKOTELOON SAMMUTUKSEN AIKANA TAI SEN J\u00c4LKEEN.<br \/>\nS\u00e4ilyt\u00e4 poissa lasten ulottuvilta. \u00c4l\u00e4 suuntaa sammutusvirtaa ihmisiin. Tuote ei sammuta hehkuhiilt\u00e4. \u00c4l\u00e4 riko tuotteen osia tai irrota sit\u00e4.<br \/>\nTuotteessa on pieni\u00e4 m\u00e4\u00e4ri\u00e4 luokan P1 pyroteknist\u00e4 ainetta (Ilmoitettu laitos 1395 \u2013 Konjakkirakenne. Todistus nro PA 1395\u20130368\/2015). Tuotetta voidaan ostaa 18 vuoden i\u00e4st\u00e4 alkaen.<\/p>\n<p><strong>Tekniset tiedot:<\/strong><br \/>\nTY\u00d6AIKA: 50 SEK<br \/>\nPITUUS: 25.9 cm<br \/>\nHALKAISIJA: 3.3 cm<br \/>\nPAINO: 215 GR<\/p>\n<p>&nbsp;<\/p>","protected":false},"featured_media":17803,"template":"","meta":[],"product_brand":[],"product_cat":[125,83],"product_tag":[],"class_list":{"0":"post-17791","1":"product","2":"type-product","3":"status-publish","4":"has-post-thumbnail","6":"product_cat-innovatsioon","7":"product_cat-tulekustutid","9":"first","10":"instock","11":"taxable","12":"shipping-taxable","13":"purchasable","14":"product-type-simple"},"_links":{"self":[{"href":"https:\/\/flameguard.ee\/fi\/wp-json\/wp\/v2\/product\/17791","targetHints":{"allow":["GET"]}}],"collection":[{"href":"https:\/\/flameguard.ee\/fi\/wp-json\/wp\/v2\/product"}],"about":[{"href":"https:\/\/flameguard.ee\/fi\/wp-json\/wp\/v2\/types\/product"}],"version-history":[{"count":7,"href":"https:\/\/flameguard.ee\/fi\/wp-json\/wp\/v2\/product\/17791\/revisions"}],"predecessor-version":[{"id":18691,"href":"https:\/\/flameguard.ee\/fi\/wp-json\/wp\/v2\/product\/17791\/revisions\/18691"}],"wp:featuredmedia":[{"embeddable":true,"href":"https:\/\/flameguard.ee\/fi\/wp-json\/wp\/v2\/media\/17803"}],"wp:attachment":[{"href":"https:\/\/flameguard.ee\/fi\/wp-json\/wp\/v2\/media?parent=17791"}],"wp:term":[{"taxonomy":"product_brand","embeddable":true,"href":"https:\/\/flameguard.ee\/fi\/wp-json\/wp\/v2\/product_brand?post=17791"},{"taxonomy":"product_cat","embeddable":true,"href":"https:\/\/flameguard.ee\/fi\/wp-json\/wp\/v2\/product_cat?post=17791"},{"taxonomy":"product_tag","embeddable":true,"href":"https:\/\/flameguard.ee\/fi\/wp-json\/wp\/v2\/product_tag?post=17791"}],"curies":[{"name":"wp","href":"https:\/\/api.w.org\/{rel}","templated":true}]}}