{"id":17885,"date":"2025-02-27T14:40:06","date_gmt":"2025-02-27T12:40:06","guid":{"rendered":"http:\/\/flameguard.ee.dedi7782.your-server.de\/?post_type=product&#038;p=17885"},"modified":"2025-02-28T08:33:30","modified_gmt":"2025-02-28T06:33:30","slug":"tulekustuti-kapp-supron-600v","status":"publish","type":"product","link":"https:\/\/flameguard.ee\/fi\/product\/sammutin-kaappi-supron-600-v\/","title":{"rendered":"Sammuttimen kaappi SUPRON 600V"},"content":{"rendered":"","protected":false},"excerpt":{"rendered":"<p>Sein\u00e4\u00e4n kiinnitett\u00e4v\u00e4 palosammutinlaatikko, joka sopii 4\u20136 kg:n jauhe - tai vaahtosammuttimille. Laatikko takaa sammuttimen turvallisen ja esteettisen sijoittelun sek\u00e4 sis\u00e4tiloissa ett\u00e4 ulkona.<\/p>\n<p><strong>Tekniset tiedot:<\/strong><br \/>\nMitat: 600 x 250 x 200 mm<br \/>\nPaino: 2,2 kg<br \/>\nV\u00e4ri: valkoisena standardina, mutta tilauksesta saatavilla my\u00f6s muissa v\u00e4reiss\u00e4<br \/>\nMateriaali: metalli, soveltuu erilaisiin olosuhteisiin. Toisen v\u00e4rist\u00e4 sammutinlaatikkoa tilattaessa on otettava huomioon valmistusaika 3\u20134 viikkoa tilauksen hyv\u00e4ksymisen j\u00e4lkeen.<br \/>\nValmistaja: Supron3, Euroopan unioni<\/p>\n<p>&nbsp;<\/p>","protected":false},"featured_media":17952,"template":"","meta":[],"product_brand":[],"product_cat":[136],"product_tag":[],"class_list":{"0":"post-17885","1":"product","2":"type-product","3":"status-publish","4":"has-post-thumbnail","6":"product_cat-turvakapid","8":"first","9":"instock","10":"taxable","11":"shipping-taxable","12":"purchasable","13":"product-type-simple"},"_links":{"self":[{"href":"https:\/\/flameguard.ee\/fi\/wp-json\/wp\/v2\/product\/17885","targetHints":{"allow":["GET"]}}],"collection":[{"href":"https:\/\/flameguard.ee\/fi\/wp-json\/wp\/v2\/product"}],"about":[{"href":"https:\/\/flameguard.ee\/fi\/wp-json\/wp\/v2\/types\/product"}],"version-history":[{"count":2,"href":"https:\/\/flameguard.ee\/fi\/wp-json\/wp\/v2\/product\/17885\/revisions"}],"predecessor-version":[{"id":17891,"href":"https:\/\/flameguard.ee\/fi\/wp-json\/wp\/v2\/product\/17885\/revisions\/17891"}],"wp:featuredmedia":[{"embeddable":true,"href":"https:\/\/flameguard.ee\/fi\/wp-json\/wp\/v2\/media\/17952"}],"wp:attachment":[{"href":"https:\/\/flameguard.ee\/fi\/wp-json\/wp\/v2\/media?parent=17885"}],"wp:term":[{"taxonomy":"product_brand","embeddable":true,"href":"https:\/\/flameguard.ee\/fi\/wp-json\/wp\/v2\/product_brand?post=17885"},{"taxonomy":"product_cat","embeddable":true,"href":"https:\/\/flameguard.ee\/fi\/wp-json\/wp\/v2\/product_cat?post=17885"},{"taxonomy":"product_tag","embeddable":true,"href":"https:\/\/flameguard.ee\/fi\/wp-json\/wp\/v2\/product_tag?post=17885"}],"curies":[{"name":"wp","href":"https:\/\/api.w.org\/{rel}","templated":true}]}}