{"id":17893,"date":"2025-02-27T14:58:00","date_gmt":"2025-02-27T12:58:00","guid":{"rendered":"http:\/\/flameguard.ee.dedi7782.your-server.de\/?post_type=product&#038;p=17893"},"modified":"2025-02-27T15:06:19","modified_gmt":"2025-02-27T13:06:19","slug":"voolikukapp-klaasita-supron","status":"publish","type":"product","link":"https:\/\/flameguard.ee\/fi\/product\/letkukaappi-ilman-lasia-supron\/","title":{"rendered":"Sammuttimen kaappi BAWER 4\u20136 kg"},"content":{"rendered":"","protected":false},"excerpt":{"rendered":"<p>T\u00e4m\u00e4 sammuttimen kaappi on ihanteellinen tapa pit\u00e4\u00e4 sammutin sis\u00e4tiloissa, joissa sit\u00e4 tarvitaan. Hygieeninen ja toiminnallinen suunnittelu sopii erinomaisesti kaikkiin sis\u00e4tiloihin ja tarjoaa erinomaisen hinta-laatusuhteen.<\/p>\n<p><strong>Tekniset tiedot:<\/strong><br \/>\nMateriaalit: polypropeeni, nailon, polykarbonaatti<br \/>\nMitat: 620 x 293 x 213 mm<br \/>\nPaino: 2,05 kg<br \/>\nTilavuus\/sammuttimen halkaisija: \u00d8 150\u2013170 mm<br \/>\nTuottaja: Bawer S.p.A, Italia<\/p>\n<p>&nbsp;<\/p>","protected":false},"featured_media":17894,"template":"","meta":[],"product_brand":[],"product_cat":[136],"product_tag":[],"class_list":{"0":"post-17893","1":"product","2":"type-product","3":"status-publish","4":"has-post-thumbnail","6":"product_cat-turvakapid","8":"first","9":"instock","10":"taxable","11":"shipping-taxable","12":"purchasable","13":"product-type-simple"},"_links":{"self":[{"href":"https:\/\/flameguard.ee\/fi\/wp-json\/wp\/v2\/product\/17893","targetHints":{"allow":["GET"]}}],"collection":[{"href":"https:\/\/flameguard.ee\/fi\/wp-json\/wp\/v2\/product"}],"about":[{"href":"https:\/\/flameguard.ee\/fi\/wp-json\/wp\/v2\/types\/product"}],"version-history":[{"count":3,"href":"https:\/\/flameguard.ee\/fi\/wp-json\/wp\/v2\/product\/17893\/revisions"}],"predecessor-version":[{"id":17910,"href":"https:\/\/flameguard.ee\/fi\/wp-json\/wp\/v2\/product\/17893\/revisions\/17910"}],"wp:featuredmedia":[{"embeddable":true,"href":"https:\/\/flameguard.ee\/fi\/wp-json\/wp\/v2\/media\/17894"}],"wp:attachment":[{"href":"https:\/\/flameguard.ee\/fi\/wp-json\/wp\/v2\/media?parent=17893"}],"wp:term":[{"taxonomy":"product_brand","embeddable":true,"href":"https:\/\/flameguard.ee\/fi\/wp-json\/wp\/v2\/product_brand?post=17893"},{"taxonomy":"product_cat","embeddable":true,"href":"https:\/\/flameguard.ee\/fi\/wp-json\/wp\/v2\/product_cat?post=17893"},{"taxonomy":"product_tag","embeddable":true,"href":"https:\/\/flameguard.ee\/fi\/wp-json\/wp\/v2\/product_tag?post=17893"}],"curies":[{"name":"wp","href":"https:\/\/api.w.org\/{rel}","templated":true}]}}