{"id":17907,"date":"2025-02-27T15:00:25","date_gmt":"2025-02-27T13:00:25","guid":{"rendered":"http:\/\/flameguard.ee.dedi7782.your-server.de\/?post_type=product&#038;p=17907"},"modified":"2025-02-27T15:03:26","modified_gmt":"2025-02-27T13:03:26","slug":"tulekustuti-kapp-bawer-5-kg-co2","status":"publish","type":"product","link":"https:\/\/flameguard.ee\/fi\/product\/sammutinkaappi-bawer-5-kg-co2\/","title":{"rendered":"Sammuttimen kaappi BAWER 5 kg\/CO2"},"content":{"rendered":"","protected":false},"excerpt":{"rendered":"<p>T\u00e4m\u00e4 sammuttimen kaappi on ihanteellinen tapa pit\u00e4\u00e4 sammutin sis\u00e4tiloissa, joissa sit\u00e4 tarvitaan. Hygieeninen ja toiminnallinen suunnittelu sopii erinomaisesti kaikkiin sis\u00e4tiloihin ja tarjoaa erinomaisen hinta-laatusuhteen.<\/p>\n<p><strong>Tekniset tiedot:<\/strong><br \/>\nMateriaalit: polypropeeni, nailon, polykarbonaatti<br \/>\nMitat: 334 x 724 x 252 mm<br \/>\nPaino: 3,68 kg<br \/>\nTilavuus\/sammuttimen halkaisija: \u00d8 170\u2013190 mm<br \/>\nTuottaja: Bawer S.p.A, Italia<\/p>\n<p>&nbsp;<\/p>","protected":false},"featured_media":17894,"template":"","meta":[],"product_brand":[],"product_cat":[136],"product_tag":[],"class_list":{"0":"post-17907","1":"product","2":"type-product","3":"status-publish","4":"has-post-thumbnail","6":"product_cat-turvakapid","8":"first","9":"instock","10":"taxable","11":"shipping-taxable","12":"purchasable","13":"product-type-simple"},"_links":{"self":[{"href":"https:\/\/flameguard.ee\/fi\/wp-json\/wp\/v2\/product\/17907","targetHints":{"allow":["GET"]}}],"collection":[{"href":"https:\/\/flameguard.ee\/fi\/wp-json\/wp\/v2\/product"}],"about":[{"href":"https:\/\/flameguard.ee\/fi\/wp-json\/wp\/v2\/types\/product"}],"version-history":[{"count":1,"href":"https:\/\/flameguard.ee\/fi\/wp-json\/wp\/v2\/product\/17907\/revisions"}],"predecessor-version":[{"id":17908,"href":"https:\/\/flameguard.ee\/fi\/wp-json\/wp\/v2\/product\/17907\/revisions\/17908"}],"wp:featuredmedia":[{"embeddable":true,"href":"https:\/\/flameguard.ee\/fi\/wp-json\/wp\/v2\/media\/17894"}],"wp:attachment":[{"href":"https:\/\/flameguard.ee\/fi\/wp-json\/wp\/v2\/media?parent=17907"}],"wp:term":[{"taxonomy":"product_brand","embeddable":true,"href":"https:\/\/flameguard.ee\/fi\/wp-json\/wp\/v2\/product_brand?post=17907"},{"taxonomy":"product_cat","embeddable":true,"href":"https:\/\/flameguard.ee\/fi\/wp-json\/wp\/v2\/product_cat?post=17907"},{"taxonomy":"product_tag","embeddable":true,"href":"https:\/\/flameguard.ee\/fi\/wp-json\/wp\/v2\/product_tag?post=17907"}],"curies":[{"name":"wp","href":"https:\/\/api.w.org\/{rel}","templated":true}]}}