{"id":17932,"date":"2025-02-27T16:29:04","date_gmt":"2025-02-27T14:29:04","guid":{"rendered":"http:\/\/flameguard.ee.dedi7782.your-server.de\/?post_type=product&#038;p=17932"},"modified":"2025-02-28T11:14:11","modified_gmt":"2025-02-28T09:14:11","slug":"voolikukapp-klaasita-supron-kopeeri","status":"publish","type":"product","link":"https:\/\/flameguard.ee\/fi\/product\/letkukaappi-lasiton-supron-kopioi\/","title":{"rendered":"Letkukaappi, jossa on lasillinen SUPRON"},"content":{"rendered":"","protected":false},"excerpt":{"rendered":"<p>Sein\u00e4\u00e4n kiinnitett\u00e4v\u00e4t letkukaapit, joissa on lasi, ilman letkua ja suihkuputkea.<\/p>\n<p><strong>Tekniset tiedot:<\/strong><br \/>\nMitat: 520 x 390 x 180 mm<br \/>\nV\u00e4ri: valkoisena standardina, mutta tilauksesta saatavilla my\u00f6s muissa v\u00e4reiss\u00e4<br \/>\nMateriaali: metalli, soveltuu erilaisiin olosuhteisiin<br \/>\nToisen v\u00e4rist\u00e4 sammutinlaatikkoa tilattaessa on otettava huomioon valmistusaika 3\u20134 viikkoa tilauksen hyv\u00e4ksymisen j\u00e4lkeen.<br \/>\nValmistaja: Supron3, Euroopan unioni<\/p>\n<p>&nbsp;<\/p>","protected":false},"featured_media":17937,"template":"","meta":[],"product_brand":[],"product_cat":[136],"product_tag":[],"class_list":{"0":"post-17932","1":"product","2":"type-product","3":"status-publish","4":"has-post-thumbnail","6":"product_cat-turvakapid","8":"first","9":"instock","10":"taxable","11":"shipping-taxable","12":"purchasable","13":"product-type-simple"},"_links":{"self":[{"href":"https:\/\/flameguard.ee\/fi\/wp-json\/wp\/v2\/product\/17932","targetHints":{"allow":["GET"]}}],"collection":[{"href":"https:\/\/flameguard.ee\/fi\/wp-json\/wp\/v2\/product"}],"about":[{"href":"https:\/\/flameguard.ee\/fi\/wp-json\/wp\/v2\/types\/product"}],"version-history":[{"count":5,"href":"https:\/\/flameguard.ee\/fi\/wp-json\/wp\/v2\/product\/17932\/revisions"}],"predecessor-version":[{"id":17966,"href":"https:\/\/flameguard.ee\/fi\/wp-json\/wp\/v2\/product\/17932\/revisions\/17966"}],"wp:featuredmedia":[{"embeddable":true,"href":"https:\/\/flameguard.ee\/fi\/wp-json\/wp\/v2\/media\/17937"}],"wp:attachment":[{"href":"https:\/\/flameguard.ee\/fi\/wp-json\/wp\/v2\/media?parent=17932"}],"wp:term":[{"taxonomy":"product_brand","embeddable":true,"href":"https:\/\/flameguard.ee\/fi\/wp-json\/wp\/v2\/product_brand?post=17932"},{"taxonomy":"product_cat","embeddable":true,"href":"https:\/\/flameguard.ee\/fi\/wp-json\/wp\/v2\/product_cat?post=17932"},{"taxonomy":"product_tag","embeddable":true,"href":"https:\/\/flameguard.ee\/fi\/wp-json\/wp\/v2\/product_tag?post=17932"}],"curies":[{"name":"wp","href":"https:\/\/api.w.org\/{rel}","templated":true}]}}