{"id":18025,"date":"2025-03-03T11:35:57","date_gmt":"2025-03-03T09:35:57","guid":{"rendered":"http:\/\/flameguard.ee.dedi7782.your-server.de\/?post_type=product&#038;p=18025"},"modified":"2025-03-03T11:50:57","modified_gmt":"2025-03-03T09:50:57","slug":"pustol-intu-handymax","status":"publish","type":"product","link":"https:\/\/flameguard.ee\/fi\/product\/pustol-intu-handymax\/","title":{"rendered":"INTU HANDYMAX - pistooli"},"content":{"rendered":"","protected":false},"excerpt":{"rendered":"<p data-start=\"28\" data-end=\"115\"><strong data-start=\"28\" data-end=\"113\">Ammattimainen k\u00e4sipistooli 380\u2013410 ml:n patruunoille sopii t\u00e4ydellisesti INTU FR FOAM 2K putkeen<\/strong><\/p>\n<p data-start=\"117\" data-end=\"354\"><strong data-start=\"117\" data-end=\"131\">Kuvaus:<\/strong><br data-start=\"131\" data-end=\"134\" \/>Korkealaatuinen ja kest\u00e4v\u00e4 k\u00e4sipistooli, joka on erityisesti suunniteltu tuotteen tarkkaa ja tehokasta annostelua varten.<\/p>\n<p data-start=\"117\" data-end=\"354\">Sopii 380\u2013410 ml:n patruunoihin ja varmistaa k\u00e4ytt\u00f6mukavuuden ja sujuvuuden my\u00f6s vaativissa olosuhteissa.<\/p>\n<p data-start=\"356\" data-end=\"910\"><strong data-start=\"356\" data-end=\"369\">Ominaisuudet:<\/strong><\/p>\n<ul>\n<li><strong>Kest\u00e4v\u00e4 rakenne<\/strong> \u2013 valmistettu kevyist\u00e4 ja vahvistetuista seoksista<\/li>\n<li><strong>Poikkeuksellisen suuri puristusvoima<\/strong> \u2013 5000N, erityisesti karkaistun tangon ja m\u00e4nn\u00e4n ansiosta<\/li>\n<li><strong>Innovatiivinen mekanismi<\/strong> \u2013 optimoitu tarkkaa annostelua ja sujuvaa toimintaa varten<\/li>\n<li><strong>Helppo ja mukava<\/strong> \u2013 35% kevyemp\u00e4\u00e4 kuin tavalliset mallit, paino hieman yli 700 g<\/li>\n<li><strong>Suuritehoinen voimansiirto (25:1)<\/strong> \u2013 v\u00e4hent\u00e4\u00e4 vastusta ja varmistaa tasaisen annostuksen<\/li>\n<\/ul>\n<p data-start=\"356\" data-end=\"910\"><strong>Kest\u00e4v\u00e4 ja pitk\u00e4ik\u00e4inen<\/strong> \u2013 erityisesti suunniteltu m\u00e4nt\u00e4 ja ty\u00f6nt\u00f6moottori v\u00e4hent\u00e4v\u00e4t kulumista<\/p>\n<p data-start=\"912\" data-end=\"1010\">T\u00e4ydellinen ty\u00f6kalu ammattilaisille, jotka tarvitsevat tarkan ja luotettavan kemiallisen ankkuripistoolin!<\/p>","protected":false},"featured_media":18027,"template":"","meta":[],"product_brand":[],"product_cat":[88],"product_tag":[],"class_list":{"0":"post-18025","1":"product","2":"type-product","3":"status-publish","4":"has-post-thumbnail","6":"product_cat-tuletokketooted","8":"first","9":"instock","10":"taxable","11":"shipping-taxable","12":"purchasable","13":"product-type-simple"},"_links":{"self":[{"href":"https:\/\/flameguard.ee\/fi\/wp-json\/wp\/v2\/product\/18025","targetHints":{"allow":["GET"]}}],"collection":[{"href":"https:\/\/flameguard.ee\/fi\/wp-json\/wp\/v2\/product"}],"about":[{"href":"https:\/\/flameguard.ee\/fi\/wp-json\/wp\/v2\/types\/product"}],"version-history":[{"count":1,"href":"https:\/\/flameguard.ee\/fi\/wp-json\/wp\/v2\/product\/18025\/revisions"}],"predecessor-version":[{"id":18031,"href":"https:\/\/flameguard.ee\/fi\/wp-json\/wp\/v2\/product\/18025\/revisions\/18031"}],"wp:featuredmedia":[{"embeddable":true,"href":"https:\/\/flameguard.ee\/fi\/wp-json\/wp\/v2\/media\/18027"}],"wp:attachment":[{"href":"https:\/\/flameguard.ee\/fi\/wp-json\/wp\/v2\/media?parent=18025"}],"wp:term":[{"taxonomy":"product_brand","embeddable":true,"href":"https:\/\/flameguard.ee\/fi\/wp-json\/wp\/v2\/product_brand?post=18025"},{"taxonomy":"product_cat","embeddable":true,"href":"https:\/\/flameguard.ee\/fi\/wp-json\/wp\/v2\/product_cat?post=18025"},{"taxonomy":"product_tag","embeddable":true,"href":"https:\/\/flameguard.ee\/fi\/wp-json\/wp\/v2\/product_tag?post=18025"}],"curies":[{"name":"wp","href":"https:\/\/api.w.org\/{rel}","templated":true}]}}