{"id":18048,"date":"2025-03-03T12:00:55","date_gmt":"2025-03-03T10:00:55","guid":{"rendered":"http:\/\/flameguard.ee.dedi7782.your-server.de\/?post_type=product&#038;p=18048"},"modified":"2025-03-03T12:26:06","modified_gmt":"2025-03-03T10:26:06","slug":"hooldusvaba-tulekustuskleebis-sticker-15-1tk","status":"publish","type":"product","link":"https:\/\/flameguard.ee\/fi\/product\/huoltovapaa-palonsammutustarra-sticker-15-1-kpl\/","title":{"rendered":"Huoltovapaa palonsammutustarra STICKER 15 (1 kpl)"},"content":{"rendered":"<p>Tuote on teknisten vaatimusten mukainen ja tarjoaa tehokkaan suojan erilaisissa olosuhteissa ja olosuhteissa.<\/p>\n<p><a style=\"color: #fe312e;\" href=\"\/wp-content\/uploads\/2025\/03\/CERTIFICATE-Sticker-EN.pdf\" target=\"_blank\" rel=\"noopener\"><img decoding=\"async\" src=\"\/wp-content\/uploads\/2025\/02\/pdf-icon.webp\" \/> Todistus<\/a><\/p>\n<p><a style=\"color: #fe312e;\" href=\"\/wp-content\/uploads\/2025\/03\/Fipron-Broshure-EST.pdf\" target=\"_blank\" rel=\"noopener\"><img decoding=\"async\" src=\"\/wp-content\/uploads\/2025\/02\/pdf-icon.webp\" \/> Tuotekortti<\/a><\/p>\n<p><a style=\"color: #fe312e;\" href=\"\/wp-content\/uploads\/2025\/03\/Fipron-Broshure-EST2-1.pdf\" target=\"_blank\" rel=\"noopener\"><img decoding=\"async\" src=\"\/wp-content\/uploads\/2025\/02\/pdf-icon.webp\" \/> Tuotekortti<\/a><\/p>","protected":false},"excerpt":{"rendered":"<p><span class=\"TextRun SCXW155346174 BCX8\" lang=\"EN-US\" xml:lang=\"EN-US\" data-contrast=\"auto\"><span class=\"NormalTextRun SCXW155346174 BCX8\" data-ccp-parastyle=\"No Spacing\">FIPRON\u2122 STICKER <\/span><\/span><span class=\"TextRun SCXW155346174 BCX8\" lang=\"EN-US\" xml:lang=\"EN-US\" data-contrast=\"auto\"><span class=\"NormalTextRun SCXW155346174 BCX8\" data-ccp-parastyle=\"No Spacing\">on <\/span><span class=\"NormalTextRun SpellingErrorV2Themed SCXW155346174 BCX8\" data-ccp-parastyle=\"No Spacing\">tarra<\/span> <span class=\"NormalTextRun SpellingErrorV2Themed SCXW155346174 BCX8\" data-ccp-parastyle=\"No Spacing\">tyyppi<\/span> <span class=\"NormalTextRun SpellingErrorV2Themed SCXW155346174 BCX8\" data-ccp-parastyle=\"No Spacing\">itsen\u00e4inen<\/span> <span class=\"NormalTextRun SpellingErrorV2Themed SCXW155346174 BCX8\" data-ccp-parastyle=\"No Spacing\">tulensammutuslaitteet<\/span><span class=\"NormalTextRun SCXW155346174 BCX8\" data-ccp-parastyle=\"No Spacing\">, joka <\/span><span class=\"NormalTextRun SpellingErrorV2Themed SCXW155346174 BCX8\" data-ccp-parastyle=\"No Spacing\">sis\u00e4lt\u00e4\u00e4<\/span> <span class=\"NormalTextRun SpellingErrorV2Themed SCXW155346174 BCX8\" data-ccp-parastyle=\"No Spacing\">tietyt<\/span> <span class=\"NormalTextRun SpellingErrorV2Themed SCXW155346174 BCX8\" data-ccp-parastyle=\"No Spacing\">l\u00e4mp\u00f6tilassa<\/span> <span class=\"NormalTextRun SpellingErrorV2Themed SCXW155346174 BCX8\" data-ccp-parastyle=\"No Spacing\">aktivoituvat<\/span> <span class=\"NormalTextRun SpellingErrorV2Themed SCXW155346174 BCX8\" data-ccp-parastyle=\"No Spacing\">palonsammutusaineella<\/span> <span class=\"NormalTextRun SpellingErrorV2Themed SCXW155346174 BCX8\" data-ccp-parastyle=\"No Spacing\">varustettu<\/span> <span class=\"NormalTextRun SpellingErrorV2Themed SCXW155346174 BCX8\" data-ccp-parastyle=\"No Spacing\">mikrokapselit<\/span><span class=\"NormalTextRun SCXW155346174 BCX8\" data-ccp-parastyle=\"No Spacing\">. T\u00e4m\u00e4 on<\/span> <span class=\"NormalTextRun SpellingErrorV2Themed SCXW155346174 BCX8\" data-ccp-parastyle=\"No Spacing\">innovatiivinen<\/span><span class=\"NormalTextRun SCXW155346174 BCX8\" data-ccp-parastyle=\"No Spacing\"> ja <\/span><span class=\"NormalTextRun SpellingErrorV2Themed SCXW155346174 BCX8\" data-ccp-parastyle=\"No Spacing\">uusi<\/span> <span class=\"NormalTextRun SpellingErrorV2Themed SCXW155346174 BCX8\" data-ccp-parastyle=\"No Spacing\">ratkaisu<\/span><span class=\"NormalTextRun SCXW155346174 BCX8\" data-ccp-parastyle=\"No Spacing\">, joka on <\/span><span class=\"NormalTextRun SpellingErrorV2Themed SCXW155346174 BCX8\" data-ccp-parastyle=\"No Spacing\">erityisesti<\/span> <span class=\"NormalTextRun SpellingErrorV2Themed SCXW155346174 BCX8\" data-ccp-parastyle=\"No Spacing\">tarkoitettu<\/span><span class=\"NormalTextRun SCXW155346174 BCX8\" data-ccp-parastyle=\"No Spacing\"> tule. <\/span><span class=\"NormalTextRun SpellingErrorV2Themed SCXW155346174 BCX8\" data-ccp-parastyle=\"No Spacing\">poistettavaksi<\/span><span class=\"NormalTextRun SCXW155346174 BCX8\" data-ccp-parastyle=\"No Spacing\"> IP20 ja<\/span> <span class=\"NormalTextRun SpellingErrorV2Themed SCXW155346174 BCX8\" data-ccp-parastyle=\"No Spacing\">korkeamman<\/span> <span class=\"NormalTextRun SpellingErrorV2Themed SCXW155346174 BCX8\" data-ccp-parastyle=\"No Spacing\">taso<\/span> <span class=\"NormalTextRun SpellingErrorV2Themed SCXW155346174 BCX8\" data-ccp-parastyle=\"No Spacing\">pistorasioissa<\/span><span class=\"NormalTextRun SCXW155346174 BCX8\" data-ccp-parastyle=\"No Spacing\">, <\/span><span class=\"NormalTextRun SpellingErrorV2Themed SCXW155346174 BCX8\" data-ccp-parastyle=\"No Spacing\">haaroitusrasioissa<\/span><span class=\"NormalTextRun SCXW155346174 BCX8\" data-ccp-parastyle=\"No Spacing\"> ja <\/span><span class=\"NormalTextRun SpellingErrorV2Themed SCXW155346174 BCX8\" data-ccp-parastyle=\"No Spacing\">paneeleissa<\/span><span class=\"NormalTextRun SCXW155346174 BCX8\" data-ccp-parastyle=\"No Spacing\">, <\/span><span class=\"NormalTextRun SpellingErrorV2Themed SCXW155346174 BCX8\" data-ccp-parastyle=\"No Spacing\">jonka<\/span> <span class=\"NormalTextRun SpellingErrorV2Themed SCXW155346174 BCX8\" data-ccp-parastyle=\"No Spacing\">kapasiteetti<\/span><span class=\"NormalTextRun SCXW155346174 BCX8\" data-ccp-parastyle=\"No Spacing\"> on<\/span> <span class=\"NormalTextRun SCXW155346174 BCX8\" data-ccp-parastyle=\"No Spacing\">0,03-60 <\/span><span class=\"NormalTextRun SpellingErrorV2Themed SCXW155346174 BCX8\" data-ccp-parastyle=\"No Spacing\">litraa<\/span><span class=\"NormalTextRun SCXW155346174 BCX8\" data-ccp-parastyle=\"No Spacing\">.<\/span> <span class=\"NormalTextRun SCXW155346174 BCX8\" data-ccp-parastyle=\"No Spacing\">FIPRON\u2122 STICKER <\/span><span class=\"NormalTextRun SpellingErrorV2Themed SCXW155346174 BCX8\" data-ccp-parastyle=\"No Spacing\">toimii<\/span> <span class=\"NormalTextRun SpellingErrorV2Themed SCXW155346174 BCX8\" data-ccp-parastyle=\"No Spacing\">jos<\/span> <span class=\"NormalTextRun SpellingErrorV2Themed SCXW155346174 BCX8\" data-ccp-parastyle=\"No Spacing\">\u00e4lyk\u00e4s<\/span><span class=\"NormalTextRun SCXW155346174 BCX8\" data-ccp-parastyle=\"No Spacing\"> ja <\/span><span class=\"NormalTextRun SpellingErrorV2Themed SCXW155346174 BCX8\" data-ccp-parastyle=\"No Spacing\">itsen\u00e4inen<\/span> <span class=\"NormalTextRun SpellingErrorV2Themed SCXW155346174 BCX8\" data-ccp-parastyle=\"No Spacing\">tulensammutuslaitteet<\/span><span class=\"NormalTextRun SCXW155346174 BCX8\" data-ccp-parastyle=\"No Spacing\">, joka <\/span><span class=\"NormalTextRun SpellingErrorV2Themed SCXW155346174 BCX8\" data-ccp-parastyle=\"No Spacing\">aktivoituu<\/span><span class=\"NormalTextRun SCXW155346174 BCX8\" data-ccp-parastyle=\"No Spacing\"> 120 C <\/span><span class=\"NormalTextRun SpellingErrorV2Themed SCXW155346174 BCX8\" data-ccp-parastyle=\"No Spacing\">l\u00e4mp\u00f6tilan<\/span> <span class=\"NormalTextRun SpellingErrorV2Themed SCXW155346174 BCX8\" data-ccp-parastyle=\"No Spacing\">l\u00e4hell\u00e4<\/span><span class=\"NormalTextRun SCXW155346174 BCX8\" data-ccp-parastyle=\"No Spacing\">,<\/span> <span class=\"NormalTextRun SpellingErrorV2Themed SCXW155346174 BCX8\" data-ccp-parastyle=\"No Spacing\">vapauttamalla<\/span> <span class=\"NormalTextRun SpellingErrorV2Themed SCXW155346174 BCX8\" data-ccp-parastyle=\"No Spacing\">kapseleista<\/span> <span class=\"NormalTextRun SpellingErrorV2Themed SCXW155346174 BCX8\" data-ccp-parastyle=\"No Spacing\">sammutusaine<\/span><span class=\"NormalTextRun SCXW155346174 BCX8\" data-ccp-parastyle=\"No Spacing\">, <\/span><span class=\"NormalTextRun SpellingErrorV2Themed SCXW155346174 BCX8\" data-ccp-parastyle=\"No Spacing\">jonka<\/span> <span class=\"NormalTextRun SpellingErrorV2Themed SCXW155346174 BCX8\" data-ccp-parastyle=\"No Spacing\">seurauksena<\/span> <span class=\"NormalTextRun SpellingErrorV2Themed SCXW155346174 BCX8\" data-ccp-parastyle=\"No Spacing\">tulipalo<\/span> <span class=\"NormalTextRun SpellingErrorV2Themed SCXW155346174 BCX8\" data-ccp-parastyle=\"No Spacing\">poistetaan<\/span><span class=\"NormalTextRun SCXW155346174 BCX8\" data-ccp-parastyle=\"No Spacing\">.<\/span><span class=\"NormalTextRun SCXW155346174 BCX8\" data-ccp-parastyle=\"No Spacing\"> Tuotteet<\/span><span class=\"NormalTextRun SCXW155346174 BCX8\" data-ccp-parastyle=\"No Spacing\"> on <\/span><span class=\"NormalTextRun SpellingErrorV2Themed SCXW155346174 BCX8\" data-ccp-parastyle=\"No Spacing\">hyv\u00e4.<\/span> <span class=\"NormalTextRun SpellingErrorV2Themed SCXW155346174 BCX8\" data-ccp-parastyle=\"No Spacing\">taipuisat<\/span><span class=\"NormalTextRun SCXW155346174 BCX8\" data-ccp-parastyle=\"No Spacing\"> ja <\/span><span class=\"NormalTextRun SpellingErrorV2Themed SCXW155346174 BCX8\" data-ccp-parastyle=\"No Spacing\">helposti<\/span> <span class=\"NormalTextRun SpellingErrorV2Themed SCXW155346174 BCX8\" data-ccp-parastyle=\"No Spacing\">asennettavat<\/span> <span class=\"NormalTextRun SpellingErrorV2Themed SCXW155346174 BCX8\" data-ccp-parastyle=\"No Spacing\">rajoitettu<\/span> <span class=\"NormalTextRun SpellingErrorV2Themed SCXW155346174 BCX8\" data-ccp-parastyle=\"No Spacing\">koko<\/span> <span class=\"NormalTextRun SpellingErrorV2Themed SCXW155346174 BCX8\" data-ccp-parastyle=\"No Spacing\">paikoissa<\/span><span class=\"NormalTextRun SCXW155346174 BCX8\" data-ccp-parastyle=\"No Spacing\">. <\/span><span class=\"NormalTextRun SpellingErrorV2Themed SCXW155346174 BCX8\" data-ccp-parastyle=\"No Spacing\">Tarrat<\/span><span class=\"NormalTextRun SCXW155346174 BCX8\" data-ccp-parastyle=\"No Spacing\"> on<\/span> <span class=\"NormalTextRun SpellingErrorV2Themed SCXW155346174 BCX8\" data-ccp-parastyle=\"No Spacing\">liev\u00e4t<\/span><span class=\"NormalTextRun SCXW155346174 BCX8\" data-ccp-parastyle=\"No Spacing\"> ja <\/span><span class=\"NormalTextRun SpellingErrorV2Themed SCXW155346174 BCX8\" data-ccp-parastyle=\"No Spacing\">n\u00e4it\u00e4<\/span> <span class=\"NormalTextRun SpellingErrorV2Themed SCXW155346174 BCX8\" data-ccp-parastyle=\"No Spacing\">voi<\/span> <span class=\"NormalTextRun SpellingErrorV2Themed SCXW155346174 BCX8\" data-ccp-parastyle=\"No Spacing\">k\u00e4ytt\u00e4\u00e4<\/span> <span class=\"NormalTextRun SpellingErrorV2Themed SCXW155346174 BCX8\" data-ccp-parastyle=\"No Spacing\">l\u00e4mp\u00f6tilassa<\/span><span class=\"NormalTextRun SCXW155346174 BCX8\" data-ccp-parastyle=\"No Spacing\"> \u2013 50 C <\/span><span class=\"NormalTextRun SpellingErrorV2Themed SCXW155346174 BCX8\" data-ccp-parastyle=\"No Spacing\">kunnes<\/span><span class=\"NormalTextRun SCXW155346174 BCX8\" data-ccp-parastyle=\"No Spacing\"> +80 <\/span><span class=\"NormalTextRun SCXW155346174 BCX8\" data-ccp-parastyle=\"No Spacing\">C <\/span><span class=\"NormalTextRun SpellingErrorV2Themed SCXW155346174 BCX8\" data-ccp-parastyle=\"No Spacing\">ja<\/span> n\u00e4m\u00e4 <span class=\"NormalTextRun SpellingErrorV2Themed SCXW155346174 BCX8\" data-ccp-parastyle=\"No Spacing\">ei<\/span> <span class=\"NormalTextRun SpellingErrorV2Themed SCXW155346174 BCX8\" data-ccp-parastyle=\"No Spacing\">sis\u00e4lt\u00e4\u00e4<\/span> <span class=\"NormalTextRun SpellingErrorV2Themed SCXW155346174 BCX8\" data-ccp-parastyle=\"No Spacing\">otsonikerros<\/span> <span class=\"NormalTextRun SpellingErrorV2Themed SCXW155346174 BCX8\" data-ccp-parastyle=\"No Spacing\">uuvuttavia<\/span> <span class=\"NormalTextRun SpellingErrorV2Themed SCXW155346174 BCX8\" data-ccp-parastyle=\"No Spacing\">aineita<\/span><span class=\"NormalTextRun SCXW155346174 BCX8\" data-ccp-parastyle=\"No Spacing\">.<\/span> <span class=\"NormalTextRun SpellingErrorV2Themed SCXW155346174 BCX8\" data-ccp-parastyle=\"No Spacing\">Takuuaika<\/span> <span class=\"NormalTextRun SpellingErrorV2Themed SCXW155346174 BCX8\" data-ccp-parastyle=\"No Spacing\">paitsi<\/span> <span class=\"NormalTextRun SpellingErrorV2Themed SCXW155346174 BCX8\" data-ccp-parastyle=\"No Spacing\">asennusta<\/span> <span class=\"NormalTextRun SCXW155346174 BCX8\" data-ccp-parastyle=\"No Spacing\">on 5 <\/span><span class=\"NormalTextRun SpellingErrorV2Themed SCXW155346174 BCX8\" data-ccp-parastyle=\"No Spacing\">vuosi<\/span><\/span><span class=\"EOP SCXW155346174 BCX8\" data-ccp-props=\"{&quot;201341983&quot;:0,&quot;335559739&quot;:0,&quot;335559740&quot;:240}\">.<\/span><\/p>\n<p><strong>Tekniset tiedot:<\/strong><br \/>\nSTICKER 15 45 \u00d7 85 mm:n tarra on tarkoitettu sammuttamaan tulipaloja enint\u00e4\u00e4n 0,4\u201315 litran asennuksissa.<br \/>\nPakkauksessa on 1 tarra.<br \/>\nAktivointil\u00e4mp\u00f6tila: 120 \u00b0C<br \/>\nTy\u00f6ymp\u00e4rist\u00f6n kosteus enint\u00e4\u00e4n 90%<br \/>\nK\u00e4ytt\u00f6l\u00e4mp\u00f6tila: -50 \u00b0C \u2013 +80 \u00b0C<br \/>\nSammutusaineen kuvaus: 3M\u2122 Novec\u2122 1230 SAMMUTUSAINE (FK-5\u20131\u201312; CF3CF2C(0)CF(CF3)2; 1,1, 1,2, 24,5, 5,5-nonafluoro-4 - (trifluorimethyl) -3-pentanone)<\/p>\n<p>&nbsp;<\/p>","protected":false},"featured_media":18051,"template":"","meta":[],"product_brand":[],"product_cat":[125,83],"product_tag":[],"class_list":{"0":"post-18048","1":"product","2":"type-product","3":"status-publish","4":"has-post-thumbnail","6":"product_cat-innovatsioon","7":"product_cat-tulekustutid","9":"first","10":"instock","11":"taxable","12":"shipping-taxable","13":"purchasable","14":"product-type-simple"},"_links":{"self":[{"href":"https:\/\/flameguard.ee\/fi\/wp-json\/wp\/v2\/product\/18048","targetHints":{"allow":["GET"]}}],"collection":[{"href":"https:\/\/flameguard.ee\/fi\/wp-json\/wp\/v2\/product"}],"about":[{"href":"https:\/\/flameguard.ee\/fi\/wp-json\/wp\/v2\/types\/product"}],"version-history":[{"count":4,"href":"https:\/\/flameguard.ee\/fi\/wp-json\/wp\/v2\/product\/18048\/revisions"}],"predecessor-version":[{"id":18062,"href":"https:\/\/flameguard.ee\/fi\/wp-json\/wp\/v2\/product\/18048\/revisions\/18062"}],"wp:featuredmedia":[{"embeddable":true,"href":"https:\/\/flameguard.ee\/fi\/wp-json\/wp\/v2\/media\/18051"}],"wp:attachment":[{"href":"https:\/\/flameguard.ee\/fi\/wp-json\/wp\/v2\/media?parent=18048"}],"wp:term":[{"taxonomy":"product_brand","embeddable":true,"href":"https:\/\/flameguard.ee\/fi\/wp-json\/wp\/v2\/product_brand?post=18048"},{"taxonomy":"product_cat","embeddable":true,"href":"https:\/\/flameguard.ee\/fi\/wp-json\/wp\/v2\/product_cat?post=18048"},{"taxonomy":"product_tag","embeddable":true,"href":"https:\/\/flameguard.ee\/fi\/wp-json\/wp\/v2\/product_tag?post=18048"}],"curies":[{"name":"wp","href":"https:\/\/api.w.org\/{rel}","templated":true}]}}