{"id":18066,"date":"2025-03-03T15:10:55","date_gmt":"2025-03-03T13:10:55","guid":{"rendered":"http:\/\/flameguard.ee.dedi7782.your-server.de\/?post_type=product&#038;p=18066"},"modified":"2026-04-08T15:51:38","modified_gmt":"2026-04-08T12:51:38","slug":"18066","status":"publish","type":"product","link":"https:\/\/flameguard.ee\/fi\/product\/18066\/","title":{"rendered":"Kipsipohjaiset palosuojayhdisteet MORTAR"},"content":{"rendered":"<p>Tuote on teknisten vaatimusten mukainen ja tarjoaa tehokkaan suojan erilaisissa olosuhteissa ja olosuhteissa.<\/p>\n<p><a style=\"color: #fe312e;\" href=\"\/wp-content\/uploads\/2025\/03\/ETA-24_1229-of-16_12_2024-MORTAR_EN.pdf\" target=\"_blank\" rel=\"noopener\"><img decoding=\"async\" src=\"\/wp-content\/uploads\/2025\/02\/pdf-icon.webp\" \/> Tuotekortti<\/a><\/p>\n<p><a style=\"color: #fe312e;\" href=\"\/wp-content\/uploads\/2025\/03\/INTU_FR_MORTAR_TDS_EN_KO_2.0.pdf\" target=\"_blank\" rel=\"noopener\"><img decoding=\"async\" src=\"\/wp-content\/uploads\/2025\/02\/pdf-icon.webp\" \/> Tuotekortti<\/a><\/p>","protected":false},"excerpt":{"rendered":"<p>INTU FR MORTAR on kipsipohjainen palontorjuntaseos (20 kg). Palosuojaseoksella pyrit\u00e4\u00e4n palauttamaan j\u00e4ykkien seinien ja lattiarakenteiden palonkest\u00e4vyys silloin, kun ne on l\u00e4vistetty erilaisilla viestint\u00e4v\u00e4lineill\u00e4 \u2013 erityyppisill\u00e4 kaapeleilla ja metalliputkistoilla.<br \/>\nINTU FR MORTAR toimitetaan kuiva-aineena, ja se sekoitetaan veteen vaaditun suhteen mukaisesti ennen asennusta. Sekoitettuna se on itsekantava sein\u00e4suunnassa, mutta lattiaasennuksessa se tarvitsee tukea, mineraalivillaa.<br \/>\nLaasti t\u00e4ytt\u00e4\u00e4 tehokkaasti aukot huoltoaukoissa ja varmistaa, ett\u00e4 laipio s\u00e4ilytt\u00e4\u00e4 eheytens\u00e4 ja eristyksens\u00e4 EI240 asti.<\/p>","protected":false},"featured_media":18067,"template":"","meta":[],"product_brand":[],"product_cat":[88],"product_tag":[],"class_list":{"0":"post-18066","1":"product","2":"type-product","3":"status-publish","4":"has-post-thumbnail","6":"product_cat-tuletokketooted","8":"first","9":"instock","10":"taxable","11":"shipping-taxable","12":"purchasable","13":"product-type-simple"},"_links":{"self":[{"href":"https:\/\/flameguard.ee\/fi\/wp-json\/wp\/v2\/product\/18066","targetHints":{"allow":["GET"]}}],"collection":[{"href":"https:\/\/flameguard.ee\/fi\/wp-json\/wp\/v2\/product"}],"about":[{"href":"https:\/\/flameguard.ee\/fi\/wp-json\/wp\/v2\/types\/product"}],"version-history":[{"count":5,"href":"https:\/\/flameguard.ee\/fi\/wp-json\/wp\/v2\/product\/18066\/revisions"}],"predecessor-version":[{"id":18204,"href":"https:\/\/flameguard.ee\/fi\/wp-json\/wp\/v2\/product\/18066\/revisions\/18204"}],"wp:featuredmedia":[{"embeddable":true,"href":"https:\/\/flameguard.ee\/fi\/wp-json\/wp\/v2\/media\/18067"}],"wp:attachment":[{"href":"https:\/\/flameguard.ee\/fi\/wp-json\/wp\/v2\/media?parent=18066"}],"wp:term":[{"taxonomy":"product_brand","embeddable":true,"href":"https:\/\/flameguard.ee\/fi\/wp-json\/wp\/v2\/product_brand?post=18066"},{"taxonomy":"product_cat","embeddable":true,"href":"https:\/\/flameguard.ee\/fi\/wp-json\/wp\/v2\/product_cat?post=18066"},{"taxonomy":"product_tag","embeddable":true,"href":"https:\/\/flameguard.ee\/fi\/wp-json\/wp\/v2\/product_tag?post=18066"}],"curies":[{"name":"wp","href":"https:\/\/api.w.org\/{rel}","templated":true}]}}