{"id":18079,"date":"2025-03-03T15:42:18","date_gmt":"2025-03-03T13:42:18","guid":{"rendered":"http:\/\/flameguard.ee.dedi7782.your-server.de\/?post_type=product&#038;p=18079"},"modified":"2025-03-11T09:55:08","modified_gmt":"2025-03-11T07:55:08","slug":"alfa-fireguard-3-matt","status":"publish","type":"product","link":"https:\/\/flameguard.ee\/fi\/product\/alfa-freguard-3-matto\/","title":{"rendered":"ALFA FREGUARD 3 maton"},"content":{"rendered":"<p>Tuote on teknisten vaatimusten mukainen ja tarjoaa tehokkaan suojan erilaisissa olosuhteissa ja olosuhteissa.<\/p>\n<p><a style=\"color: #fe312e;\" href=\"\/wp-content\/uploads\/2025\/03\/ALFA_FIREGUARD_3_TDS_EN_KO_2.0.pdf\" target=\"_blank\" rel=\"noopener\"><img decoding=\"async\" src=\"\/wp-content\/uploads\/2025\/02\/pdf-icon.webp\" \/> Tuotekortti<\/a><\/p>\n<p><a style=\"color: #fe312e;\" href=\"\/wp-content\/uploads\/2025\/03\/ETA-25-0029-of-16.01.2025-ALFA-FIREGUARD-3_EN.pdf\" target=\"_blank\" rel=\"noopener\"><img decoding=\"async\" src=\"\/wp-content\/uploads\/2025\/02\/pdf-icon.webp\" \/> Tuotekortti<\/a><\/p>","protected":false},"excerpt":{"rendered":"<p>ALFA FREGUARD 3 on joustava matto, joka on tarkoitettu suojaamaan metallisia ilmanvaihtokanavia palolta (standardin EN 1366\u20131 mukaisesti) ulkoisessa tulipalossa.<br \/>\nTuote koostuu kivivillatyynyst\u00e4, joka on kiinnitetty metalliverkkoon. Ulkopuoli on p\u00e4\u00e4llystetty lankavahvisteisella alumiinifoliolla, kun taas sis\u00e4puoli on p\u00e4\u00e4llystetty lasivillakankaalla, joka on k\u00e4sitelty ablatiivisella aineella.<br \/>\nKoska tyyny on paksuudeltaan vain 30 mm, se on helppo asentaa my\u00f6s kaareviin profiileihin eik\u00e4 kuormittaa tukitankoja, jotka on sertifioitu ilman lis\u00e4suojausta.<\/p>","protected":false},"featured_media":18080,"template":"","meta":[],"product_brand":[],"product_cat":[88],"product_tag":[],"class_list":{"0":"post-18079","1":"product","2":"type-product","3":"status-publish","4":"has-post-thumbnail","6":"product_cat-tuletokketooted","8":"first","9":"instock","10":"taxable","11":"shipping-taxable","12":"purchasable","13":"product-type-simple"},"_links":{"self":[{"href":"https:\/\/flameguard.ee\/fi\/wp-json\/wp\/v2\/product\/18079","targetHints":{"allow":["GET"]}}],"collection":[{"href":"https:\/\/flameguard.ee\/fi\/wp-json\/wp\/v2\/product"}],"about":[{"href":"https:\/\/flameguard.ee\/fi\/wp-json\/wp\/v2\/types\/product"}],"version-history":[{"count":2,"href":"https:\/\/flameguard.ee\/fi\/wp-json\/wp\/v2\/product\/18079\/revisions"}],"predecessor-version":[{"id":18095,"href":"https:\/\/flameguard.ee\/fi\/wp-json\/wp\/v2\/product\/18079\/revisions\/18095"}],"wp:featuredmedia":[{"embeddable":true,"href":"https:\/\/flameguard.ee\/fi\/wp-json\/wp\/v2\/media\/18080"}],"wp:attachment":[{"href":"https:\/\/flameguard.ee\/fi\/wp-json\/wp\/v2\/media?parent=18079"}],"wp:term":[{"taxonomy":"product_brand","embeddable":true,"href":"https:\/\/flameguard.ee\/fi\/wp-json\/wp\/v2\/product_brand?post=18079"},{"taxonomy":"product_cat","embeddable":true,"href":"https:\/\/flameguard.ee\/fi\/wp-json\/wp\/v2\/product_cat?post=18079"},{"taxonomy":"product_tag","embeddable":true,"href":"https:\/\/flameguard.ee\/fi\/wp-json\/wp\/v2\/product_tag?post=18079"}],"curies":[{"name":"wp","href":"https:\/\/api.w.org\/{rel}","templated":true}]}}