{"id":18134,"date":"2025-03-05T20:04:07","date_gmt":"2025-03-05T18:04:07","guid":{"rendered":"http:\/\/flameguard.ee.dedi7782.your-server.de\/?post_type=product&#038;p=18134"},"modified":"2025-03-07T18:33:17","modified_gmt":"2025-03-07T16:33:17","slug":"tulekahju-korral-tegutsemise-plaani-koostamine","status":"publish","type":"product","link":"https:\/\/flameguard.ee\/fi\/product\/palo-operaatiosuunnitelman-laatiminen\/","title":{"rendered":"Palontorjuntasuunnitelman laatiminen"},"content":{"rendered":"<p><b><span data-contrast=\"auto\">Miksi tilata palontorjuntasuunnitelma paloturvallisuusasiantuntijalta tai - asiantuntijalta?<\/span><\/b><span data-ccp-props=\"{}\">\u00a0<\/span><\/p>\n<p><span data-contrast=\"auto\">Flameguard-asiantuntijoilla on perusteellista tiet\u00e4myst\u00e4 ja kokemusta paloturvallisuudesta. Lains\u00e4\u00e4d\u00e4nt\u00f6 ja hyv\u00e4t k\u00e4yt\u00e4nn\u00f6t ovat aina muuttuvia, ja ilman kokemuksia suunnitelmien teksti on arvoton, jos sit\u00e4 ei toteuteta oikein tai jos riskej\u00e4 ei arvioida oikein. Otamme huomioon kunkin yrityksen erityispiirteet ja ymp\u00e4rist\u00f6n, jotka voivat vaikuttaa tulipalon sattuessa toteutettaviin toimiin.<\/span><span data-ccp-props=\"{}\">\u00a0<\/span><\/p>\n<p><span data-contrast=\"auto\">Meill\u00e4 on my\u00f6s kokemusta ulkomailla sijaitsevien rakennusten palontorjuntasuunnitelmien laatimisesta ja ty\u00f6ntekij\u00f6iden kouluttamisesta. Autamme l\u00f6yt\u00e4m\u00e4\u00e4n ratkaisuja ja ehk\u00e4isem\u00e4\u00e4n vaikeita tilanteita elokuvateollisuudessa, konserteissa, retkeilyss\u00e4, kiertoajeluissa, laivoissa\/huvipursissa.\u00a0<\/span><span data-ccp-props=\"{}\">\u00a0<\/span><\/p>","protected":false},"excerpt":{"rendered":"<p><span data-contrast=\"auto\">Palontorjuntasuunnitelma T<\/span><span data-contrast=\"auto\">se kertoo, miten turvallinen evakuointi voidaan toteuttaa. Lis\u00e4turvaa antaa tieto siit\u00e4, miss\u00e4 paloturvallisuuslaitteistot sijaitsevat ja miten ne toimivat.<\/span><span data-ccp-props=\"{}\">\u00a0<\/span><\/p>\n<p><span data-contrast=\"auto\">Palontorjuntasuunnitelmalla on pyritt\u00e4v\u00e4 varmistamaan ihmisten turvallisuus ja est\u00e4m\u00e4\u00e4n aineelliset vahingot tulipalon syttyess\u00e4, ja siin\u00e4 on kuvattava, miten vastuuhenkil\u00f6t voivat suorittaa turvallisen evakuoinnin. Suunnitelma on laadittava yrityksess\u00e4 tai laitoksessa, jolla on velvollisuus toimittaa itsetarkastuksia koskeva paloturvallisuusselvitys ja suorittaa paloturvallisuustarkastus. Suunnitelman laatimisesta vastaa rakennuttaja.<\/span><span data-ccp-props=\"{}\">\u00a0<\/span><\/p>\n<p><span data-contrast=\"auto\">Suunnitelma koostuu evakuointi- ja palontorjuntasuunnitelmasta ja - kaavioista, ja se muodostaa perustan palontorjuntaharjoituksen teorialle.<\/span><span data-ccp-props=\"{}\">\u00a0<\/span><\/p>\n<p><span data-contrast=\"auto\">Palontorjunnan asiantuntijat ja asiantuntijat antavat neuvoja kysymyksiss\u00e4 ja ongelmissa.<\/span><span data-ccp-props=\"{}\">\u00a0<\/span><\/p>\n<p><span data-contrast=\"auto\">Palvelun hintaan sis\u00e4ltyy tunnin mittainen konsultointi, ja lis\u00e4toimet kartoitetaan ja hinnoitellaan todellisen ty\u00f6m\u00e4\u00e4r\u00e4n mukaan.<\/span><span data-ccp-props=\"{}\">\u00a0<\/span><\/p>\n<p>&nbsp;<\/p>","protected":false},"featured_media":18455,"template":"","meta":[],"product_brand":[],"product_cat":[118],"product_tag":[],"class_list":{"0":"post-18134","1":"product","2":"type-product","3":"status-publish","4":"has-post-thumbnail","6":"product_cat-tuleohutus","8":"first","9":"instock","10":"taxable","11":"shipping-taxable","12":"purchasable","13":"product-type-simple"},"_links":{"self":[{"href":"https:\/\/flameguard.ee\/fi\/wp-json\/wp\/v2\/product\/18134","targetHints":{"allow":["GET"]}}],"collection":[{"href":"https:\/\/flameguard.ee\/fi\/wp-json\/wp\/v2\/product"}],"about":[{"href":"https:\/\/flameguard.ee\/fi\/wp-json\/wp\/v2\/types\/product"}],"version-history":[{"count":1,"href":"https:\/\/flameguard.ee\/fi\/wp-json\/wp\/v2\/product\/18134\/revisions"}],"predecessor-version":[{"id":18139,"href":"https:\/\/flameguard.ee\/fi\/wp-json\/wp\/v2\/product\/18134\/revisions\/18139"}],"wp:featuredmedia":[{"embeddable":true,"href":"https:\/\/flameguard.ee\/fi\/wp-json\/wp\/v2\/media\/18455"}],"wp:attachment":[{"href":"https:\/\/flameguard.ee\/fi\/wp-json\/wp\/v2\/media?parent=18134"}],"wp:term":[{"taxonomy":"product_brand","embeddable":true,"href":"https:\/\/flameguard.ee\/fi\/wp-json\/wp\/v2\/product_brand?post=18134"},{"taxonomy":"product_cat","embeddable":true,"href":"https:\/\/flameguard.ee\/fi\/wp-json\/wp\/v2\/product_cat?post=18134"},{"taxonomy":"product_tag","embeddable":true,"href":"https:\/\/flameguard.ee\/fi\/wp-json\/wp\/v2\/product_tag?post=18134"}],"curies":[{"name":"wp","href":"https:\/\/api.w.org\/{rel}","templated":true}]}}