{"id":18148,"date":"2025-03-05T20:21:28","date_gmt":"2025-03-05T18:21:28","guid":{"rendered":"http:\/\/flameguard.ee.dedi7782.your-server.de\/?post_type=product&#038;p=18148"},"modified":"2025-03-07T18:43:40","modified_gmt":"2025-03-07T16:43:40","slug":"tulekahju-ja-evakuatsioonioppus-2","status":"publish","type":"product","link":"https:\/\/flameguard.ee\/fi\/product\/palo-ja-evakuointioppus-2\/","title":{"rendered":"Palo- ja evakuointiharjoitus"},"content":{"rendered":"<p><span data-contrast=\"auto\">Paloharjoitus jakautuu suurelta osin nelj\u00e4\u00e4n osaan:<\/span><span data-ccp-props=\"{}\">\u00a0<\/span><\/p>\n<p><b><span data-contrast=\"auto\">1. Paloharjoituksia koskevat vaatimukset<\/span><\/b><span data-ccp-props=\"{}\">\u00a0<\/span><\/p>\n<p><span data-contrast=\"auto\">Paloharjoituksella pyrit\u00e4\u00e4n varmistamaan evakuointi- ja paloharjoituksiin liittyv\u00e4t tiedot ja taidot sek\u00e4 arvioimaan suunnitelman soveltuvuutta ja ty\u00f6ntekij\u00f6iden kyky\u00e4 toimia asianmukaisesti. Harjoitus on suoritettava v\u00e4hint\u00e4\u00e4n kerran vuodessa, ja sen j\u00e4rjest\u00e4minen on kuljettajan vastuulla. Jos rakennuksia k\u00e4ytt\u00e4v\u00e4t useat laitokset tai yritykset, j\u00e4rjestet\u00e4\u00e4n yhteinen harjoitus, mutta teoriakoulutus voi vaihdella, jos rakennusten osien k\u00e4ytt\u00f6tarkoitukset tai riskit ovat erilaiset.<\/span><span data-ccp-props=\"{}\">\u00a0<\/span><\/p>\n<p><b><span data-contrast=\"auto\">2. Paloharjoitusten legenda ja niihin osallistuminen<\/span><\/b><span data-ccp-props=\"{}\">\u00a0<\/span><\/p>\n<p><span data-contrast=\"auto\">Harjoitukselle on laadittava legenda, jossa on paloskenaario. Palon sijainti, laajuus ja harjoitellun suunnitelman osa on m\u00e4\u00e4ritett\u00e4v\u00e4. Kaikki ty\u00f6ntekij\u00e4t osallistuvat, mutta jos kukaan ei voi osallistua, suoritetaan uusintaharjoitus tai henkil\u00f6kohtainen ohjaus. Jos mukana on pelastuskeskus tai h\u00e4t\u00e4keskus, harjoituksesta on sovittava etuk\u00e4teen heid\u00e4n kanssaan.<\/span><span data-ccp-props=\"{}\">\u00a0<\/span><\/p>\n<p><b><span data-contrast=\"auto\">3. Paloharjoitusten j\u00e4rjest\u00e4minen<\/span><\/b><span data-ccp-props=\"{}\">\u00a0<\/span><\/p>\n<p><span data-contrast=\"auto\">Harjoitus koostuu teoreettisesta ja k\u00e4yt\u00e4nn\u00f6llisest\u00e4 osasta. Teoriassa on annettava paloturvallisuusohjeita riskialueiden ja palontorjuntasuunnitelman mukaisesti. K\u00e4yt\u00e4nn\u00f6n osassa simuloidaan palotilannetta ja harjoitellaan k\u00e4yt\u00e4nn\u00f6n evakuointia tai mahdollisia pelastustoimia sek\u00e4 palontorjuntalaitteistojen k\u00e4ytt\u00f6\u00e4.\u00a0<\/span><span data-ccp-props=\"{}\">\u00a0<\/span><\/p>\n<p><b><span data-contrast=\"auto\">4. Kirjallinen yhteenveto tulipaloharjoituksesta<\/span><\/b><span data-ccp-props=\"{}\">\u00a0<\/span><\/p>\n<p><span data-contrast=\"auto\">Harjoituksesta on laadittava kuukauden kuluessa kirjallinen tiivistelm\u00e4, jossa k\u00e4sitell\u00e4\u00e4n tosiseikkoja, tosiseikkoja, tavoitteiden saavuttamista ja ehdotuksia. Tiivistelm\u00e4ss\u00e4 esitet\u00e4\u00e4n suunnitelman puutteet ja toimenpiteet niiden korjaamiseksi. Asiakirja on s\u00e4ilytett\u00e4v\u00e4 viiden vuoden ajan, ja se on annettava tiedoksi henkil\u00f6st\u00f6lle kuukauden kuluessa.<\/span><span data-ccp-props=\"{}\">\u00a0<\/span><\/p>\n<p>&nbsp;<\/p>","protected":false},"excerpt":{"rendered":"<p><span data-contrast=\"auto\">Palo- ja evakuointiharjoitukset tarjoavat osallistujille k\u00e4yt\u00e4nn\u00f6n taitoja, jotka voidaan toteuttaa v\u00e4litt\u00f6m\u00e4sti ja jotka ovat saaneet asiakkailta paljon my\u00f6nteist\u00e4 palautetta. Palontorjuntasuunnitelmaan perustuva koulutus, jossa t\u00e4m\u00e4 tiet\u00e4mys on k\u00e4yt\u00e4nn\u00f6ss\u00e4 k\u00e4ytett\u00e4viss\u00e4, on arvioitu ja sit\u00e4 tarvitaan turvallisuuden varmistamiseksi.<\/span><span data-ccp-props=\"{}\">\u00a0<\/span><\/p>\n<p><a href=\"https:\/\/www.riigiteataja.ee\/akt\/13314859\"><b><span data-contrast=\"none\">Paloturvallisuuslain<\/span><\/b><\/a><span data-contrast=\"auto\">lain 6 \u00a7:n 3 momentin mukaan omistajan, jolla on velvollisuus esitt\u00e4\u00e4 paloturvallisuusselvitys ja suorittaa palotarkastus, on j\u00e4rjestett\u00e4v\u00e4 vuosittain evakuointi- ja palontorjuntaharjoitus. Evakuointi- ja paloharjoituksen yhteydess\u00e4:<\/span><span data-ccp-props=\"{}\">\u00a0<\/span><\/p>\n<ul>\n<li data-leveltext=\"\uf0b7\" data-font=\"Symbol\" data-listid=\"3\" data-list-defn-props=\"{&quot;335552541&quot;:1,&quot;335559685&quot;:720,&quot;335559991&quot;:360,&quot;469769226&quot;:&quot;Symbol&quot;,&quot;469769242&quot;:[8226],&quot;469777803&quot;:&quot;left&quot;,&quot;469777804&quot;:&quot;\uf0b7&quot;,&quot;469777815&quot;:&quot;hybridMultilevel&quot;}\" aria-setsize=\"-1\" data-aria-posinset=\"1\" data-aria-level=\"1\"><span data-contrast=\"auto\">Simuloidaan todellista tulipaloa;<\/span><span data-ccp-props=\"{}\">\u00a0<\/span><\/li>\n<\/ul>\n<ul>\n<li data-leveltext=\"\uf0b7\" data-font=\"Symbol\" data-listid=\"3\" data-list-defn-props=\"{&quot;335552541&quot;:1,&quot;335559685&quot;:720,&quot;335559991&quot;:360,&quot;469769226&quot;:&quot;Symbol&quot;,&quot;469769242&quot;:[8226],&quot;469777803&quot;:&quot;left&quot;,&quot;469777804&quot;:&quot;\uf0b7&quot;,&quot;469777815&quot;:&quot;hybridMultilevel&quot;}\" aria-setsize=\"-1\" data-aria-posinset=\"2\" data-aria-level=\"1\"><span data-contrast=\"auto\">Harjoitellaan toimia, jotka auttavat selviytym\u00e4\u00e4n vaaratilanteista.<\/span><span data-ccp-props=\"{}\">\u00a0<\/span><\/li>\n<\/ul>\n<p><strong>Palontorjunnan asiantuntijat ja asiantuntijat antavat neuvoja kysymyksiss\u00e4 ja ongelmissa.\u00a0<\/strong><\/p>\n<p><strong>Palvelun hintaan sis\u00e4ltyy tunnin mittainen konsultointi, ja lis\u00e4toimet kartoitetaan ja hinnoitellaan todellisen ty\u00f6m\u00e4\u00e4r\u00e4n mukaan.\u00a0<\/strong><\/p>\n<p>&nbsp;<\/p>","protected":false},"featured_media":18137,"template":"","meta":[],"product_brand":[],"product_cat":[124,118],"product_tag":[],"class_list":{"0":"post-18148","1":"product","2":"type-product","3":"status-publish","4":"has-post-thumbnail","6":"product_cat-koolitamine","7":"product_cat-tuleohutus","9":"first","10":"instock","11":"taxable","12":"shipping-taxable","13":"purchasable","14":"product-type-simple"},"_links":{"self":[{"href":"https:\/\/flameguard.ee\/fi\/wp-json\/wp\/v2\/product\/18148","targetHints":{"allow":["GET"]}}],"collection":[{"href":"https:\/\/flameguard.ee\/fi\/wp-json\/wp\/v2\/product"}],"about":[{"href":"https:\/\/flameguard.ee\/fi\/wp-json\/wp\/v2\/types\/product"}],"version-history":[{"count":2,"href":"https:\/\/flameguard.ee\/fi\/wp-json\/wp\/v2\/product\/18148\/revisions"}],"predecessor-version":[{"id":18469,"href":"https:\/\/flameguard.ee\/fi\/wp-json\/wp\/v2\/product\/18148\/revisions\/18469"}],"wp:featuredmedia":[{"embeddable":true,"href":"https:\/\/flameguard.ee\/fi\/wp-json\/wp\/v2\/media\/18137"}],"wp:attachment":[{"href":"https:\/\/flameguard.ee\/fi\/wp-json\/wp\/v2\/media?parent=18148"}],"wp:term":[{"taxonomy":"product_brand","embeddable":true,"href":"https:\/\/flameguard.ee\/fi\/wp-json\/wp\/v2\/product_brand?post=18148"},{"taxonomy":"product_cat","embeddable":true,"href":"https:\/\/flameguard.ee\/fi\/wp-json\/wp\/v2\/product_cat?post=18148"},{"taxonomy":"product_tag","embeddable":true,"href":"https:\/\/flameguard.ee\/fi\/wp-json\/wp\/v2\/product_tag?post=18148"}],"curies":[{"name":"wp","href":"https:\/\/api.w.org\/{rel}","templated":true}]}}