{"id":18152,"date":"2025-03-05T20:25:13","date_gmt":"2025-03-05T18:25:13","guid":{"rendered":"http:\/\/flameguard.ee.dedi7782.your-server.de\/?post_type=product&#038;p=18152"},"modified":"2025-03-07T18:42:44","modified_gmt":"2025-03-07T16:42:44","slug":"operatiivkaart","status":"publish","type":"product","link":"https:\/\/flameguard.ee\/fi\/product\/operatiivinen-kortti\/","title":{"rendered":"Operatiivinen kortti"},"content":{"rendered":"<p><span data-contrast=\"auto\">Toimintakortti voidaan esitt\u00e4\u00e4<\/span><b><span data-contrast=\"auto\">\u202f<\/span><\/b><a href=\"https:\/\/ohutusportaal.paasteamet.ee\/\" target=\"_blank\" rel=\"noopener\"><b><span data-contrast=\"none\">itsepalveluymp\u00e4rist\u00f6ss\u00e4<\/span><\/b><\/a><b><span data-contrast=\"auto\">.<\/span><\/b><span data-ccp-props=\"{}\">\u00a0<\/span><\/p>\n<p><span data-contrast=\"auto\">Toimintakortti on toimitettava rakennuksesta:<\/span><span data-ccp-props=\"{}\">\u00a0<\/span><\/p>\n<ul>\n<li data-leveltext=\"\uf0b7\" data-font=\"Symbol\" data-listid=\"1\" data-list-defn-props=\"{&quot;335552541&quot;:1,&quot;335559685&quot;:720,&quot;335559991&quot;:360,&quot;469769226&quot;:&quot;Symbol&quot;,&quot;469769242&quot;:[8226],&quot;469777803&quot;:&quot;left&quot;,&quot;469777804&quot;:&quot;\uf0b7&quot;,&quot;469777815&quot;:&quot;multilevel&quot;}\" aria-setsize=\"-1\" data-aria-posinset=\"1\" data-aria-level=\"1\"><span data-contrast=\"auto\">pitopaikassa, jolla on velvollisuus toimittaa itsetarkastuksia koskeva paloturvallisuusselvitys;<\/span><span data-ccp-props=\"{}\">\u00a0<\/span><\/li>\n<\/ul>\n<ul>\n<li data-leveltext=\"\uf0b7\" data-font=\"Symbol\" data-listid=\"1\" data-list-defn-props=\"{&quot;335552541&quot;:1,&quot;335559685&quot;:720,&quot;335559991&quot;:360,&quot;469769226&quot;:&quot;Symbol&quot;,&quot;469769242&quot;:[8226],&quot;469777803&quot;:&quot;left&quot;,&quot;469777804&quot;:&quot;\uf0b7&quot;,&quot;469777815&quot;:&quot;multilevel&quot;}\" aria-setsize=\"-1\" data-aria-posinset=\"2\" data-aria-level=\"1\"><span data-contrast=\"auto\">v\u00e4hint\u00e4\u00e4n 10-kerroksisesta rakennuksesta;<\/span><span data-ccp-props=\"{}\">\u00a0<\/span><\/li>\n<\/ul>\n<ul>\n<li data-leveltext=\"\uf0b7\" data-font=\"Symbol\" data-listid=\"1\" data-list-defn-props=\"{&quot;335552541&quot;:1,&quot;335559685&quot;:720,&quot;335559991&quot;:360,&quot;469769226&quot;:&quot;Symbol&quot;,&quot;469769242&quot;:[8226],&quot;469777803&quot;:&quot;left&quot;,&quot;469777804&quot;:&quot;\uf0b7&quot;,&quot;469777815&quot;:&quot;multilevel&quot;}\" aria-setsize=\"-1\" data-aria-posinset=\"3\" data-aria-level=\"1\"><span data-contrast=\"auto\">arvokkaasta rakennuksesta;<\/span><span data-ccp-props=\"{}\">\u00a0<\/span><\/li>\n<\/ul>\n<ul>\n<li data-leveltext=\"\uf0b7\" data-font=\"Symbol\" data-listid=\"1\" data-list-defn-props=\"{&quot;335552541&quot;:1,&quot;335559685&quot;:720,&quot;335559991&quot;:360,&quot;469769226&quot;:&quot;Symbol&quot;,&quot;469769242&quot;:[8226],&quot;469777803&quot;:&quot;left&quot;,&quot;469777804&quot;:&quot;\uf0b7&quot;,&quot;469777815&quot;:&quot;multilevel&quot;}\" aria-setsize=\"-1\" data-aria-posinset=\"4\" data-aria-level=\"1\"><span data-contrast=\"auto\">rakennuksesta, jossa on muistomerkkej\u00e4.<\/span><span data-ccp-props=\"{}\">\u00a0<\/span><\/li>\n<\/ul>\n<p><span data-contrast=\"auto\">Toimintakortin kriteereist\u00e4 s\u00e4\u00e4det\u00e4\u00e4n kansallisessa virallisessa lehdess\u00e4 helposti l\u00f6ydett\u00e4viss\u00e4 olevassa talous- ja infrastruktuuriministerin asetuksessa, jonka otsikko on \u201drakennusdokumentointia, rakennusasiakirjojen s\u00e4ilytt\u00e4mist\u00e4 ja toimittamista sek\u00e4 huolto-ohjeita, niiden s\u00e4ilytt\u00e4mist\u00e4 ja esitt\u00e4mist\u00e4 koskevat vaatimukset\u201d.<\/span><span data-ccp-props=\"{}\">\u00a0<\/span><\/p>\n<p><span data-contrast=\"auto\">Tarkemmista perusteista s\u00e4\u00e4det\u00e4\u00e4n sis\u00e4asiainministerin asetuksessa, jonka otsikko on \u201dRakennusten paloturvallisuusvaatimukset ja palontorjunnan vesihuoltoa koskevat vaatimukset\u201d. Kyseisen asetuksen liitteess\u00e4 9 vahvistetaan toimintakortin malli.<\/span><span data-ccp-props=\"{}\">\u00a0<\/span><\/p>\n<p><span data-contrast=\"auto\">Toimintakortin esitt\u00e4mist\u00e4 koskevat ohjeet ja mallit:<\/span><span data-ccp-props=\"{}\">\u00a0<\/span><\/p>\n<ul>\n<li data-leveltext=\"\uf0b7\" data-font=\"Symbol\" data-listid=\"2\" data-list-defn-props=\"{&quot;335552541&quot;:1,&quot;335559685&quot;:720,&quot;335559991&quot;:360,&quot;469769226&quot;:&quot;Symbol&quot;,&quot;469769242&quot;:[8226],&quot;469777803&quot;:&quot;left&quot;,&quot;469777804&quot;:&quot;\uf0b7&quot;,&quot;469777815&quot;:&quot;multilevel&quot;}\" aria-setsize=\"-1\" data-aria-posinset=\"1\" data-aria-level=\"1\"><a href=\"https:\/\/www.rescue.ee\/files\/2019-03\/operatiivkaardi-koostamise-juhend-2019.pdf?f355372656\" target=\"_blank\" rel=\"noopener\"><b><span data-contrast=\"none\">Toimintakortin laatimisopas<\/span><\/b><\/a><span data-ccp-props=\"{}\">\u00a0<\/span><\/li>\n<\/ul>\n<ul>\n<li data-leveltext=\"\uf0b7\" data-font=\"Symbol\" data-listid=\"2\" data-list-defn-props=\"{&quot;335552541&quot;:1,&quot;335559685&quot;:720,&quot;335559991&quot;:360,&quot;469769226&quot;:&quot;Symbol&quot;,&quot;469769242&quot;:[8226],&quot;469777803&quot;:&quot;left&quot;,&quot;469777804&quot;:&quot;\uf0b7&quot;,&quot;469777815&quot;:&quot;multilevel&quot;}\" aria-setsize=\"-1\" data-aria-posinset=\"2\" data-aria-level=\"1\"><a href=\"https:\/\/www.rescue.ee\/files\/2018-09\/hoone-operatiivkaardi-vorm.docx?9f52034469\" target=\"_blank\" rel=\"noopener\"><b><span data-contrast=\"none\">Toimintokortin lomake<\/span><\/b><\/a><span data-ccp-props=\"{}\">\u00a0<\/span><\/li>\n<\/ul>\n<p>&nbsp;<\/p>","protected":false},"excerpt":{"rendered":"<p><span data-contrast=\"auto\">\u201dToimintakortilla\u201d tarkoitetaan henkil\u00f6n velvollisuutta laatia toimintakortti hallussaan olevasta rakennuksesta. Toimintakortin on oltava tiivis n\u00e4kym\u00e4 rakennuksen teknisist\u00e4 tiedoista, rakennuksen sis\u00e4ll\u00e4 olevista palontorjuntalaitteistoista ja muista olennaisista seikoista, joiden avulla pelastusryhm\u00e4 voi ratkaista tapahtuman. K\u00e4ytt\u00f6turvallisuustiedotteen toimittaminen on rakennuttajan vastuulla. Jos omistajia on useita, rakennuksen omistajan on nimett\u00e4v\u00e4 operatiivisen kartan laatimisesta ja esitt\u00e4misest\u00e4 vastaava henkil\u00f6, joka laatii ja toimittaa kyseist\u00e4 rakennusta koskevan operatiivisen kartan alueelliselle pelastuskeskukselle. L\u00e4hetetyn operatiivisen kartan alueellinen pelastuskeskus tarkistaa ja ottaa tarvittaessa yhteytt\u00e4 operatiivisen kartan toimittajaan. Jos operaatiosuunnitelma toimii, alueellinen pelastuskeskus koordinoi operaatiosuunnitelman.<\/span><span data-ccp-props=\"{}\">\u00a0<\/span><\/p>\n<p><strong>Palontorjunnan asiantuntijat ja asiantuntijat antavat neuvoja kysymyksiss\u00e4 ja ongelmissa.\u00a0<\/strong><\/p>\n<p><strong>Palvelun hintaan sis\u00e4ltyy tunnin mittainen konsultointi, ja lis\u00e4toimet kartoitetaan ja hinnoitellaan todellisen ty\u00f6m\u00e4\u00e4r\u00e4n mukaan.\u00a0<\/strong><\/p>\n<p>&nbsp;<\/p>","protected":false},"featured_media":18453,"template":"","meta":[],"product_brand":[],"product_cat":[118],"product_tag":[],"class_list":{"0":"post-18152","1":"product","2":"type-product","3":"status-publish","4":"has-post-thumbnail","6":"product_cat-tuleohutus","8":"first","9":"instock","10":"taxable","11":"shipping-taxable","12":"purchasable","13":"product-type-simple"},"_links":{"self":[{"href":"https:\/\/flameguard.ee\/fi\/wp-json\/wp\/v2\/product\/18152","targetHints":{"allow":["GET"]}}],"collection":[{"href":"https:\/\/flameguard.ee\/fi\/wp-json\/wp\/v2\/product"}],"about":[{"href":"https:\/\/flameguard.ee\/fi\/wp-json\/wp\/v2\/types\/product"}],"version-history":[{"count":2,"href":"https:\/\/flameguard.ee\/fi\/wp-json\/wp\/v2\/product\/18152\/revisions"}],"predecessor-version":[{"id":18468,"href":"https:\/\/flameguard.ee\/fi\/wp-json\/wp\/v2\/product\/18152\/revisions\/18468"}],"wp:featuredmedia":[{"embeddable":true,"href":"https:\/\/flameguard.ee\/fi\/wp-json\/wp\/v2\/media\/18453"}],"wp:attachment":[{"href":"https:\/\/flameguard.ee\/fi\/wp-json\/wp\/v2\/media?parent=18152"}],"wp:term":[{"taxonomy":"product_brand","embeddable":true,"href":"https:\/\/flameguard.ee\/fi\/wp-json\/wp\/v2\/product_brand?post=18152"},{"taxonomy":"product_cat","embeddable":true,"href":"https:\/\/flameguard.ee\/fi\/wp-json\/wp\/v2\/product_cat?post=18152"},{"taxonomy":"product_tag","embeddable":true,"href":"https:\/\/flameguard.ee\/fi\/wp-json\/wp\/v2\/product_tag?post=18152"}],"curies":[{"name":"wp","href":"https:\/\/api.w.org\/{rel}","templated":true}]}}