{"id":18154,"date":"2025-03-05T20:26:25","date_gmt":"2025-03-05T18:26:25","guid":{"rendered":"http:\/\/flameguard.ee.dedi7782.your-server.de\/?post_type=product&#038;p=18154"},"modified":"2025-03-07T18:41:52","modified_gmt":"2025-03-07T16:41:52","slug":"ohutusaruande-kooskolastamine","status":"publish","type":"product","link":"https:\/\/flameguard.ee\/fi\/product\/turvallisuuskatsauksen-yhteisarviointi\/","title":{"rendered":"Turvallisuusraportin koordinointi"},"content":{"rendered":"<p><span data-contrast=\"auto\">Turvallisuusraportin laatimista koskevat ohjeet:<\/span><span data-ccp-props=\"{}\">\u00a0<\/span><\/p>\n<ul>\n<li data-leveltext=\"\uf0b7\" data-font=\"Symbol\" data-listid=\"1\" data-list-defn-props=\"{&quot;335552541&quot;:1,&quot;335559685&quot;:720,&quot;335559991&quot;:360,&quot;469769226&quot;:&quot;Symbol&quot;,&quot;469769242&quot;:[8226],&quot;469777803&quot;:&quot;left&quot;,&quot;469777804&quot;:&quot;\uf0b7&quot;,&quot;469777815&quot;:&quot;multilevel&quot;}\" aria-setsize=\"-1\" data-aria-posinset=\"1\" data-aria-level=\"1\"><span data-contrast=\"auto\">Pelastusviraston ja kuluttajansuoja- ja<\/span><a href=\"https:\/\/www.rescue.ee\/files\/Materjalid\/2024.12-27digi-juhis-kemikaaliseadusest-tuleneva-riskianalueuesi-kohta.pdf?0a0ad6dc67\" target=\"_blank\" rel=\"noopener\"><span data-contrast=\"none\">ohje<\/span><\/a><span data-contrast=\"auto\">kemikaalilains\u00e4\u00e4d\u00e4nt\u00f6\u00f6n perustuvasta riskianalyysist\u00e4<\/span><span data-ccp-props=\"{}\">\u00a0<\/span><\/li>\n<\/ul>\n<ul>\n<li data-leveltext=\"\uf0b7\" data-font=\"Symbol\" data-listid=\"1\" data-list-defn-props=\"{&quot;335552541&quot;:1,&quot;335559685&quot;:720,&quot;335559991&quot;:360,&quot;469769226&quot;:&quot;Symbol&quot;,&quot;469769242&quot;:[8226],&quot;469777803&quot;:&quot;left&quot;,&quot;469777804&quot;:&quot;\uf0b7&quot;,&quot;469777815&quot;:&quot;multilevel&quot;}\" aria-setsize=\"-1\" data-aria-posinset=\"2\" data-aria-level=\"1\"><a href=\"https:\/\/www.rescue.ee\/files\/Materjalid\/2024.12-27digi-juhis-kemikaaliseadusest-tuleneva-riskianalueuesi-kohta.pdf?0a0ad6dc67\" target=\"_blank\" rel=\"noopener\"><span data-contrast=\"none\">apuv\u00e4lineet<\/span><\/a><span data-contrast=\"auto\">kemikaalilains\u00e4\u00e4d\u00e4nn\u00f6n mukaisen riskinarvioinnin pakollisista osista.<\/span><span data-ccp-props=\"{}\">\u00a0<\/span><\/li>\n<\/ul>\n<ul>\n<li data-leveltext=\"\uf0b7\" data-font=\"Symbol\" data-listid=\"1\" data-list-defn-props=\"{&quot;335552541&quot;:1,&quot;335559685&quot;:720,&quot;335559991&quot;:360,&quot;469769226&quot;:&quot;Symbol&quot;,&quot;469769242&quot;:[8226],&quot;469777803&quot;:&quot;left&quot;,&quot;469777804&quot;:&quot;\uf0b7&quot;,&quot;469777815&quot;:&quot;multilevel&quot;}\" aria-setsize=\"-1\" data-aria-posinset=\"3\" data-aria-level=\"1\"><span data-contrast=\"auto\">Kemikaalin pitoisuusarvot m\u00e4\u00e4ritet\u00e4\u00e4n kirjallisuudesta ja tietokannoista saatujen tietojen perusteella kunkin kemikaalin osalta erikseen. Kemikaaleja koskevat yleisemm\u00e4t pitoisuusarvot ilmoitetaan Pelastusviranomaisen<\/span><a href=\"https:\/\/www.rescue.ee\/files\/2018-11\/16-12-05-kemikaalide-kontsentratsioonid.pdf?e31d8bb25d\" target=\"_blank\" rel=\"noopener\"><span data-contrast=\"none\">ohjemateriaalissa<\/span><\/a><span data-contrast=\"auto\">.<\/span><span data-ccp-props=\"{}\">\u00a0<\/span><\/li>\n<\/ul>\n<ul>\n<li data-leveltext=\"\uf0b7\" data-font=\"Symbol\" data-listid=\"1\" data-list-defn-props=\"{&quot;335552541&quot;:1,&quot;335559685&quot;:720,&quot;335559991&quot;:360,&quot;469769226&quot;:&quot;Symbol&quot;,&quot;469769242&quot;:[8226],&quot;469777803&quot;:&quot;left&quot;,&quot;469777804&quot;:&quot;\uf0b7&quot;,&quot;469777815&quot;:&quot;multilevel&quot;}\" aria-setsize=\"-1\" data-aria-posinset=\"4\" data-aria-level=\"1\"><span data-contrast=\"auto\">Dominoefektien<\/span><a href=\"https:\/\/www.rescue.ee\/files\/2018-10\/18-10-01-doominoefektide-hindamise-juhend.pdf?ea414503a0\" target=\"_blank\" rel=\"noopener\"><span data-contrast=\"none\">arviointiopas<\/span><\/a><span data-contrast=\"auto\">yrityksille.<\/span><span data-ccp-props=\"{}\">\u00a0<\/span><\/li>\n<\/ul>\n<p><span data-contrast=\"auto\">Ks. my\u00f6s kuluttajansuoja- ja<\/span><a href=\"https:\/\/www.ttja.ee\/ariklient\/ohutus\/ainete-kaitlemine\/kemikaalide-kaitlemine-0%22%20\/l%20%22juhendid-ettevtjale\" target=\"_blank\" rel=\"noopener\"><span data-contrast=\"none\">ohjeita<\/span><\/a><span data-contrast=\"auto\">ja JVIS-asiakirjojen toimittamisen<\/span><a href=\"https:\/\/www.rescue.ee\/et\/jvis-kaudu-dokumentide-esitamine\" target=\"_blank\" rel=\"noopener\"><span data-contrast=\"none\">ohjeita<\/span><\/a><span data-contrast=\"auto\">.<\/span><span data-ccp-props=\"{}\">\u00a0<\/span><\/p>\n<p>&nbsp;<\/p>","protected":false},"excerpt":{"rendered":"<p><span data-contrast=\"auto\">Kemikaalilain mukaan turvallisuusselvitys on pakollinen asiakirja luokan A suuronnettomuusvaaroista k\u00e4rsiville yrityksille. Kertomukseen on sis\u00e4llytt\u00e4v\u00e4 riskinarviointi.<\/span><span data-ccp-props=\"{}\">\u00a0<\/span><\/p>\n<p><span data-contrast=\"auto\">Yhti\u00f6n turvallisuusselvityst\u00e4 koskevat vaatimukset esitet\u00e4\u00e4n talous- ja infrastruktuuriministerin<\/span><a href=\"https:\/\/www.riigiteataja.ee\/akt\/119022019018#para4\"><span data-contrast=\"none\">.2016 annetussa asetuksessa 18\u201d Vaarallisten ja suuronnettomuuden vaarantavien yritysten pakollisia asiakirjoja ja niiden laatimista sek\u00e4 yleis\u00f6lle tiedottamista ja suuronnettomuuksista ilmoittamista koskevat vaatimukset<\/span><span data-contrast=\"none\">1<\/span><span data-contrast=\"none\">\u201d 4 \u00a7:ss\u00e4<\/span><\/a><span data-contrast=\"auto\">.<\/span><span data-ccp-props=\"{}\">\u00a0<\/span><\/p>\n<p><span data-contrast=\"auto\">Toiminnanharjoittajan on toimitettava turvallisuusselvitys koordinoitavaksi Kuluttajansuoja- ja teknisest\u00e4 valvonnasta vastaavalle virastolle, joka toimittaa sen pelastusvirastolle. Kuluttajansuoja- ja teknisest\u00e4 valvonnasta vastaava virasto koordinoi turvallisuusraportin yhteisty\u00f6ss\u00e4 pelastusviraston kanssa. Analyysi koordinoidaan Pelastusviraston turvallisuusvalvontaviraston tarkastajan kanssa.<\/span><span data-ccp-props=\"{}\">\u00a0<\/span><\/p>\n<p><strong>Palontorjunnan asiantuntijat ja asiantuntijat antavat neuvoja kysymyksiss\u00e4 ja ongelmissa.\u00a0<\/strong><\/p>\n<p><strong>Palvelun hintaan sis\u00e4ltyy tunnin mittainen konsultointi, ja lis\u00e4toimet kartoitetaan ja hinnoitellaan todellisen ty\u00f6m\u00e4\u00e4r\u00e4n mukaan.\u00a0<\/strong><\/p>\n<p>&nbsp;<\/p>","protected":false},"featured_media":18141,"template":"","meta":[],"product_brand":[],"product_cat":[118],"product_tag":[],"class_list":{"0":"post-18154","1":"product","2":"type-product","3":"status-publish","4":"has-post-thumbnail","6":"product_cat-tuleohutus","8":"first","9":"instock","10":"taxable","11":"shipping-taxable","12":"purchasable","13":"product-type-simple"},"_links":{"self":[{"href":"https:\/\/flameguard.ee\/fi\/wp-json\/wp\/v2\/product\/18154","targetHints":{"allow":["GET"]}}],"collection":[{"href":"https:\/\/flameguard.ee\/fi\/wp-json\/wp\/v2\/product"}],"about":[{"href":"https:\/\/flameguard.ee\/fi\/wp-json\/wp\/v2\/types\/product"}],"version-history":[{"count":2,"href":"https:\/\/flameguard.ee\/fi\/wp-json\/wp\/v2\/product\/18154\/revisions"}],"predecessor-version":[{"id":18467,"href":"https:\/\/flameguard.ee\/fi\/wp-json\/wp\/v2\/product\/18154\/revisions\/18467"}],"wp:featuredmedia":[{"embeddable":true,"href":"https:\/\/flameguard.ee\/fi\/wp-json\/wp\/v2\/media\/18141"}],"wp:attachment":[{"href":"https:\/\/flameguard.ee\/fi\/wp-json\/wp\/v2\/media?parent=18154"}],"wp:term":[{"taxonomy":"product_brand","embeddable":true,"href":"https:\/\/flameguard.ee\/fi\/wp-json\/wp\/v2\/product_brand?post=18154"},{"taxonomy":"product_cat","embeddable":true,"href":"https:\/\/flameguard.ee\/fi\/wp-json\/wp\/v2\/product_cat?post=18154"},{"taxonomy":"product_tag","embeddable":true,"href":"https:\/\/flameguard.ee\/fi\/wp-json\/wp\/v2\/product_tag?post=18154"}],"curies":[{"name":"wp","href":"https:\/\/api.w.org\/{rel}","templated":true}]}}