{"id":18182,"date":"2025-03-06T09:14:55","date_gmt":"2025-03-06T07:14:55","guid":{"rendered":"http:\/\/flameguard.ee.dedi7782.your-server.de\/?post_type=product&#038;p=18182"},"modified":"2025-03-06T22:12:02","modified_gmt":"2025-03-06T20:12:02","slug":"tuletokkekardinad","status":"publish","type":"product","link":"https:\/\/flameguard.ee\/fi\/product\/palosuojaverhot\/","title":{"rendered":"Palosuojaverhot"},"content":{"rendered":"<p><strong>Palontorjuntaverhot voidaan luokitella palonkest\u00e4vyysominaisuuksien perusteella seuraavasti:<\/strong><\/p>\n<p><img decoding=\"async\" class=\"alignnone size-full wp-image-18276\" src=\"https:\/\/flameguard.ee\/wp-content\/uploads\/2025\/03\/hgttrr.jpg\" alt=\"\" width=\"329\" height=\"120\" srcset=\"https:\/\/flameguard.ee\/wp-content\/uploads\/2025\/03\/hgttrr.jpg 329w, https:\/\/flameguard.ee\/wp-content\/uploads\/2025\/03\/hgttrr-150x55.jpg 150w\" sizes=\"(max-width: 329px) 100vw, 329px\" \/><\/p>\n<ul>\n<li>Luokan E palontorjuntaverhot, jotka est\u00e4v\u00e4t liekin ja kuumien kaasujen levi\u00e4misen mutta eiv\u00e4t rajoita l\u00e4mp\u00f6s\u00e4teily\u00e4.<\/li>\n<li>EW-luokan palosuojaverhot, jotka est\u00e4v\u00e4t liekin ja kuumien kaasujen levi\u00e4misen ja v\u00e4hent\u00e4v\u00e4t l\u00e4mp\u00f6s\u00e4teily\u00e4<br \/>\nintensiteetti m\u00e4\u00e4ritetylle tasolle.<\/li>\n<li>EI-luokan palosuojaverhot, jotka antavat t\u00e4yden palo- ja l\u00e4mp\u00f6eristyksen ja est\u00e4v\u00e4t siten liekit, kuumat<br \/>\nkaasujen ja l\u00e4mp\u00f6s\u00e4teilyn levi\u00e4mist\u00e4.<\/li>\n<\/ul>\n<p><strong>Sertifiointi ja vaatimukset<\/strong><br \/>\nStandardia EN 16034 pidet\u00e4\u00e4n yhdenmukaistettuna 1 p\u00e4iv\u00e4st\u00e4 tammikuuta 2019, mik\u00e4 tarkoittaa, ett\u00e4 kaikki kaupan pidett\u00e4v\u00e4t<br \/>\npalontorjuntaverhot on varustettava CE-merkinn\u00e4ll\u00e4. CE-merkint\u00e4 osoittaa, ett\u00e4 tuotteella on suoritustason pysyvyys<br \/>\ntodistus siit\u00e4, ett\u00e4 se on standardin ja paloturvallisuusvaatimusten mukainen.<\/p>\n<p>Sis\u00e4ministerin asetuksen nro 17 mukaan paloverhot eiv\u00e4t tarvitse savunpid\u00e4tysluokkaa (SA tai S200), ellei<br \/>\ntietty k\u00e4ytt\u00f6paikka ei vaadi sit\u00e4.<\/p>\n<p><strong>Kattavuus<\/strong><br \/>\nFlameguard Systems - palontorjuntaverhosarja koostuu kahdeksasta osasta:<br \/>\n1. hallintokeskus;<br \/>\n2. putkimoottori;<br \/>\n3. suojakuori;<br \/>\n4. putkiakseli;<br \/>\n5. ohjauskiskot;<br \/>\n6. tulenkest\u00e4v\u00e4t kankaat;<br \/>\n7. verhon alaraja<br \/>\n8. evakuointinappi.<\/p>\n<p><strong>Automaatio<\/strong><br \/>\nValmiustilassa verho on rullattuna kotelossa. H\u00e4lytyksen j\u00e4lkeen verhot laskeutuvat<br \/>\nty\u00f6asentoon eli lattiapintaan asti. J\u00e4rjestelm\u00e4n ohjausyksikk\u00f6 on varustettu lis\u00e4virtal\u00e4hteell\u00e4.<br \/>\nV\u00e4\u00e4r\u00e4n h\u00e4lytyksen sattuessa j\u00e4rjestelm\u00e4 voidaan palauttaa sek\u00e4 manuaalisesti ett\u00e4 automaattisesti:<\/p>\n<ul>\n<li>manuaalinen palautus: verho pysyy ty\u00f6pisteess\u00e4, kunnes k\u00e4ytt\u00e4j\u00e4 painaa erikoispainiketta,<br \/>\nmik\u00e4 k\u00e4skee elvytt\u00e4m\u00e4\u00e4n.<\/li>\n<li>automaattinen palautus \u2013 kun h\u00e4lytysj\u00e4rjestelm\u00e4 on palautettu, verho nousee automaattisesti valmiustilaan<br \/>\ntakaisin.<\/li>\n<\/ul>\n<p><strong>Asennusmenetelm\u00e4t<\/strong><br \/>\nVerhokotelo voidaan asentaa<\/p>\n<ul>\n<li>aukon eteen;<\/li>\n<li>aukon sis\u00e4\u00e4n;<\/li>\n<li>ripustetaan sopivaan kohtaan konsoleilla.<\/li>\n<\/ul>\n<p>Sivulinja voidaan asentaa<\/p>\n<ul>\n<li>\u00a0aukon eteen;<\/li>\n<li>aukon sis\u00e4\u00e4n;<\/li>\n<li>syvent\u00e4m\u00e4ll\u00e4.<\/li>\n<\/ul>\n<p>Kaikki metalliosat voidaan asiakkaan tai arkkitehdin pyynn\u00f6st\u00e4 peitt\u00e4\u00e4 RAL-luettelon jauhemaalilla.<\/p>\n<p><strong>Takuu ja huolto<\/strong><br \/>\nKIWA on sertifioinut flameguard-tuotteet, ja valmistaja takaa ne asennuksen j\u00e4lkeen.<br \/>\nToiminnan jatkuvuuden varmistamiseksi ainoastaan valmistaja saa huoltaa Flameguard-palontorjuntaverhot takuuaikana.<br \/>\nvaltuutetut ja koulutetut hoitoalan ammattilaiset.<\/p>","protected":false},"excerpt":{"rendered":"<p>Palontorjuntaverhot tai k\u00e4ytetyt tekstiiliverhot (operable Fabric Curtain) ovat EN 16034 - standardin mukaisia ovia. Se on ovi, jonka ovilevy on kudottu tai yhdistetty muihin materiaaleihin muodostamalla yksi tai useampi palontorjuntaosio. Verhon rakenteessa on oltava lenkki ja\/tai ohjain, jotka k\u00e4yt\u00e4nn\u00f6ss\u00e4 toimivat ik\u00e4\u00e4n kuin rullaverhot.<br \/>\nPalontorjuntaverhojen k\u00e4ytt\u00f6ala on hyvin laaja, mutta niit\u00e4 k\u00e4ytet\u00e4\u00e4n useimmiten erilaisissa rakennuksissa, kuten:<\/p>\n<ul>\n<li>\u00a0kauppakeskukset ja toimistorakennukset;<\/li>\n<li>tuotantorakennukset ja varastot;<\/li>\n<li>pys\u00e4k\u00f6intitalot ja tekniset tilat;<\/li>\n<li>julkiset rakennukset ja terveydenhoitolaitokset.<\/li>\n<\/ul>\n<p>Palontorjuntaverhot ovat huoneen s\u00e4\u00e4st\u00e4v\u00e4 ja tehokas ratkaisu, jolla rajoitetaan palon levi\u00e4mist\u00e4 ja autetaan varmistamaan turvallinen<br \/>\nevakuointi ja omaisuuden suojelu.<\/p>\n<p><strong>Sopiva tekninen ratkaisu l\u00f6ytyy teknisen konsultoinnin ja asennuspaikan kartoituksen j\u00e4lkeen.\u00a0 <\/strong><strong>Paitsi <\/strong><strong>verhot on asennettava palontorjuntaverhot, kuten kaikki muutkin palontorjuntalaitteistot, s\u00e4\u00e4nn\u00f6llisesti<\/strong><br \/>\n<strong>huoltaa ja tarkastaa.<\/strong><br \/>\n<strong>Tekninen tuki ja myynti: +372 58212121 tai info@flameguard.ee<\/strong><\/p>","protected":false},"featured_media":18183,"template":"","meta":[],"product_brand":[],"product_cat":[81],"product_tag":[],"class_list":{"0":"post-18182","1":"product","2":"type-product","3":"status-publish","4":"has-post-thumbnail","6":"product_cat-tuletokkekardinad","8":"first","9":"instock","10":"virtual","11":"taxable","12":"product-type-simple"},"_links":{"self":[{"href":"https:\/\/flameguard.ee\/fi\/wp-json\/wp\/v2\/product\/18182","targetHints":{"allow":["GET"]}}],"collection":[{"href":"https:\/\/flameguard.ee\/fi\/wp-json\/wp\/v2\/product"}],"about":[{"href":"https:\/\/flameguard.ee\/fi\/wp-json\/wp\/v2\/types\/product"}],"version-history":[{"count":12,"href":"https:\/\/flameguard.ee\/fi\/wp-json\/wp\/v2\/product\/18182\/revisions"}],"predecessor-version":[{"id":18278,"href":"https:\/\/flameguard.ee\/fi\/wp-json\/wp\/v2\/product\/18182\/revisions\/18278"}],"wp:featuredmedia":[{"embeddable":true,"href":"https:\/\/flameguard.ee\/fi\/wp-json\/wp\/v2\/media\/18183"}],"wp:attachment":[{"href":"https:\/\/flameguard.ee\/fi\/wp-json\/wp\/v2\/media?parent=18182"}],"wp:term":[{"taxonomy":"product_brand","embeddable":true,"href":"https:\/\/flameguard.ee\/fi\/wp-json\/wp\/v2\/product_brand?post=18182"},{"taxonomy":"product_cat","embeddable":true,"href":"https:\/\/flameguard.ee\/fi\/wp-json\/wp\/v2\/product_cat?post=18182"},{"taxonomy":"product_tag","embeddable":true,"href":"https:\/\/flameguard.ee\/fi\/wp-json\/wp\/v2\/product_tag?post=18182"}],"curies":[{"name":"wp","href":"https:\/\/api.w.org\/{rel}","templated":true}]}}