{"id":18214,"date":"2025-03-06T12:25:02","date_gmt":"2025-03-06T10:25:02","guid":{"rendered":"http:\/\/flameguard.ee.dedi7782.your-server.de\/?post_type=product&#038;p=18214"},"modified":"2025-03-06T14:30:28","modified_gmt":"2025-03-06T12:30:28","slug":"liitiumakude-tule-ja-plahvatusekindel-laadimiskapp-cemo-8-5-jalgadeta-1-faasiline-2","status":"publish","type":"product","link":"https:\/\/flameguard.ee\/fi\/product\/litiumakkujen-ja-tulipalon-ja-rajahdyksen-kestava-latauskaappi-cemo-8-5-ilman-jalkoja-1-vaiheinen-2\/","title":{"rendered":"Litiumakkujen palo- ja r\u00e4j\u00e4hdyksenkest\u00e4v\u00e4 latauskaappi, JOSSA EI OLE CEMO-8\/5 jalkoja, 1 vaihe"},"content":{"rendered":"<p>Tuote on teknisten vaatimusten mukainen ja tarjoaa tehokkaan suojan erilaisissa olosuhteissa ja olosuhteissa.<\/p>\n<p><a style=\"color: #fe312e;\" href=\"\/wp-content\/uploads\/2025\/03\/CEMO_safety_concept__Made_in_Germany_-1.pdf\" target=\"_blank\" rel=\"noopener\"><img decoding=\"async\" src=\"\/wp-content\/uploads\/2025\/02\/pdf-icon.webp\" \/> Tuotekortti<\/a><\/p>","protected":false},"excerpt":{"rendered":"<p>Akkujen latauskaappi 8\/5, jossa on LockEx-lukitusj\u00e4rjestelm\u00e4. Ilman tukijalkoja, joissa on 1 vaiheliit\u00e4nt\u00e4 3500W, 16A (6 pistoketta) ja tuuletus. Kaapissa on savunilmaisin ja virrankatkaisuj\u00e4rjestelm\u00e4.<\/p>\n<p><strong>Tekniset tiedot: <\/strong><br \/>\nLeveys: 80 cm<br \/>\nKorkeus: 52 cm<br \/>\nSyvyys: 66 cm<br \/>\nPaino: 80 kg<br \/>\nTTN NORD Groupin todistukset k\u00e4ytt\u00e4en uusinta testausohjelmaa M02\/22, joka kattaa todelliset akkujen palotestit ja kaasur\u00e4j\u00e4hdykset.<br \/>\nMPA-testattu palonkest\u00e4vyys yli 60 minuutin sis\u00e4ll\u00e4 ulkona standardin EN 1363\u20131 mukaisesti.<br \/>\nValmistettu palamattomista ja tulenkest\u00e4vist\u00e4 komponenteista.<\/p>\n<p>&nbsp;<\/p>","protected":false},"featured_media":18219,"template":"","meta":[],"product_brand":[],"product_cat":[136],"product_tag":[],"class_list":{"0":"post-18214","1":"product","2":"type-product","3":"status-publish","4":"has-post-thumbnail","6":"product_cat-turvakapid","8":"first","9":"instock","10":"taxable","11":"shipping-taxable","12":"purchasable","13":"product-type-simple"},"_links":{"self":[{"href":"https:\/\/flameguard.ee\/fi\/wp-json\/wp\/v2\/product\/18214","targetHints":{"allow":["GET"]}}],"collection":[{"href":"https:\/\/flameguard.ee\/fi\/wp-json\/wp\/v2\/product"}],"about":[{"href":"https:\/\/flameguard.ee\/fi\/wp-json\/wp\/v2\/types\/product"}],"version-history":[{"count":3,"href":"https:\/\/flameguard.ee\/fi\/wp-json\/wp\/v2\/product\/18214\/revisions"}],"predecessor-version":[{"id":18239,"href":"https:\/\/flameguard.ee\/fi\/wp-json\/wp\/v2\/product\/18214\/revisions\/18239"}],"wp:featuredmedia":[{"embeddable":true,"href":"https:\/\/flameguard.ee\/fi\/wp-json\/wp\/v2\/media\/18219"}],"wp:attachment":[{"href":"https:\/\/flameguard.ee\/fi\/wp-json\/wp\/v2\/media?parent=18214"}],"wp:term":[{"taxonomy":"product_brand","embeddable":true,"href":"https:\/\/flameguard.ee\/fi\/wp-json\/wp\/v2\/product_brand?post=18214"},{"taxonomy":"product_cat","embeddable":true,"href":"https:\/\/flameguard.ee\/fi\/wp-json\/wp\/v2\/product_cat?post=18214"},{"taxonomy":"product_tag","embeddable":true,"href":"https:\/\/flameguard.ee\/fi\/wp-json\/wp\/v2\/product_tag?post=18214"}],"curies":[{"name":"wp","href":"https:\/\/api.w.org\/{rel}","templated":true}]}}