{"id":18256,"date":"2025-03-06T13:22:00","date_gmt":"2025-03-06T11:22:00","guid":{"rendered":"http:\/\/flameguard.ee.dedi7782.your-server.de\/?post_type=product&#038;p=18256"},"modified":"2025-03-06T14:42:37","modified_gmt":"2025-03-06T12:42:37","slug":"liitiumakude-tule-ja-plahvatusekindel-laadimiskapp-cemo-8-10-jalgadega-1-faasiline","status":"publish","type":"product","link":"https:\/\/flameguard.ee\/fi\/product\/litiumakkujen-tulipalon-ja-rajahdyksen-kestava-latauskaappi-cemo-8-10-jalkainen-1-vaihe\/","title":{"rendered":"Litiumakkujen palo- ja r\u00e4j\u00e4hdyksenkest\u00e4v\u00e4 latauskaappi, JOSSA ON CEMO-8\/10 jalat, 1 vaihe"},"content":{"rendered":"<p>Tuote on teknisten vaatimusten mukainen ja tarjoaa tehokkaan suojan erilaisissa olosuhteissa ja olosuhteissa.<\/p>\n<p><a style=\"color: #fe312e;\" href=\"\/wp-content\/uploads\/2025\/03\/CEMO_safety_concept__Made_in_Germany_-1.pdf\" target=\"_blank\" rel=\"noopener\"><img decoding=\"async\" src=\"\/wp-content\/uploads\/2025\/02\/pdf-icon.webp\" \/> Tuotekortti<\/a><\/p>","protected":false},"excerpt":{"rendered":"<p>Akkujen latauskaappi 8\/10, jossa on LockEx-lukitusj\u00e4rjestelm\u00e4. Tukijalkojen kanssa, 1 vaihe kytkettyn\u00e4 3500W, 16A (2 x 6 pistoketta) ja tuuletus. Kaapissa on savunilmaisin ja virrankatkaisuj\u00e4rjestelm\u00e4.<\/p>\n<p><strong>Timanttitiedot: <\/strong><br \/>\nLeveys: 80 cm<br \/>\nKorkeus: 111 cm<br \/>\nSyvyys: 66 cm<br \/>\nPaino: 135 kg<br \/>\nTTN NORD Groupin todistukset k\u00e4ytt\u00e4en uusinta testausohjelmaa M02\/22, joka kattaa todelliset akkujen palotestit ja kaasur\u00e4j\u00e4hdykset.<br \/>\nMPA-testattu palonkest\u00e4vyys yli 60 minuutin sis\u00e4ll\u00e4 ulkona standardin EN 1363\u20131 mukaisesti.<br \/>\nValmistettu palamattomista ja tulenkest\u00e4vist\u00e4 komponenteista.<\/p>","protected":false},"featured_media":18257,"template":"","meta":[],"product_brand":[],"product_cat":[136],"product_tag":[],"class_list":{"0":"post-18256","1":"product","2":"type-product","3":"status-publish","4":"has-post-thumbnail","6":"product_cat-turvakapid","8":"first","9":"instock","10":"taxable","11":"shipping-taxable","12":"purchasable","13":"product-type-simple"},"_links":{"self":[{"href":"https:\/\/flameguard.ee\/fi\/wp-json\/wp\/v2\/product\/18256","targetHints":{"allow":["GET"]}}],"collection":[{"href":"https:\/\/flameguard.ee\/fi\/wp-json\/wp\/v2\/product"}],"about":[{"href":"https:\/\/flameguard.ee\/fi\/wp-json\/wp\/v2\/types\/product"}],"version-history":[{"count":2,"href":"https:\/\/flameguard.ee\/fi\/wp-json\/wp\/v2\/product\/18256\/revisions"}],"predecessor-version":[{"id":18269,"href":"https:\/\/flameguard.ee\/fi\/wp-json\/wp\/v2\/product\/18256\/revisions\/18269"}],"wp:featuredmedia":[{"embeddable":true,"href":"https:\/\/flameguard.ee\/fi\/wp-json\/wp\/v2\/media\/18257"}],"wp:attachment":[{"href":"https:\/\/flameguard.ee\/fi\/wp-json\/wp\/v2\/media?parent=18256"}],"wp:term":[{"taxonomy":"product_brand","embeddable":true,"href":"https:\/\/flameguard.ee\/fi\/wp-json\/wp\/v2\/product_brand?post=18256"},{"taxonomy":"product_cat","embeddable":true,"href":"https:\/\/flameguard.ee\/fi\/wp-json\/wp\/v2\/product_cat?post=18256"},{"taxonomy":"product_tag","embeddable":true,"href":"https:\/\/flameguard.ee\/fi\/wp-json\/wp\/v2\/product_tag?post=18256"}],"curies":[{"name":"wp","href":"https:\/\/api.w.org\/{rel}","templated":true}]}}