{"id":18328,"date":"2025-03-07T11:44:09","date_gmt":"2025-03-07T09:44:09","guid":{"rendered":"http:\/\/flameguard.ee.dedi7782.your-server.de\/?post_type=product&#038;p=18328"},"modified":"2025-03-10T13:29:22","modified_gmt":"2025-03-10T11:29:22","slug":"tuletokkekardinate-hooldus-ja-paigaldus","status":"publish","type":"product","link":"https:\/\/flameguard.ee\/fi\/product\/palosuojaverhojen-huolto-ja-asennus\/","title":{"rendered":"Palontorjuntaty\u00f6t"},"content":{"rendered":"<p>Palosuojaus on olennaisen t\u00e4rke\u00e4\u00e4 paloturvallisuuden kannalta, mukaan lukien aukkojen, viestint\u00e4aukkojen, tuuletusaukkojen ja muiden aukkojen tulenkest\u00e4v\u00e4 tiivist\u00e4minen, jotta palo ei levi\u00e4isi m\u00e4\u00e4r\u00e4tyss\u00e4 ajassa. Asiantuntijat tiivist\u00e4v\u00e4t yleens\u00e4 pienempi\u00e4 aukkoja (esimerkiksi kaapeliliitoksia) ja levitt\u00e4v\u00e4t palontorjuntamaaleja. Suuremmissa hankkeissa varmistamme, ett\u00e4 rakennushanke on t\u00e4ysin johdonmukainen.<\/p>\n<p>T\u00f6iden laiminly\u00f6nti voi aiheuttaa vakavia riskej\u00e4. Jos aukkoja ja l\u00e4pivientej\u00e4 ei suljeta tulenkest\u00e4v\u00e4ll\u00e4 tavalla, tuli voi levit\u00e4 rakennuksen muihin osiin, mik\u00e4 lis\u00e4\u00e4 vahinkojen laajuutta ja ihmisten hengen vaarantumista. Lis\u00e4ksi savu ja myrkylliset kaasut voivat levit\u00e4 rakennuksen sis\u00e4tilojen v\u00e4lill\u00e4 nopeammin, mik\u00e4 vaikeuttaa kriittist\u00e4 evakuointia ja vaarantaa pelastusty\u00f6ntekij\u00f6iden turvallisuuden. Palontorjuntaty\u00f6 on siis v\u00e4ltt\u00e4m\u00e4t\u00f6nt\u00e4, jotta rakennukset s\u00e4ilyv\u00e4t turvallisina ja ihmishenki\u00e4 suojellaan.<\/p>\n<p><strong>Kun ty\u00f6t on suoritettu, l\u00e4het\u00e4mme dokumentoiduista t\u00f6ist\u00e4 raportin.<\/strong><\/p>\n<p><span data-ccp-props=\"{&quot;201341983&quot;:0,&quot;335559739&quot;:0,&quot;335559740&quot;:240}\">\u00a0<\/span><\/p>","protected":false},"excerpt":{"rendered":"<p>Palontorjunta- ja suojatoimenpiteiden tarkoituksena on varmistaa, ett\u00e4 palontorjuntarakenteet kest\u00e4v\u00e4t kuumuutta ja erist\u00e4v\u00e4t palavia kaasuja ja savua. Teemme palontorjuntat\u00f6it\u00e4 Viron yli tarjoamalla palonkest\u00e4vi\u00e4 ja sertifioituja ratkaisuja my\u00f6s monimutkaisiin rakenteisiin, mukaan lukien palontorjuntaty\u00f6t perint\u00f6\u00e4 suojaavissa rakennuksissa. T\u00f6iden aikana arvioimme rakennuksen kantavia rakenteita ja tarkastamme palontorjuntaosat niiden yhten\u00e4isyyden ja eheyden varmistamiseksi. Lis\u00e4ksi teemme rakennust\u00f6it\u00e4, jos palotarkastuksessa havaitaan puutteita, jotka est\u00e4v\u00e4t rakennusluvan saamisen.<\/p>\n<p><b><span data-contrast=\"auto\">Asiantuntijat ja asiantuntijat antavat neuvoja kysymyksiss\u00e4 ja ongelmissa.<\/span><\/b><span data-ccp-props=\"{&quot;201341983&quot;:0,&quot;335559739&quot;:0,&quot;335559740&quot;:240}\">\u00a0<\/span><\/p>\n<p><b><span data-contrast=\"auto\">Palvelun hintaan sis\u00e4ltyy tunnin hankekonsultointi, ja lis\u00e4toimet kartoitetaan ja hinnoitellaan todellisen materiaali- ja ty\u00f6m\u00e4\u00e4r\u00e4n mukaan.<\/span><\/b><\/p>","protected":false},"featured_media":18625,"template":"","meta":[],"product_brand":[],"product_cat":[117,123,116,118],"product_tag":[],"class_list":{"0":"post-18328","1":"product","2":"type-product","3":"status-publish","4":"has-post-thumbnail","6":"product_cat-hooldus-ja-paigaldus","7":"product_cat-projekteerimine","8":"product_cat-teenused","9":"product_cat-tuleohutus","11":"first","12":"instock","13":"taxable","14":"shipping-taxable","15":"purchasable","16":"product-type-simple"},"_links":{"self":[{"href":"https:\/\/flameguard.ee\/fi\/wp-json\/wp\/v2\/product\/18328","targetHints":{"allow":["GET"]}}],"collection":[{"href":"https:\/\/flameguard.ee\/fi\/wp-json\/wp\/v2\/product"}],"about":[{"href":"https:\/\/flameguard.ee\/fi\/wp-json\/wp\/v2\/types\/product"}],"version-history":[{"count":5,"href":"https:\/\/flameguard.ee\/fi\/wp-json\/wp\/v2\/product\/18328\/revisions"}],"predecessor-version":[{"id":18628,"href":"https:\/\/flameguard.ee\/fi\/wp-json\/wp\/v2\/product\/18328\/revisions\/18628"}],"wp:featuredmedia":[{"embeddable":true,"href":"https:\/\/flameguard.ee\/fi\/wp-json\/wp\/v2\/media\/18625"}],"wp:attachment":[{"href":"https:\/\/flameguard.ee\/fi\/wp-json\/wp\/v2\/media?parent=18328"}],"wp:term":[{"taxonomy":"product_brand","embeddable":true,"href":"https:\/\/flameguard.ee\/fi\/wp-json\/wp\/v2\/product_brand?post=18328"},{"taxonomy":"product_cat","embeddable":true,"href":"https:\/\/flameguard.ee\/fi\/wp-json\/wp\/v2\/product_cat?post=18328"},{"taxonomy":"product_tag","embeddable":true,"href":"https:\/\/flameguard.ee\/fi\/wp-json\/wp\/v2\/product_tag?post=18328"}],"curies":[{"name":"wp","href":"https:\/\/api.w.org\/{rel}","templated":true}]}}