{"id":18333,"date":"2025-03-07T11:48:46","date_gmt":"2025-03-07T09:48:46","guid":{"rendered":"http:\/\/flameguard.ee.dedi7782.your-server.de\/?post_type=product&#038;p=18333"},"modified":"2025-03-15T13:55:42","modified_gmt":"2025-03-15T11:55:42","slug":"tulekustutite-kontroll-ja-hooldus","status":"publish","type":"product","link":"https:\/\/flameguard.ee\/fi\/product\/tulensammuttimien-tarkastus-ja-huoltopalvelut\/","title":{"rendered":"Tulensammuttimien tarkastus ja huolto"},"content":{"rendered":"<p><span data-contrast=\"auto\">Jos sammutin l\u00e4p\u00e4isee tarkastuksen, siihen on kiinnitett\u00e4v\u00e4 tarkastustarra, johon on merkitty seuraavan tarkastuksen p\u00e4iv\u00e4m\u00e4\u00e4r\u00e4. Jos todetaan, ett\u00e4 m\u00e4\u00e4r\u00e4aikaistarkastusta varten toimitetun palosammuttimen voimassaoloaikaa ei voida jatkaa tarralla, asiakkaalle ilmoitetaan asiasta ja uusi palosammutin on hankittava.<\/span><span data-ccp-props=\"{&quot;201341983&quot;:0,&quot;335559739&quot;:0,&quot;335559740&quot;:240}\">\u00a0<\/span><span data-ccp-props=\"{&quot;201341983&quot;:0,&quot;335559739&quot;:0,&quot;335559740&quot;:240}\">\u00a0<\/span><\/p>\n<p><span data-contrast=\"auto\">Jos valmistaja ei ole s\u00e4\u00e4t\u00e4nyt sammuttimen tarkastustiheydest\u00e4, sammutin on tarkastettava:<\/span><span data-ccp-props=\"{&quot;201341983&quot;:0,&quot;335559739&quot;:0,&quot;335559740&quot;:240}\">\u00a0<\/span><\/p>\n<ul>\n<li data-leveltext=\"\uf0b7\" data-font=\"Symbol\" data-listid=\"6\" data-list-defn-props=\"{&quot;335552541&quot;:1,&quot;335559685&quot;:720,&quot;335559991&quot;:360,&quot;469769226&quot;:&quot;Symbol&quot;,&quot;469769242&quot;:[8226],&quot;469777803&quot;:&quot;left&quot;,&quot;469777804&quot;:&quot;\uf0b7&quot;,&quot;469777815&quot;:&quot;multilevel&quot;}\" aria-setsize=\"-1\" data-aria-posinset=\"1\" data-aria-level=\"1\"><span data-contrast=\"auto\">sammuttimet, joita s\u00e4ilytet\u00e4\u00e4n autossa, vesikulkuneuvossa tai ulkotiloissa, on tarkastettava vuoden v\u00e4lein.<\/span><span data-ccp-props=\"{&quot;201341983&quot;:0,&quot;335559739&quot;:0,&quot;335559740&quot;:240}\">\u00a0<\/span><\/li>\n<\/ul>\n<ul>\n<li data-leveltext=\"\uf0b7\" data-font=\"Symbol\" data-listid=\"6\" data-list-defn-props=\"{&quot;335552541&quot;:1,&quot;335559685&quot;:720,&quot;335559991&quot;:360,&quot;469769226&quot;:&quot;Symbol&quot;,&quot;469769242&quot;:[8226],&quot;469777803&quot;:&quot;left&quot;,&quot;469777804&quot;:&quot;\uf0b7&quot;,&quot;469777815&quot;:&quot;multilevel&quot;}\" aria-setsize=\"-1\" data-aria-posinset=\"2\" data-aria-level=\"1\"><span data-contrast=\"auto\">kaikki sammuttimet (lukuun ottamatta ajoneuvossa tai ulkona olevia sammuttimia) on tarkastettava kahden vuoden v\u00e4lein.<\/span><span data-ccp-props=\"{&quot;201341983&quot;:0,&quot;335559739&quot;:0,&quot;335559740&quot;:240}\"><br \/>\n<\/span><\/li>\n<\/ul>\n<p><span data-contrast=\"auto\">HUOM.! Paloturvallisuuslailla, joka tuli voimaan 1.3.2021, tiukennettiin sammuttimien tarkastusta ja huoltoa koskevia vaatimuksia.<\/span><br \/>\n<span data-contrast=\"auto\">Palosammuttimen tarkastusta ja huoltoa suorittavan yrityksen on toimitettava liiketoimintarekisteriin (MTR) liiketoimintailmoitus ja vastuuhenkil\u00f6n nime\u00e4minen. Vastuussa olevalla asiantuntijalla on oltava ammattip\u00e4tevyys sammuttimen tarkastusta ja huoltoa varten sek\u00e4 v\u00e4hint\u00e4\u00e4n kolmen vuoden ty\u00f6kokemus t\u00e4lt\u00e4 alalta. Vastuuhenkil\u00f6n on oltava sopimussuhteessa yritykseen sen varmistamiseksi, ett\u00e4 paloturvallisuuslaissa ja sen nojalla annetussa lains\u00e4\u00e4d\u00e4nn\u00f6ss\u00e4 s\u00e4\u00e4dettyj\u00e4 vaatimuksia noudatetaan.<\/span><span data-ccp-props=\"{&quot;201341983&quot;:0,&quot;335559739&quot;:0,&quot;335559740&quot;:240}\">\u00a0<\/span><\/p>\n<p><span data-contrast=\"auto\">Ainoastaan p\u00e4tev\u00e4n henkil\u00f6n tarkastamat ja yll\u00e4pit\u00e4m\u00e4t sammuttimet toimivat hengenpelastuksen v\u00e4linein\u00e4 tulipalon sattuessa. T\u00e4m\u00e4 on mahdollista vain ammattitaitoisen ja korkealaatuisen sammuttimen kunnossapidon avulla.<\/span><span data-ccp-props=\"{&quot;201341983&quot;:0,&quot;335559739&quot;:0,&quot;335559740&quot;:240}\">\u00a0<\/span><\/p>","protected":false},"excerpt":{"rendered":"<p><span data-contrast=\"auto\">Sammuttimen tarkastus on osa palontorjuntalaitteistojen kunnossapitoa, ja se voidaan varmistaa vain, jos urakoitsijalla on asianmukainen koulutus ja asianmukaiset laitteet, koneet, ty\u00f6kalut ja ohjeet. Sammuttimien tarkastuksen ja huollon suorittajan on noudatettava valmistajan antamia huolto-ohjeita, Viron tasavallan standardia EVS 933:2017 ja asiaa koskevaa sis\u00e4asiainministerin asetusta.<\/span><span data-ccp-props=\"{&quot;201341983&quot;:0,&quot;335559739&quot;:0,&quot;335559740&quot;:240}\">\u00a0<\/span><\/p>\n<p><b><span data-contrast=\"auto\">Asiantuntijat ja asiantuntijat antavat neuvoja kysymyksiss\u00e4 ja ongelmissa.<\/span><\/b><span data-ccp-props=\"{&quot;201341983&quot;:0,&quot;335559739&quot;:0,&quot;335559740&quot;:240}\">\u00a0<\/span><\/p>\n<p><b><span data-contrast=\"auto\">Palvelun hintaan sis\u00e4ltyy yhden tuotetarkastuksen ja useampien tuotetarkastusten tarve on kartoitettava ja hinnoiteltava todellisen ty\u00f6m\u00e4\u00e4r\u00e4n mukaan.<\/span><\/b><span data-ccp-props=\"{&quot;201341983&quot;:0,&quot;335559739&quot;:0,&quot;335559740&quot;:240}\">\u00a0<\/span><\/p>\n<p>&nbsp;<\/p>","protected":false},"featured_media":18334,"template":"","meta":[],"product_brand":[],"product_cat":[117,116],"product_tag":[],"class_list":{"0":"post-18333","1":"product","2":"type-product","3":"status-publish","4":"has-post-thumbnail","6":"product_cat-hooldus-ja-paigaldus","7":"product_cat-teenused","9":"first","10":"instock","11":"sale","12":"taxable","13":"shipping-taxable","14":"purchasable","15":"product-type-simple"},"_links":{"self":[{"href":"https:\/\/flameguard.ee\/fi\/wp-json\/wp\/v2\/product\/18333","targetHints":{"allow":["GET"]}}],"collection":[{"href":"https:\/\/flameguard.ee\/fi\/wp-json\/wp\/v2\/product"}],"about":[{"href":"https:\/\/flameguard.ee\/fi\/wp-json\/wp\/v2\/types\/product"}],"version-history":[{"count":3,"href":"https:\/\/flameguard.ee\/fi\/wp-json\/wp\/v2\/product\/18333\/revisions"}],"predecessor-version":[{"id":18461,"href":"https:\/\/flameguard.ee\/fi\/wp-json\/wp\/v2\/product\/18333\/revisions\/18461"}],"wp:featuredmedia":[{"embeddable":true,"href":"https:\/\/flameguard.ee\/fi\/wp-json\/wp\/v2\/media\/18334"}],"wp:attachment":[{"href":"https:\/\/flameguard.ee\/fi\/wp-json\/wp\/v2\/media?parent=18333"}],"wp:term":[{"taxonomy":"product_brand","embeddable":true,"href":"https:\/\/flameguard.ee\/fi\/wp-json\/wp\/v2\/product_brand?post=18333"},{"taxonomy":"product_cat","embeddable":true,"href":"https:\/\/flameguard.ee\/fi\/wp-json\/wp\/v2\/product_cat?post=18333"},{"taxonomy":"product_tag","embeddable":true,"href":"https:\/\/flameguard.ee\/fi\/wp-json\/wp\/v2\/product_tag?post=18333"}],"curies":[{"name":"wp","href":"https:\/\/api.w.org\/{rel}","templated":true}]}}