{"id":18337,"date":"2025-03-07T11:52:12","date_gmt":"2025-03-07T09:52:12","guid":{"rendered":"http:\/\/flameguard.ee.dedi7782.your-server.de\/?post_type=product&#038;p=18337"},"modified":"2025-03-07T18:36:31","modified_gmt":"2025-03-07T16:36:31","slug":"tuletorje-voolikususteemi-kontroll-ja-hooldus","status":"publish","type":"product","link":"https:\/\/flameguard.ee\/fi\/product\/paloletkujen-jaykistysten-tarkastus-ja-huoltopalvelut\/","title":{"rendered":"Paloletkuj\u00e4rjestelm\u00e4n tarkastus ja huolto"},"content":{"rendered":"<p><span data-contrast=\"auto\">Paloletkuj\u00e4rjestelm\u00e4 on huollettava joka viides vuosi, ja huolto on suoritettava noudattaen EVS-EN 671 - standardin vaatimuksia, joiden mukaan koko j\u00e4rjestelm\u00e4n letkuihin on joka viides vuosi kohdistettava v\u00e4hint\u00e4\u00e4n 1.43-kertainen k\u00e4ytt\u00f6paine.<\/span><span data-ccp-props=\"{&quot;201341983&quot;:0,&quot;335559739&quot;:0,&quot;335559740&quot;:240}\">\u00a0<\/span><\/p>\n<p><span data-contrast=\"auto\">HUOM.! Ainoastaan p\u00e4tev\u00e4n henkil\u00f6n tarkastama ja yll\u00e4pit\u00e4m\u00e4 letkuj\u00e4rjestelm\u00e4 toimii hengenpelastuksen v\u00e4lineen\u00e4 tulipalon sattuessa.\u00a0<\/span><span data-ccp-props=\"{&quot;201341983&quot;:0,&quot;335559739&quot;:0,&quot;335559740&quot;:240}\">\u00a0<\/span><\/p>","protected":false},"excerpt":{"rendered":"<p><span data-contrast=\"auto\">Toimiva paloletkuj\u00e4rjestelm\u00e4 on tehokas palonsammutusj\u00e4rjestelm\u00e4, joka mahdollistaa nopean palontorjunnan. Kohteen omistajan on huolehdittava j\u00e4rjestelm\u00e4n havainnoinnista, tarkastamisesta ja yll\u00e4pidosta sek\u00e4 pidett\u00e4v\u00e4 kirjaa toiminnoista. Paloletkuj\u00e4rjestelm\u00e4n toimintavalmius ja vedenpid\u00e4tyskyky on mitattava vuosittain.<\/span><span data-ccp-props=\"{&quot;201341983&quot;:0,&quot;335559739&quot;:0,&quot;335559740&quot;:240}\">\u00a0<\/span><\/p>\n<p><span data-contrast=\"auto\">Flameguard-tuotevalikoimassa on oltava kaikki j\u00e4rjestelm\u00e4n kokoamiseksi tai varaosina tarvittavat osat: letkukaapit, rumpuletkukaapit, letkut, liittimet, venttiilit, suljettavat suihkuputket, merkinn\u00e4t, ohjeet jne.<\/span><span data-ccp-props=\"{&quot;201341983&quot;:0,&quot;335559739&quot;:0,&quot;335559740&quot;:240}\">\u00a0<\/span><\/p>\n<p><span data-ccp-props=\"{&quot;201341983&quot;:0,&quot;335559739&quot;:0,&quot;335559740&quot;:240}\">\u00a0<\/span><b><span data-contrast=\"auto\">Asiantuntijat ja asiantuntijat antavat neuvoja kysymyksiss\u00e4 ja ongelmissa.<\/span><\/b><span data-ccp-props=\"{&quot;201341983&quot;:0,&quot;335559739&quot;:0,&quot;335559740&quot;:240}\">\u00a0<\/span><\/p>\n<p><b><span data-contrast=\"auto\">Palvelun hintaan sis\u00e4ltyy yhden tuotetarkastuksen ja useampien tuotetarkastusten tarve on kartoitettava ja hinnoiteltava todellisen ty\u00f6m\u00e4\u00e4r\u00e4n mukaan.<\/span><\/b><span data-ccp-props=\"{&quot;201341983&quot;:0,&quot;335559739&quot;:0,&quot;335559740&quot;:240}\">\u00a0<\/span><\/p>\n<p>&nbsp;<\/p>","protected":false},"featured_media":18338,"template":"","meta":[],"product_brand":[],"product_cat":[117,116],"product_tag":[],"class_list":{"0":"post-18337","1":"product","2":"type-product","3":"status-publish","4":"has-post-thumbnail","6":"product_cat-hooldus-ja-paigaldus","7":"product_cat-teenused","9":"first","10":"instock","11":"taxable","12":"shipping-taxable","13":"purchasable","14":"product-type-simple"},"_links":{"self":[{"href":"https:\/\/flameguard.ee\/fi\/wp-json\/wp\/v2\/product\/18337","targetHints":{"allow":["GET"]}}],"collection":[{"href":"https:\/\/flameguard.ee\/fi\/wp-json\/wp\/v2\/product"}],"about":[{"href":"https:\/\/flameguard.ee\/fi\/wp-json\/wp\/v2\/types\/product"}],"version-history":[{"count":2,"href":"https:\/\/flameguard.ee\/fi\/wp-json\/wp\/v2\/product\/18337\/revisions"}],"predecessor-version":[{"id":18460,"href":"https:\/\/flameguard.ee\/fi\/wp-json\/wp\/v2\/product\/18337\/revisions\/18460"}],"wp:featuredmedia":[{"embeddable":true,"href":"https:\/\/flameguard.ee\/fi\/wp-json\/wp\/v2\/media\/18338"}],"wp:attachment":[{"href":"https:\/\/flameguard.ee\/fi\/wp-json\/wp\/v2\/media?parent=18337"}],"wp:term":[{"taxonomy":"product_brand","embeddable":true,"href":"https:\/\/flameguard.ee\/fi\/wp-json\/wp\/v2\/product_brand?post=18337"},{"taxonomy":"product_cat","embeddable":true,"href":"https:\/\/flameguard.ee\/fi\/wp-json\/wp\/v2\/product_cat?post=18337"},{"taxonomy":"product_tag","embeddable":true,"href":"https:\/\/flameguard.ee\/fi\/wp-json\/wp\/v2\/product_tag?post=18337"}],"curies":[{"name":"wp","href":"https:\/\/api.w.org\/{rel}","templated":true}]}}