{"id":18501,"date":"2025-03-08T15:06:55","date_gmt":"2025-03-08T13:06:55","guid":{"rendered":"http:\/\/flameguard.ee.dedi7782.your-server.de\/?post_type=product&#038;p=18501"},"modified":"2025-03-08T15:37:31","modified_gmt":"2025-03-08T13:37:31","slug":"korstnapuhkija-teenus","status":"publish","type":"product","link":"https:\/\/flameguard.ee\/fi\/product\/nuohouspalvelu\/","title":{"rendered":"Nuohoojan palvelut"},"content":{"rendered":"<p><b><span data-contrast=\"auto\">L\u00e4mmitysj\u00e4rjestelmien huolto on pakollista<\/span><\/b><span data-ccp-props=\"{&quot;201341983&quot;:0,&quot;335559739&quot;:0,&quot;335559740&quot;:240}\">\u00a0<\/span><\/p>\n<p>Palvelun tarjoamisen j\u00e4lkeen tiedot sy\u00f6tet\u00e4\u00e4n l\u00e4mmitysj\u00e4rjestelm\u00e4portaaliin, jossa laaditaan digitaalinen nuohoustoimi.<\/p>\n<p><strong>T\u00e4rke\u00e4\u00e4 tietoa ennen nuohoojan saapumista:<\/strong><\/p>\n<ul>\n<li title=\"Takana nuohoojan p\u00e4\u00e4sy savupiipun p\u00e4\u00e4h\u00e4n\">varmista, ett\u00e4 kattoon p\u00e4\u00e4see savupiippu (k\u00e4yt\u00e4v\u00e4 tai tikkaat jne.).<\/li>\n<li title=\"Taka-nuohoojan p\u00e4\u00e4sy l\u00e4mmitysj\u00e4rjestelm\u00e4n osiin kaikissa kerroksissa\">takaa p\u00e4\u00e4sy kaikkiin l\u00e4mmitysj\u00e4rjestelm\u00e4n osiin (savupiippu, l\u00e4mmityslaitteet, luukku jne.);<\/li>\n<li title=\"\u00c4l\u00e4 l\u00e4mmit\u00e4 samana p\u00e4iv\u00e4n\u00e4 ennen kuin nuohooja tulee.\">l\u00e4mmitysj\u00e4rjestelm\u00e4n on oltava j\u00e4\u00e4htynyt;<\/li>\n<li title=\"Sulje kaikki luistit, luukut, tuuletusritil\u00e4t ja ilmanottoaukot ennen nuohousk\u00e4sittely\u00e4.\">sulkekaa kaikki luistit, luukut, ilmanottoaukot jne.;<\/li>\n<li title=\"Sulje kaikki luistit, luukut, tuuletusritil\u00e4t ja ilmanottoaukot ennen nuohousk\u00e4sittely\u00e4.\">jos takka on avoin, kolviaukko on peitett\u00e4v\u00e4.<\/li>\n<\/ul>","protected":false},"excerpt":{"rendered":"<p>Nuotion s\u00e4\u00e4nn\u00f6llisyys auttaa ehk\u00e4isem\u00e4\u00e4n monia vaaratilanteita. Noki ja piki ker\u00e4\u00e4ntyv\u00e4t savupiippuun l\u00e4mmityksen aikana ja voivat ajan mittaan aiheuttaa savupiippupaloja. Puhdistamaton savupiippu on suuri palovaara, joka voi vaarantaa koko rakennuksen ja sen asukkaiden turvallisuuden. L\u00e4mmitysj\u00e4rjestelmien huollolla on varmistettava, ett\u00e4 ne toimivat tehokkaasti. Kun savupiippu ja l\u00e4mmittimet ovat puhtaita, l\u00e4mmitysj\u00e4rjestelm\u00e4 voi vet\u00e4\u00e4 kunnolla ja tuottaa l\u00e4mp\u00f6\u00e4 hyviss\u00e4 ajoin.<\/p>\n<p>Nuohoojan palveluihin kuuluu yhden tilal\u00e4mmittimen tilal\u00e4mmitysj\u00e4rjestelm\u00e4n paloturvallisuuden valvonta ja puhdistus Tallinnan alueella. Pyyd\u00e4 henkil\u00f6kohtaista tarjousta muualla tai useammissa l\u00e4mmitysj\u00e4rjestelmiss\u00e4.<\/p>\n<p><strong>Nuohoustoimintaa on harjoitettava p\u00e4tev\u00e4ll\u00e4 ammattihenkil\u00f6ll\u00e4, jolla on asianmukainen p\u00e4tevyyskirja. Nuohoojalla on oltava v\u00e4hint\u00e4\u00e4n tason 4 tai 5 ammattip\u00e4tevyys.<\/strong><\/p>","protected":false},"featured_media":18502,"template":"","meta":[],"product_brand":[],"product_cat":[117,116,118],"product_tag":[],"class_list":{"0":"post-18501","1":"product","2":"type-product","3":"status-publish","4":"has-post-thumbnail","6":"product_cat-hooldus-ja-paigaldus","7":"product_cat-teenused","8":"product_cat-tuleohutus","10":"first","11":"instock","12":"taxable","13":"shipping-taxable","14":"purchasable","15":"product-type-simple"},"_links":{"self":[{"href":"https:\/\/flameguard.ee\/fi\/wp-json\/wp\/v2\/product\/18501","targetHints":{"allow":["GET"]}}],"collection":[{"href":"https:\/\/flameguard.ee\/fi\/wp-json\/wp\/v2\/product"}],"about":[{"href":"https:\/\/flameguard.ee\/fi\/wp-json\/wp\/v2\/types\/product"}],"version-history":[{"count":2,"href":"https:\/\/flameguard.ee\/fi\/wp-json\/wp\/v2\/product\/18501\/revisions"}],"predecessor-version":[{"id":18504,"href":"https:\/\/flameguard.ee\/fi\/wp-json\/wp\/v2\/product\/18501\/revisions\/18504"}],"wp:featuredmedia":[{"embeddable":true,"href":"https:\/\/flameguard.ee\/fi\/wp-json\/wp\/v2\/media\/18502"}],"wp:attachment":[{"href":"https:\/\/flameguard.ee\/fi\/wp-json\/wp\/v2\/media?parent=18501"}],"wp:term":[{"taxonomy":"product_brand","embeddable":true,"href":"https:\/\/flameguard.ee\/fi\/wp-json\/wp\/v2\/product_brand?post=18501"},{"taxonomy":"product_cat","embeddable":true,"href":"https:\/\/flameguard.ee\/fi\/wp-json\/wp\/v2\/product_cat?post=18501"},{"taxonomy":"product_tag","embeddable":true,"href":"https:\/\/flameguard.ee\/fi\/wp-json\/wp\/v2\/product_tag?post=18501"}],"curies":[{"name":"wp","href":"https:\/\/api.w.org\/{rel}","templated":true}]}}