{"id":18505,"date":"2025-03-08T15:47:01","date_gmt":"2025-03-08T13:47:01","guid":{"rendered":"http:\/\/flameguard.ee.dedi7782.your-server.de\/?post_type=product&#038;p=18505"},"modified":"2025-03-08T16:10:50","modified_gmt":"2025-03-08T14:10:50","slug":"ventilatsioonipuhastus","status":"publish","type":"product","link":"https:\/\/flameguard.ee\/fi\/product\/ilmanvaihto-puhdistus\/","title":{"rendered":"Ilmanvaihdon huolto"},"content":{"rendered":"<p><b><span data-contrast=\"auto\">Ilmanvaihtoj\u00e4rjestelmien huolto on pakollista<\/span><\/b><span data-ccp-props=\"{&quot;201341983&quot;:0,&quot;335559739&quot;:0,&quot;335559740&quot;:240}\">\u00a0<\/span><\/p>\n<p><b>Velvollisuus antaa paloturvallisuusselvitys<\/b> yrityksill\u00e4 ja laitoksilla, joilla on suuri paloriski tai mahdollinen vakava seuraus rakennuksen erityispiirteiden, toiminnan tai sammutus- ja pelastustoimien suorittamiseen liittyvien vaikeuksien vuoksi.<\/p>\n<p>Kunnossapitoon olisi kiinnitett\u00e4v\u00e4 erityist\u00e4 huomiota:<\/p>\n<ul>\n<li>kerrostalot<\/li>\n<li>omakotitalot<\/li>\n<li>ostoskeskukset<\/li>\n<li>ravintolat<\/li>\n<li>hotellit<\/li>\n<li>koulut<\/li>\n<li>p\u00e4iv\u00e4kodit<\/li>\n<li>toimistorakennukset<\/li>\n<\/ul>\n<p>Puhdas ja s\u00e4\u00e4nn\u00f6llisesti huollettu ilmanvaihtoj\u00e4rjestelm\u00e4 v\u00e4hent\u00e4\u00e4 korjauskustannuksia. J\u00e4rjestelm\u00e4, jota ei ole huollettu, est\u00e4\u00e4 puhdasta ilmaa liikkumasta vapaasti ilmanvaihdon aikana, lis\u00e4\u00e4 energiankulutusta, lyhent\u00e4\u00e4 laitteiden k\u00e4ytt\u00f6ik\u00e4\u00e4 ja lis\u00e4\u00e4 paloriski\u00e4.<\/p>","protected":false},"excerpt":{"rendered":"<p>Ilmanvaihtoj\u00e4rjestelmien puhdistus on pakollista, ja EVS 812\u20132:2014 \u201dRakennusten paloturvallisuus\u201d mukaan puhdistustiheyden on oltava <b>v\u00e4hint\u00e4\u00e4n kerran vuodessa, <\/b>huoltokertojen v\u00e4lill\u00e4 saa olla enint\u00e4\u00e4n 365 vuorokautta.<\/p>\n<p>Ammattimaisten keitti\u00f6iden ilmanvaihtokanavat on puhdistettava k\u00e4yt\u00f6n voimakkuuden mukaan:<\/p>\n<ul>\n<li>v\u00e4hint\u00e4\u00e4n nelj\u00e4nnesvuosittain, jos laitteita k\u00e4ytet\u00e4\u00e4n 12 h\/vrk \u2013 16 h\/vrk;<\/li>\n<li>v\u00e4hint\u00e4\u00e4n puolivuosittain, jos laitteita k\u00e4ytet\u00e4\u00e4n 6 h\/vrk \u2013 12 h\/vrk;<\/li>\n<li>v\u00e4hint\u00e4\u00e4n kerran vuodessa, jos laitteita k\u00e4ytet\u00e4\u00e4n 2 h\/vrk \u2013 6 h\/vrk.<\/li>\n<\/ul>\n<p>Palvelu k\u00e4sitt\u00e4\u00e4 yhden j\u00e4rjestelm\u00e4n palontorjunnan Harjumaan alueella ja 1 tunnin puhdistuksen. Pyyd\u00e4 henkil\u00f6kohtaista tarjousta muualla tai useammissa ilmanvaihtoj\u00e4rjestelmiss\u00e4.<\/p>","protected":false},"featured_media":18506,"template":"","meta":[],"product_brand":[],"product_cat":[117,116,119,118],"product_tag":[],"class_list":{"0":"post-18505","1":"product","2":"type-product","3":"status-publish","4":"has-post-thumbnail","6":"product_cat-hooldus-ja-paigaldus","7":"product_cat-teenused","8":"product_cat-tooohutus-ja-tervishoid","9":"product_cat-tuleohutus","11":"first","12":"instock","13":"taxable","14":"shipping-taxable","15":"purchasable","16":"product-type-simple"},"_links":{"self":[{"href":"https:\/\/flameguard.ee\/fi\/wp-json\/wp\/v2\/product\/18505","targetHints":{"allow":["GET"]}}],"collection":[{"href":"https:\/\/flameguard.ee\/fi\/wp-json\/wp\/v2\/product"}],"about":[{"href":"https:\/\/flameguard.ee\/fi\/wp-json\/wp\/v2\/types\/product"}],"version-history":[{"count":3,"href":"https:\/\/flameguard.ee\/fi\/wp-json\/wp\/v2\/product\/18505\/revisions"}],"predecessor-version":[{"id":18509,"href":"https:\/\/flameguard.ee\/fi\/wp-json\/wp\/v2\/product\/18505\/revisions\/18509"}],"wp:featuredmedia":[{"embeddable":true,"href":"https:\/\/flameguard.ee\/fi\/wp-json\/wp\/v2\/media\/18506"}],"wp:attachment":[{"href":"https:\/\/flameguard.ee\/fi\/wp-json\/wp\/v2\/media?parent=18505"}],"wp:term":[{"taxonomy":"product_brand","embeddable":true,"href":"https:\/\/flameguard.ee\/fi\/wp-json\/wp\/v2\/product_brand?post=18505"},{"taxonomy":"product_cat","embeddable":true,"href":"https:\/\/flameguard.ee\/fi\/wp-json\/wp\/v2\/product_cat?post=18505"},{"taxonomy":"product_tag","embeddable":true,"href":"https:\/\/flameguard.ee\/fi\/wp-json\/wp\/v2\/product_tag?post=18505"}],"curies":[{"name":"wp","href":"https:\/\/api.w.org\/{rel}","templated":true}]}}