{"id":18510,"date":"2025-03-08T16:12:38","date_gmt":"2025-03-08T14:12:38","guid":{"rendered":"http:\/\/flameguard.ee.dedi7782.your-server.de\/?post_type=product&#038;p=18510"},"modified":"2025-03-08T16:57:54","modified_gmt":"2025-03-08T14:57:54","slug":"riskianaluusi-audit","status":"publish","type":"product","link":"https:\/\/flameguard.ee\/fi\/product\/riskiluu-tarkastus\/","title":{"rendered":"Riskianalyysin tarkastus"},"content":{"rendered":"<p><b><span data-contrast=\"auto\">Riskianalyysi ja toimintasuunnitelma on tarkistettava v\u00e4hint\u00e4\u00e4n kerran vuodessa.<\/span><\/b><\/p>\n<p>Ty\u00f6nantajan on p\u00e4ivitett\u00e4v\u00e4 ty\u00f6per\u00e4isen altistuksen riskianalyysi, jos<\/p>\n<ul>\n<li>ty\u00f6olot tai ty\u00f6ymp\u00e4rist\u00f6 ovat muuttuneet merkitt\u00e4v\u00e4sti;<\/li>\n<li>ty\u00f6v\u00e4lineit\u00e4 tai teknologiaa on vaihdettu tai uudistettu;<\/li>\n<li>on ilmennyt uusia tietoja riskitekij\u00e4n vaikutuksesta ihmisten terveyteen;<\/li>\n<li>onnettomuuden tai vaaratilanteen vuoksi riskitaso on muuttunut alkuper\u00e4isest\u00e4<\/li>\n<li>ty\u00f6terveysl\u00e4\u00e4k\u00e4ri on terveystarkastuksessa todennut ty\u00f6ntekij\u00e4n ty\u00f6per\u00e4isen sairauden.<\/li>\n<\/ul>\n<p>Riskinarviointi on my\u00f6s uusittava, jos tarkastaja on tarkastuksessa todennut, ett\u00e4 riskinarvioinnissa ei ole arvioitu riitt\u00e4v\u00e4sti ty\u00f6per\u00e4isen altistuksen riskej\u00e4, mukaan lukien riskitekij\u00f6iden parametrien mittaaminen, tai ett\u00e4 riskinhallintatoimenpiteit\u00e4 ei ole suunnitteilla.<\/p>\n<p>Yrityksen omille voimille koituvien riskien arvioinnin etuna on erityisesti tiimity\u00f6: ei ole olemassa yht\u00e4 yleismaailmallista ihmist\u00e4, joka tuntisi kaikki ty\u00f6prosessit ja kykenisi analysoimaan niit\u00e4 vaarojen kannalta. Ulkoistaminen takaa my\u00f6s sen, ett\u00e4 analyysin suorittaa asiantuntija, joka tuntee riskien arviointi- ja dokumentointimenetelm\u00e4t. Asiantuntija voi my\u00f6s sivullisena havaita tai osata analysoida sellaisia vaaroja, jotka eiv\u00e4t ensi n\u00e4kem\u00e4lt\u00e4 ole lainkaan havaittavissa. Paras vaihtoehto on riskinarviointi yhteisty\u00f6ss\u00e4 palveluntarjoajan ja ty\u00f6nantajan\/yrityksen edustajan kanssa. N\u00e4in kootaan yhteen kaksi asiantuntijaa, jotka tuntevat yrityksens\u00e4 toiminnan ja sen erityispiirteet, riskinarviointimenetelm\u00e4t ja pystyv\u00e4t arvioimaan riskej\u00e4 objektiivisemmin.<\/p>","protected":false},"excerpt":{"rendered":"<p>Riskianalyysin tarkastuksen tavoitteena on havaita ja arvioida ty\u00f6per\u00e4isten riskien kehittymist\u00e4. Tarkastus on teht\u00e4v\u00e4 yhteisty\u00f6ss\u00e4 asiakkaan kanssa, ja siihen on otettava mukaan ainoastaan tarkastuksen suorittamiseen tarvittavat osapuolet. Tarkastus suoritetaan vaiheittain:<\/p>\n<ul>\n<li>riskianalyysin tarkastelu;<\/li>\n<li>ty\u00f6ymp\u00e4rist\u00f6\u00e4, ty\u00f6prosesseja ja ty\u00f6ntekij\u00f6it\u00e4 koskevien tietojen ker\u00e4\u00e4minen;<\/li>\n<li>ty\u00f6per\u00e4isen altistuksen riskitekij\u00f6iden tunnistaminen;<\/li>\n<li>riskitekij\u00f6iden riskinarviointi;<\/li>\n<li>riskien poistamiseksi tai v\u00e4hent\u00e4miseksi toteutettujen toimien arviointi;<\/li>\n<li>riskinarvioinnin dokumentointi.<\/li>\n<\/ul>\n<p>Riskianalyysin tarkastus on j\u00e4rkev\u00e4\u00e4 suorittaa aina, kun organisaatiossa tapahtuu muutoksia prosesseissa, toiminnoissa tai toimipaikoissa. Ulkopuolinen tilintarkastaja on riippumaton, ja sen osallistuminen tuo enemm\u00e4n lis\u00e4arvoa organisaation alakohtaiselle ryhm\u00e4lle.<\/p>\n<p><b><span data-contrast=\"auto\">Asiantuntijat ja asiantuntijat antavat neuvoja kysymyksiss\u00e4 ja ongelmissa.<\/span><\/b><span data-ccp-props=\"{&quot;201341983&quot;:0,&quot;335559739&quot;:0,&quot;335559740&quot;:240}\">\u00a0<\/span><\/p>\n<p><b><span data-contrast=\"auto\">Palvelun hintaan sis\u00e4ltyy tunnin mittainen asiantuntijaty\u00f6, jonka aikana lis\u00e4toimet kartoitetaan ja hinnoitellaan todellisen ty\u00f6m\u00e4\u00e4r\u00e4n mukaan.<\/span><\/b><\/p>","protected":false},"featured_media":18511,"template":"","meta":[],"product_brand":[],"product_cat":[122,116,119],"product_tag":[],"class_list":{"0":"post-18510","1":"product","2":"type-product","3":"status-publish","4":"has-post-thumbnail","6":"product_cat-auditeerimine","7":"product_cat-teenused","8":"product_cat-tooohutus-ja-tervishoid","10":"first","11":"instock","12":"taxable","13":"shipping-taxable","14":"purchasable","15":"product-type-simple"},"_links":{"self":[{"href":"https:\/\/flameguard.ee\/fi\/wp-json\/wp\/v2\/product\/18510","targetHints":{"allow":["GET"]}}],"collection":[{"href":"https:\/\/flameguard.ee\/fi\/wp-json\/wp\/v2\/product"}],"about":[{"href":"https:\/\/flameguard.ee\/fi\/wp-json\/wp\/v2\/types\/product"}],"version-history":[{"count":1,"href":"https:\/\/flameguard.ee\/fi\/wp-json\/wp\/v2\/product\/18510\/revisions"}],"predecessor-version":[{"id":18512,"href":"https:\/\/flameguard.ee\/fi\/wp-json\/wp\/v2\/product\/18510\/revisions\/18512"}],"wp:featuredmedia":[{"embeddable":true,"href":"https:\/\/flameguard.ee\/fi\/wp-json\/wp\/v2\/media\/18511"}],"wp:attachment":[{"href":"https:\/\/flameguard.ee\/fi\/wp-json\/wp\/v2\/media?parent=18510"}],"wp:term":[{"taxonomy":"product_brand","embeddable":true,"href":"https:\/\/flameguard.ee\/fi\/wp-json\/wp\/v2\/product_brand?post=18510"},{"taxonomy":"product_cat","embeddable":true,"href":"https:\/\/flameguard.ee\/fi\/wp-json\/wp\/v2\/product_cat?post=18510"},{"taxonomy":"product_tag","embeddable":true,"href":"https:\/\/flameguard.ee\/fi\/wp-json\/wp\/v2\/product_tag?post=18510"}],"curies":[{"name":"wp","href":"https:\/\/api.w.org\/{rel}","templated":true}]}}