{"id":18513,"date":"2025-03-08T17:01:56","date_gmt":"2025-03-08T15:01:56","guid":{"rendered":"http:\/\/flameguard.ee.dedi7782.your-server.de\/?post_type=product&#038;p=18513"},"modified":"2025-03-08T17:54:04","modified_gmt":"2025-03-08T15:54:04","slug":"tookeskkonna-riskianaluus","status":"publish","type":"product","link":"https:\/\/flameguard.ee\/fi\/product\/tuoteympariston-riskianalogia\/","title":{"rendered":"Ty\u00f6ymp\u00e4rist\u00f6\u00f6n liittyv\u00e4 riskianalyysi"},"content":{"rendered":"<p><strong>Riskien arviointi ja hallinta<\/strong><\/p>\n<p>Riskianalyysill\u00e4 tarkoitetaan toimintaa, jolla ty\u00f6nantaja tunnistaa ja arvioi ty\u00f6ymp\u00e4rist\u00f6n vaaratekij\u00e4t, jotka voivat vahingoittaa ty\u00f6ntekij\u00f6it\u00e4. Esimerkiksi riitt\u00e4m\u00e4t\u00f6n valaistus, pakkoty\u00f6skentely, altistuminen kemikaaleille tai jatkuva melu. On t\u00e4rke\u00e4\u00e4 havaita terveydelle vaaralliset tekij\u00e4t, ennen kuin ne vahingoittavat ty\u00f6ntekij\u00f6it\u00e4, sek\u00e4 pohtia ratkaisuja. Kunkin riskitekij\u00e4n poistamista koskevat ehdotukset ovat riskianalyysin k\u00e4yt\u00e4nn\u00f6n osa. Riskien arviointi ja v\u00e4hent\u00e4minen vaikuttavat sek\u00e4 ty\u00f6ntekij\u00e4n terveyteen ett\u00e4 h\u00e4nen ty\u00f6kykyyns\u00e4 ja yrityksen suorituskykyyn. Jos esimerkiksi yksi tai useampi tekij\u00e4 (melu, vetovoima, lepotilan puuttuminen jne.) h\u00e4iritsee ty\u00f6ntekij\u00e4\u00e4, ty\u00f6n organisoinnissa on puutteita (ep\u00e4kunnossa olevat ty\u00f6v\u00e4lineet, lis\u00e4teht\u00e4v\u00e4t jne.), ty\u00f6n tehokkuus ei ole paras mahdollinen. Jos ty\u00f6ntekij\u00e4 kuitenkin huomaa ja tuntee olevansa kiinnostunut h\u00e4nest\u00e4, t\u00e4m\u00e4 auttaa yleens\u00e4 lis\u00e4\u00e4m\u00e4\u00e4n h\u00e4nen motivaatiotaan ja siten parantamaan yrityksen tulosta. Ty\u00f6nantajan edustajat, asianomainen palveluntarjoaja tai yrityksen edustajat ja ulkopuolinen palveluntarjoaja tekev\u00e4t riskianalyysin yhteisty\u00f6ss\u00e4. Ty\u00f6per\u00e4isen altistuksen riskinarviointia varten ei ole yhteist\u00e4 menetelm\u00e4\u00e4. Laissa s\u00e4\u00e4det\u00e4\u00e4n vain perusvaatimuksista, ja jokainen yritys voi l\u00f6yt\u00e4\u00e4 itselleen sopivimmat ratkaisut. Lain mukaan viisi p\u00e4\u00e4asiallista vaatimusta ovat seuraavat:<\/p>\n<ul>\n<li>ty\u00f6per\u00e4isen altistuksen riskitekij\u00f6iden tunnistaminen;<\/li>\n<li>tarvittaessa riskitekij\u00f6iden parametrien mittaaminen;<\/li>\n<li>ty\u00f6ntekij\u00e4n terveydelle ja turvallisuudelle aiheutuvien riskien arviointi ottaen huomioon ensimm\u00e4inen kohta;<\/li>\n<li>riskianalyysin laatiminen ja tallentaminen muodossa, joka mahdollistaa sen kirjallisen toistamisen;<\/li>\n<li>laaditaan riskianalyysin perusteella kirjallinen toimintasuunnitelma, jossa esitet\u00e4\u00e4n yrityksen kaikilla toiminta- ja johtotasoilla toteuttamat toimet ty\u00f6ntekij\u00f6iden terveydelle aiheutuvien riskien ehk\u00e4isemiseksi tai v\u00e4hent\u00e4miseksi, niiden aikataulu, toteuttajat ja t\u00e4h\u00e4n tarvittavat resurssit.<\/li>\n<\/ul>\n<p>Riskinarviointi on johdonmukainen prosessi, ja siin\u00e4 on jatkuvasti otettava huomioon olemassa oleva toimintaymp\u00e4rist\u00f6. Kun ennaltaehk\u00e4isev\u00e4t toimenpiteet on toteutettu, niiden riitt\u00e4vyytt\u00e4 on arvioitava ottaen huomioon ihmisten ja teknologian vaihtuminen sek\u00e4 laitteiden ja rakennusten kuoletukset.<\/p>\n<p><strong>HUOM.! Ty\u00f6ymp\u00e4rist\u00f6mittauksia (valo, melu, s\u00e4teily jne.) ja psykososiaalisia vaaroja koskevaa tieteellist\u00e4 analyysi\u00e4 ei ole sis\u00e4llytetty hintoihin, ja ne on toteutettava erityisell\u00e4 sopimuksella.<\/strong><\/p>","protected":false},"excerpt":{"rendered":"<p>Riskianalyysin toimittaminen on pakollista ty\u00f6nantajille, ja se on toimitettava <a href=\"https:\/\/iseteenindus.ti.ee\/login\">Ty\u00f6suojelutarkastuksen itsepalveluymp\u00e4rist\u00f6ss\u00e4.<\/a> Riskianalyysissa kartoitetaan ty\u00f6nantajan ty\u00f6ymp\u00e4rist\u00f6\u00f6n liittyv\u00e4t riskitekij\u00e4t, arvioidaan riskin suuruus eli riskit ja ryhdyt\u00e4\u00e4n toimiin riskien v\u00e4hent\u00e4miseksi. Tarvittaessa on mitattava riskitekij\u00f6iden parametrit (esim. melu, t\u00e4rin\u00e4, ilman kemiallinen koostumus jne.).<\/p>\n<p>Riskianalyysiin liittyvi\u00e4 toimia ovat esimerkiksi:<\/p>\n<ul>\n<li>tutustuminen olemassa oleviin ty\u00f6menetelmiin ja ohjeisiin;<\/li>\n<li>keskusteleminen johdon ja henkil\u00f6st\u00f6n kanssa;<\/li>\n<li>k\u00e4ynti ty\u00f6ymp\u00e4rist\u00f6ss\u00e4;<\/li>\n<li>tarvittavien kyselylomakkeiden laatiminen;<\/li>\n<li>yhteenvedon laatiminen;<\/li>\n<li>riskien v\u00e4hent\u00e4mist\u00e4 koskevan toimintasuunnitelman laatiminen.<\/li>\n<li>riskianalyysin esittely.<\/li>\n<\/ul>\n<p><b><span data-contrast=\"auto\">Asiantuntijat ja asiantuntijat antavat neuvoja kysymyksiss\u00e4 ja ongelmissa.<\/span><\/b><span data-ccp-props=\"{&quot;201341983&quot;:0,&quot;335559739&quot;:0,&quot;335559740&quot;:240}\">\u00a0<\/span><\/p>\n<p><b><span data-contrast=\"auto\">Palvelun hintaan sis\u00e4ltyy 16 tuntia asiantuntijaty\u00f6t\u00e4, jonka aikana organisaatioon perustuva lis\u00e4toiminta kartoitetaan ja hinnoitellaan lis\u00e4ty\u00f6m\u00e4\u00e4r\u00e4n mukaan. Useimmille pienille yrityksille ei yleens\u00e4 makseta lis\u00e4maksuja.<\/span><\/b><\/p>","protected":false},"featured_media":18514,"template":"","meta":[],"product_brand":[],"product_cat":[116,119],"product_tag":[],"class_list":{"0":"post-18513","1":"product","2":"type-product","3":"status-publish","4":"has-post-thumbnail","6":"product_cat-teenused","7":"product_cat-tooohutus-ja-tervishoid","9":"first","10":"instock","11":"taxable","12":"shipping-taxable","13":"purchasable","14":"product-type-simple"},"_links":{"self":[{"href":"https:\/\/flameguard.ee\/fi\/wp-json\/wp\/v2\/product\/18513","targetHints":{"allow":["GET"]}}],"collection":[{"href":"https:\/\/flameguard.ee\/fi\/wp-json\/wp\/v2\/product"}],"about":[{"href":"https:\/\/flameguard.ee\/fi\/wp-json\/wp\/v2\/types\/product"}],"version-history":[{"count":1,"href":"https:\/\/flameguard.ee\/fi\/wp-json\/wp\/v2\/product\/18513\/revisions"}],"predecessor-version":[{"id":18515,"href":"https:\/\/flameguard.ee\/fi\/wp-json\/wp\/v2\/product\/18513\/revisions\/18515"}],"wp:featuredmedia":[{"embeddable":true,"href":"https:\/\/flameguard.ee\/fi\/wp-json\/wp\/v2\/media\/18514"}],"wp:attachment":[{"href":"https:\/\/flameguard.ee\/fi\/wp-json\/wp\/v2\/media?parent=18513"}],"wp:term":[{"taxonomy":"product_brand","embeddable":true,"href":"https:\/\/flameguard.ee\/fi\/wp-json\/wp\/v2\/product_brand?post=18513"},{"taxonomy":"product_cat","embeddable":true,"href":"https:\/\/flameguard.ee\/fi\/wp-json\/wp\/v2\/product_cat?post=18513"},{"taxonomy":"product_tag","embeddable":true,"href":"https:\/\/flameguard.ee\/fi\/wp-json\/wp\/v2\/product_tag?post=18513"}],"curies":[{"name":"wp","href":"https:\/\/api.w.org\/{rel}","templated":true}]}}