{"id":18516,"date":"2025-03-08T17:56:05","date_gmt":"2025-03-08T15:56:05","guid":{"rendered":"http:\/\/flameguard.ee.dedi7782.your-server.de\/?post_type=product&#038;p=18516"},"modified":"2025-03-15T16:14:54","modified_gmt":"2025-03-15T14:14:54","slug":"tookeskkonna-esindaja","status":"publish","type":"product","link":"https:\/\/flameguard.ee\/fi\/product\/ympariston-edustaja\/","title":{"rendered":"SHEQ-edustaja"},"content":{"rendered":"<p><strong>Ty\u00f6ymp\u00e4rist\u00f6n ammattilainen <\/strong>teht\u00e4v\u00e4n\u00e4 on organisoida yrityksen ty\u00f6terveys- ja ty\u00f6turvallisuustoimet lains\u00e4\u00e4d\u00e4nn\u00f6n vaatimusten mukaisesti, kuten riskianalyysien tekeminen tai ty\u00f6ymp\u00e4rist\u00f6valtuutettujen valitseminen. <strong>Jokaisessa yrityksess\u00e4 sen koosta riippumatta<\/strong>, on oltava ty\u00f6ymp\u00e4rist\u00f6asiantuntija, paitsi jos ty\u00f6nantaja on yrityksen ainoa sopimussuhteinen toimihenkil\u00f6.<\/p>\n<p class=\"section-title\"><strong>Ty\u00f6ymp\u00e4rist\u00f6asioista vastaava komission j\u00e4sen <\/strong>on ty\u00f6ntekij\u00f6iden edustaja ty\u00f6terveyden ja - turvallisuuden alalla, joka auttaa tunnistamaan ja v\u00e4litt\u00e4m\u00e4\u00e4n ty\u00f6nantajalle ongelmia ty\u00f6ymp\u00e4rist\u00f6ss\u00e4. Ty\u00f6ymp\u00e4rist\u00f6asiamiehen oletetaan olevan yrityksess\u00e4, joka ty\u00f6llist\u00e4\u00e4 <strong>v\u00e4hint\u00e4\u00e4n 10 ty\u00f6ntekij\u00e4\u00e4<\/strong>.<\/p>\n<p><strong>Ty\u00f6ymp\u00e4rist\u00f6neuvosto<\/strong>\u00a0on suuryritysten muodostama yhteisty\u00f6elin, joka ratkaisee ty\u00f6ntekij\u00f6iden ja ty\u00f6nantajien\u00a0<strong>yhteisty\u00f6ss\u00e4<\/strong>\u00a0ty\u00f6terveyteen ja - turvallisuuteen liittyvi\u00e4 kysymyksi\u00e4. Ty\u00f6ymp\u00e4rist\u00f6neuvosto perustetaan yrityksiin, jotka ty\u00f6llist\u00e4v\u00e4t\u00a0<strong>v\u00e4hint\u00e4\u00e4n 150 ty\u00f6ntekij\u00e4\u00e4<\/strong>, kuuluu neuvostoon\u00a0<strong>tasavertaisesti<\/strong>\u00a0sek\u00e4 ty\u00f6nantajan ett\u00e4 ty\u00f6ntekij\u00f6iden edustajia. Ty\u00f6ymp\u00e4rist\u00f6neuvoston j\u00e4senm\u00e4\u00e4r\u00e4 riippuu yrityksest\u00e4 ja on ty\u00f6nantajan p\u00e4\u00e4tett\u00e4viss\u00e4, v\u00e4himm\u00e4isj\u00e4senm\u00e4\u00e4r\u00e4 on\u00a0<strong>4 j\u00e4sent\u00e4<\/strong>\u00a0(mukaan lukien kaksi ty\u00f6nantajaa ja kaksi ty\u00f6ntekij\u00f6iden edustajaa). Ty\u00f6nantajan edustajan valtuutuksen\u00a0<strong>ty\u00f6nantaja p\u00e4\u00e4tt\u00e4\u00e4 voimassaoloajasta<\/strong>\u00a0ja ty\u00f6ntekij\u00f6iden edustajien\u00a0<strong>henkil\u00f6st\u00f6n kokous p\u00e4\u00e4tt\u00e4\u00e4 voimassaoloajasta<\/strong>. Henkil\u00f6st\u00f6n edustajat voivat erottaa henkil\u00f6st\u00f6kokouksen neuvostosta.<\/p>\n<p><strong>Laatuasiantuntija<\/strong> ty\u00f6ll\u00e4 pyrit\u00e4\u00e4n yhdess\u00e4 kollegojen kanssa varmistamaan, ett\u00e4 asiakkaiden laatuvaatimukset t\u00e4ytet\u00e4\u00e4n kest\u00e4v\u00e4ll\u00e4 ja kattavalla tavalla organisaation kaikissa osissa. Se hallinnoi jatkuvasti organisaation laadunhallintaj\u00e4rjestelm\u00e4\u00e4 toimeksiantonsa puitteissa ja varmistaa sen toiminnan.<br \/>\nKval<span id=\"67cc71dd519c1_span\" class=\"peidus\">sen on perustettava toimintansa laatujohtamisperiaatteisiin ja laatujohtajan ja prosessinomistajien asiaankuuluviin ohjeisiin ja j\u00e4rjestelyihin sek\u00e4 sille annettuihin ty\u00f6kuvauksiin.<\/span><\/p>\n<p><strong>Paloturvallisuusasiantuntija<\/strong> <strong>(taso 5)<\/strong> ty\u00f6n sis\u00e4lt\u00f6n\u00e4 on arvioida paloturvallisuustilannetta, antaa rakennuttajille, omistajille ja muille palontorjuntaan liittyv\u00e4\u00e4 neuvontaa ja ohjausta sek\u00e4 tiedottaa tulipalojen ja muiden onnettomuuksien ehk\u00e4isemisest\u00e4. Paloturvallisuusasiantuntija ty\u00f6skentelee sek\u00e4 itsen\u00e4isesti ett\u00e4 ryhm\u00e4ss\u00e4, ja h\u00e4nen ty\u00f6ns\u00e4 edellytt\u00e4\u00e4 yhteydenpitoa<span id=\"67cc72423fad1_span\" class=\"peidus\">ty\u00f6ntekij\u00f6it\u00e4 ja asiakkaita. Paloturvallisuusasiantuntijan ammatissa on my\u00f6s <strong>tason 6 paloturvallisuusasiantuntijan kutsu<\/strong>, joka paloturvallisuusasiantuntijan toiminnan lis\u00e4ksi tekee paloturvallisuusasiantuntijoita ja jolla on rakennusten paloturvallisuuteen liittyv\u00e4\u00e4 asiantuntemusta.<\/span><\/p>\n<p><strong>Riskienhallinta<\/strong> huolehtii organisaation riskinhallinnasta tunnistamalla ja analysoimalla ennakoivasti mahdollisia riskej\u00e4 ja kehitt\u00e4m\u00e4ll\u00e4 ennaltaehk\u00e4isevi\u00e4 toimenpiteit\u00e4 n\u00e4iden riskien poistamiseksi kokonaan tai lievent\u00e4miseksi. Riskinhallinnalla voi olla keskeinen rooli organisaatioissa tai yrityksiss\u00e4. Riskienhallinta on p\u00e4tev\u00e4 ammattihenkil\u00f6, joka on erikoistunut sellaisten operatiivisten tai toiminnallisten riskien k\u00e4sittelyyn, joille organisaatiot voivat altistua liiketoimintansa aikana.<\/p>\n<p><strong>Turvallisuusp\u00e4\u00e4llikk\u00f6<\/strong> keskittyy p\u00e4\u00e4asiassa onnettomuuksien ehk\u00e4isyyn. H\u00e4nt\u00e4 kutsutaan joskus my\u00f6s riskinhallinnasta vastaavaksi henkil\u00f6ksi, koska terveys- ja turvallisuusriskit on arvioitava ty\u00f6paikalla tai ty\u00f6paikalla ennen ennaltaehk\u00e4isevien tai korjaavien toimenpiteiden toteuttamista. Turvallisuusjohtajan toteuttamien korjaavien tai ehk\u00e4isevien toimenpiteiden on oltava lakien tai asetusten mukaisia. Turvallisuusp\u00e4\u00e4llik\u00f6n on tunnistettava riskit, joita tietyss\u00e4 ymp\u00e4rist\u00f6ss\u00e4 ty\u00f6skentely aiheuttaa, ja sen j\u00e4lkeen sovellettava ty\u00f6ntekij\u00f6iden suojelupolitiikkaa ja - menettelyj\u00e4.<\/p>\n<div id=\"selgi-1273345502\" class=\"selgi-content\"><\/div>","protected":false},"excerpt":{"rendered":"<p><strong>SHEQ<\/strong> <strong>edustaja<\/strong> (Safety, Health, Environment, Quality) - palvelun tarkoituksena on tukea yrityksen tai organisaation ryhm\u00e4\u00e4, jossa on oltava v\u00e4hint\u00e4\u00e4n yksi seuraavista:<\/p>\n<ul>\n<li>ty\u00f6ymp\u00e4rist\u00f6asiantuntija;<\/li>\n<li>ty\u00f6ymp\u00e4rist\u00f6asioista vastaava komission j\u00e4sen<\/li>\n<li>ty\u00f6ymp\u00e4rist\u00f6neuvoston j\u00e4sen.<\/li>\n<li>laatuasiantuntija;<\/li>\n<li>paloturvallisuusasiantuntija;<\/li>\n<li>riskienhallinta;<\/li>\n<li>turvallisuusp\u00e4\u00e4llikk\u00f6 jne.<\/li>\n<\/ul>\n<p>Ulkopuolinen asiantuntijamme tukee ja edustaa asiakasta ennalta sovittujen m\u00e4\u00e4rien ja ehtojen mukaisesti. V\u00e4hint\u00e4\u00e4n 12 kuukauden yhteisty\u00f6sopimuksella edustajalle voidaan antaa asiakasrakenteen mukainen virka-asema ja valvontaviranomaisen edustusvaltuudet (ty\u00f6suojeluhallinto, pelastusvirasto jne.). Asiakas maksaa konsulttipalveluista kuluvan tuntihinnan perusteella.<\/p>\n<p><b><span data-contrast=\"auto\">Palvelun hintaan sis\u00e4ltyy yhden tunnin mittainen asiantuntijaty\u00f6, jonka aikana organisaatioon perustuva lis\u00e4toiminta kartoitetaan ja hinnoitellaan todellisen ty\u00f6m\u00e4\u00e4r\u00e4n mukaan.\u00a0<\/span><\/b><\/p>","protected":false},"featured_media":18517,"template":"","meta":[],"product_brand":[],"product_cat":[121,120,116,119,118],"product_tag":[],"class_list":{"0":"post-18516","1":"product","2":"type-product","3":"status-publish","4":"has-post-thumbnail","6":"product_cat-keskkonnajuhtimine","7":"product_cat-kvaliteedijuhtimine","8":"product_cat-teenused","9":"product_cat-tooohutus-ja-tervishoid","10":"product_cat-tuleohutus","12":"first","13":"instock","14":"taxable","15":"shipping-taxable","16":"purchasable","17":"product-type-simple"},"_links":{"self":[{"href":"https:\/\/flameguard.ee\/fi\/wp-json\/wp\/v2\/product\/18516","targetHints":{"allow":["GET"]}}],"collection":[{"href":"https:\/\/flameguard.ee\/fi\/wp-json\/wp\/v2\/product"}],"about":[{"href":"https:\/\/flameguard.ee\/fi\/wp-json\/wp\/v2\/types\/product"}],"version-history":[{"count":6,"href":"https:\/\/flameguard.ee\/fi\/wp-json\/wp\/v2\/product\/18516\/revisions"}],"predecessor-version":[{"id":18799,"href":"https:\/\/flameguard.ee\/fi\/wp-json\/wp\/v2\/product\/18516\/revisions\/18799"}],"wp:featuredmedia":[{"embeddable":true,"href":"https:\/\/flameguard.ee\/fi\/wp-json\/wp\/v2\/media\/18517"}],"wp:attachment":[{"href":"https:\/\/flameguard.ee\/fi\/wp-json\/wp\/v2\/media?parent=18516"}],"wp:term":[{"taxonomy":"product_brand","embeddable":true,"href":"https:\/\/flameguard.ee\/fi\/wp-json\/wp\/v2\/product_brand?post=18516"},{"taxonomy":"product_cat","embeddable":true,"href":"https:\/\/flameguard.ee\/fi\/wp-json\/wp\/v2\/product_cat?post=18516"},{"taxonomy":"product_tag","embeddable":true,"href":"https:\/\/flameguard.ee\/fi\/wp-json\/wp\/v2\/product_tag?post=18516"}],"curies":[{"name":"wp","href":"https:\/\/api.w.org\/{rel}","templated":true}]}}