{"id":18522,"date":"2025-03-08T19:03:30","date_gmt":"2025-03-08T17:03:30","guid":{"rendered":"http:\/\/flameguard.ee.dedi7782.your-server.de\/?post_type=product&#038;p=18522"},"modified":"2025-03-10T10:41:34","modified_gmt":"2025-03-10T08:41:34","slug":"iso-14000-audit","status":"publish","type":"product","link":"https:\/\/flameguard.ee\/fi\/product\/iso-14000-tarkastus\/","title":{"rendered":"ISO 9001\/14001 tarkastus"},"content":{"rendered":"<p><strong>ISO 9001, 14001<\/strong> on yrityksen virallinen hallintoj\u00e4rjestelm\u00e4, jonka tavoitteena on vapaaehtoinen laadunhallinta ja ymp\u00e4rist\u00f6nsuojelu. Esimerkiksi <strong>ISO 14001<\/strong> standardissa suositellaan, ett\u00e4 hy\u00f6dylliset ymp\u00e4rist\u00f6toimet dokumentoidaan ja ett\u00e4 asiakirjan laatimiseen osallistuvat yrityksen tai organisaation eri sidosryhm\u00e4t. <strong>ISO 9001 - standardi\u00a0<\/strong>on kansainv\u00e4linen standardi, jossa m\u00e4\u00e4ritell\u00e4\u00e4n laadunhallintaj\u00e4rjestelm\u00e4n perusvaatimukset. T\u00e4t\u00e4 standardia k\u00e4ytet\u00e4\u00e4n usein tavarantoimittajien arvioinnissa, eli se on yksi perusteista hankintamenettelyiss\u00e4 tai tavarantoimittajien arviointij\u00e4rjestelmiss\u00e4.<\/p>\n<p>Lue lis\u00e4\u00e4<\/p>\n<p>https:\/\/www.iso.org\/standards\/popular\/iso-9000-family<\/p>\n<p>https:\/\/www.iso.org\/standards\/popular\/iso-14000-family<\/p>\n<p>&nbsp;<\/p>\n<p>&nbsp;<\/p>\n<p>&nbsp;<\/p>","protected":false},"excerpt":{"rendered":"<p>Yksinkertaistamalla ISO 9001 ja 14001 tarkastusta voidaan tarkastella kolmella keskeisell\u00e4 osa-alueella: vastuullisuudessa, hallinnoinnissa ja toiminnassa.<\/p>\n<ul>\n<li><strong>Vastuutarkastus<\/strong> arvioitava voimassa olevien lakien ja s\u00e4\u00e4nt\u00f6jen noudattamista.<\/li>\n<li><strong>Toiminnan tarkastus<\/strong> keskittyy j\u00e4tehuoltoon ja energiankulutukseen.<\/li>\n<li><strong>Johdon tarkastus<\/strong> verrattava tuloksia organisaation ymp\u00e4rist\u00f6j\u00e4rjestelm\u00e4n ISO 14001 tavoitteisiin.<\/li>\n<li><strong>Tilintarkastukset<\/strong> voivat arvioida ymp\u00e4rist\u00f6rikkomuksista aiheutuvien kustannusten, energians\u00e4\u00e4st\u00f6jen ja seuraamusten v\u00e4ltt\u00e4mist\u00e4.<\/li>\n<\/ul>\n<p>Konsultin tai tarkastajan suorittamassa tarkastuksessa voidaan arvioida koko laadunhallinta - tai ymp\u00e4rist\u00f6j\u00e4rjestelm\u00e4\u00e4 tai sen yksitt\u00e4isi\u00e4 osia. Yleistarkastuksessa on arvioitava hallinnon, tuotantoprosessien, k\u00e4yt\u00f6n ja j\u00e4tehuollon ymp\u00e4rist\u00f6vaikutuksia. Tarkastuksen j\u00e4lkeisess\u00e4 kertomuksessa annetaan ohjeita tehokkuuden jatkuvasta parantamisesta.<\/p>\n<p><b><span data-contrast=\"auto\">Palvelun hintaan sis\u00e4ltyy yhden tunnin mittainen asiantuntijaty\u00f6, jonka aikana organisaatioon perustuva lis\u00e4toiminta kartoitetaan ja hinnoitellaan todellisen ty\u00f6m\u00e4\u00e4r\u00e4n mukaan.\u00a0<\/span><\/b><\/p>","protected":false},"featured_media":18524,"template":"","meta":[],"product_brand":[],"product_cat":[122,121,120,116],"product_tag":[],"class_list":{"0":"post-18522","1":"product","2":"type-product","3":"status-publish","4":"has-post-thumbnail","6":"product_cat-auditeerimine","7":"product_cat-keskkonnajuhtimine","8":"product_cat-kvaliteedijuhtimine","9":"product_cat-teenused","11":"first","12":"instock","13":"taxable","14":"shipping-taxable","15":"purchasable","16":"product-type-simple"},"_links":{"self":[{"href":"https:\/\/flameguard.ee\/fi\/wp-json\/wp\/v2\/product\/18522","targetHints":{"allow":["GET"]}}],"collection":[{"href":"https:\/\/flameguard.ee\/fi\/wp-json\/wp\/v2\/product"}],"about":[{"href":"https:\/\/flameguard.ee\/fi\/wp-json\/wp\/v2\/types\/product"}],"version-history":[{"count":4,"href":"https:\/\/flameguard.ee\/fi\/wp-json\/wp\/v2\/product\/18522\/revisions"}],"predecessor-version":[{"id":18527,"href":"https:\/\/flameguard.ee\/fi\/wp-json\/wp\/v2\/product\/18522\/revisions\/18527"}],"wp:featuredmedia":[{"embeddable":true,"href":"https:\/\/flameguard.ee\/fi\/wp-json\/wp\/v2\/media\/18524"}],"wp:attachment":[{"href":"https:\/\/flameguard.ee\/fi\/wp-json\/wp\/v2\/media?parent=18522"}],"wp:term":[{"taxonomy":"product_brand","embeddable":true,"href":"https:\/\/flameguard.ee\/fi\/wp-json\/wp\/v2\/product_brand?post=18522"},{"taxonomy":"product_cat","embeddable":true,"href":"https:\/\/flameguard.ee\/fi\/wp-json\/wp\/v2\/product_cat?post=18522"},{"taxonomy":"product_tag","embeddable":true,"href":"https:\/\/flameguard.ee\/fi\/wp-json\/wp\/v2\/product_tag?post=18522"}],"curies":[{"name":"wp","href":"https:\/\/api.w.org\/{rel}","templated":true}]}}