{"id":18533,"date":"2025-03-08T21:32:10","date_gmt":"2025-03-08T19:32:10","guid":{"rendered":"http:\/\/flameguard.ee.dedi7782.your-server.de\/?post_type=product&#038;p=18533"},"modified":"2025-03-08T21:58:30","modified_gmt":"2025-03-08T19:58:30","slug":"fipron-cord-1-tulekustusnoor-kopeeri","status":"publish","type":"product","link":"https:\/\/flameguard.ee\/fi\/product\/fipron-cord-1-nuorempi-kopioi\/","title":{"rendered":"FIPRON CORD 1 - palonsammutuslanka"},"content":{"rendered":"<p>Tuote on teknisten vaatimusten mukainen ja tarjoaa tehokkaan suojan erilaisissa olosuhteissa ja olosuhteissa.<\/p>\n<p><a style=\"color: #fe312e;\" href=\"https:\/\/flameguard.ee\/wp-content\/uploads\/2025\/03\/Certificate-of-conformity-CORD.pdf\" target=\"_blank\" rel=\"noopener\"><img decoding=\"async\" src=\"\/wp-content\/uploads\/2025\/02\/pdf-icon.webp\" \/> Todistus<\/a><\/p>\n<p><a style=\"color: #fe312e;\" href=\"\/wp-content\/uploads\/2025\/03\/Fipron-Broshure-EST.pdf\" target=\"_blank\" rel=\"noopener\"><img decoding=\"async\" src=\"\/wp-content\/uploads\/2025\/02\/pdf-icon.webp\" \/> Tuotekortti<\/a><\/p>\n<p><a style=\"color: #fe312e;\" href=\"\/wp-content\/uploads\/2025\/03\/Fipron-Broshure-EST2-1.pdf\" target=\"_blank\" rel=\"noopener\"><img decoding=\"async\" src=\"\/wp-content\/uploads\/2025\/02\/pdf-icon.webp\" \/> Tuotekortti<\/a><\/p>","protected":false},"excerpt":{"rendered":"<p><strong>FIPRON\u2122 CORD 1 <\/strong>on narutyyppinen itsen\u00e4inen palonsammutuslaite, joka sis\u00e4lt\u00e4\u00e4 mikrokapseleita, joissa on sammutusaine ja jotka aktivoituvat tietyss\u00e4 l\u00e4mp\u00f6tilassa. Se on innovatiivinen ja uusi ratkaisu, joka on erityisesti suunniteltu sammuttamaan tulta IP20 ja edistyneemmill\u00e4 paneeleilla ja s\u00e4hk\u00f6asennuksilla, joiden tilavuus on enint\u00e4\u00e4n 2000 litraa. FIPRON\u2122 CORD toimii \u00e4lykk\u00e4\u00e4n\u00e4 ja itsen\u00e4isen\u00e4 tulensammutuslaitteena, joka aktivoituu 120 \u00b0C:n l\u00e4mp\u00f6tilassa vapauttamalla kapseleista sammutusaineen, joka sammuttaa tulen. Tuotteet ovat hyvin joustavia ja helposti asennettavissa pieniin paikkoihin. Tarrat ovat kevyit\u00e4, ja niit\u00e4 voidaan k\u00e4ytt\u00e4\u00e4 \u2013 50-+80 \u00b0C:n l\u00e4mp\u00f6tilassa, eiv\u00e4tk\u00e4 ne sis\u00e4ll\u00e4 otsonikerrosta heikent\u00e4vi\u00e4 aineita. Takuuaika asennuksen j\u00e4lkeen on viisi vuotta.<\/p>\n<p><strong>Tekniset tiedot:<\/strong><\/p>\n<p><strong>CORD 1<\/strong> (Tuotekoodi C01100100): 1 metri lankaa on tarkoitettu sammuttamaan tulipaloja enint\u00e4\u00e4n 100 litran asennuksissa. Suurin suositeltu k\u00e4ytt\u00f6m\u00e4\u00e4r\u00e4 laitteistossa, jonka tilavuus on enint\u00e4\u00e4n 400 L.<\/p>\n<p>Aktivointil\u00e4mp\u00f6tila: 120 \u00b0C<br \/>\nTy\u00f6ymp\u00e4rist\u00f6n kosteus enint\u00e4\u00e4n 90%<br \/>\nK\u00e4ytt\u00f6l\u00e4mp\u00f6tila: -50 \u00b0C \u2013 +80 \u00b0C<br \/>\nSammutusaineen kuvaus: 3M\u2122 Novec\u2122 1230 SAMMUTUSAINE<\/p>\n<p>&nbsp;<\/p>","protected":false},"featured_media":18530,"template":"","meta":[],"product_brand":[],"product_cat":[125,83],"product_tag":[],"class_list":{"0":"post-18533","1":"product","2":"type-product","3":"status-publish","4":"has-post-thumbnail","6":"product_cat-innovatsioon","7":"product_cat-tulekustutid","9":"first","10":"instock","11":"taxable","12":"shipping-taxable","13":"purchasable","14":"product-type-simple"},"_links":{"self":[{"href":"https:\/\/flameguard.ee\/fi\/wp-json\/wp\/v2\/product\/18533","targetHints":{"allow":["GET"]}}],"collection":[{"href":"https:\/\/flameguard.ee\/fi\/wp-json\/wp\/v2\/product"}],"about":[{"href":"https:\/\/flameguard.ee\/fi\/wp-json\/wp\/v2\/types\/product"}],"version-history":[{"count":4,"href":"https:\/\/flameguard.ee\/fi\/wp-json\/wp\/v2\/product\/18533\/revisions"}],"predecessor-version":[{"id":18551,"href":"https:\/\/flameguard.ee\/fi\/wp-json\/wp\/v2\/product\/18533\/revisions\/18551"}],"wp:featuredmedia":[{"embeddable":true,"href":"https:\/\/flameguard.ee\/fi\/wp-json\/wp\/v2\/media\/18530"}],"wp:attachment":[{"href":"https:\/\/flameguard.ee\/fi\/wp-json\/wp\/v2\/media?parent=18533"}],"wp:term":[{"taxonomy":"product_brand","embeddable":true,"href":"https:\/\/flameguard.ee\/fi\/wp-json\/wp\/v2\/product_brand?post=18533"},{"taxonomy":"product_cat","embeddable":true,"href":"https:\/\/flameguard.ee\/fi\/wp-json\/wp\/v2\/product_cat?post=18533"},{"taxonomy":"product_tag","embeddable":true,"href":"https:\/\/flameguard.ee\/fi\/wp-json\/wp\/v2\/product_tag?post=18533"}],"curies":[{"name":"wp","href":"https:\/\/api.w.org\/{rel}","templated":true}]}}