{"id":18604,"date":"2025-03-10T09:08:05","date_gmt":"2025-03-10T07:08:05","guid":{"rendered":"http:\/\/flameguard.ee.dedi7782.your-server.de\/?post_type=product&#038;p=18604"},"modified":"2025-03-10T11:15:23","modified_gmt":"2025-03-10T09:15:23","slug":"kuttesusteemide-eksperthinnang","status":"publish","type":"product","link":"https:\/\/flameguard.ee\/fi\/product\/kuntoiluteemoja-koskeva-asiantuntija-arviointi\/","title":{"rendered":"L\u00e4mmitysj\u00e4rjestelmien asiantuntija-arviointi"},"content":{"rendered":"<p><strong>Miksi tarvitaan l\u00e4mmitysj\u00e4rjestelm\u00e4n asiantuntija-arvio<\/strong><\/p>\n<p>P\u00e4\u00e4asiassa l\u00e4mmitysj\u00e4rjestelmien asiantuntija-arviointi on tarpeen luvan hakemiseksi tai pelastusviranomaisen pyynn\u00f6st\u00e4. Joissakin tapauksissa asiantuntija-arviota pyydet\u00e4\u00e4n my\u00f6s kiinteist\u00f6n ostamisen j\u00e4lkeen peiteltyjen puutteiden havaitsemiseksi. Sen vuoksi on suositeltavaa tilata asiantuntija-arvio ennen kiinteist\u00f6n ostamista, jotta saadaan yleiskuva l\u00e4mmitysj\u00e4rjestelm\u00e4n ja l\u00e4mmityskattiloiden tilasta. N\u00e4in voidaan v\u00e4ltt\u00e4\u00e4 mahdolliset ongelmat, joita voi ilmet\u00e4 my\u00f6hemmin myyntisopimuksen tekemisen j\u00e4lkeen. Erityisen vaikeita ovat tilanteet, joissa asunto hankitaan kev\u00e4\u00e4ll\u00e4 ja l\u00e4mmitysj\u00e4rjestelm\u00e4n viat ilmenev\u00e4t vasta l\u00e4mmityskauden alussa.<\/p>","protected":false},"excerpt":{"rendered":"<p>L\u00e4mmitysj\u00e4rjestelmien asiantuntija-arviointeja tai auditointeja tarvitaan yleens\u00e4 kahdesta syyst\u00e4. Ensinn\u00e4kin siin\u00e4 annetaan rakennuksen omistajalle tarvittavat tiedot l\u00e4mmityskattiloiden k\u00e4yt\u00f6n turvallisuudesta ja selitet\u00e4\u00e4n, onko l\u00e4mmitysj\u00e4rjestelm\u00e4\u00e4 tarpeen muuttaa tai korjata. Toiseksi l\u00e4mmitysj\u00e4rjestelm\u00e4n asiantuntija-arviointi on yksi monista asiakirjoista, joita tarvitaan lupamenettelyss\u00e4.<\/p>\n<p>L\u00e4mmitysj\u00e4rjestelmi\u00e4 ja l\u00e4mmityskattiloita koskevaan asiantuntijalausuntoon sis\u00e4ltyy yleens\u00e4 ensin l\u00e4mmityslaitteiden tarkastus ja niiden eheyden arviointi. Lis\u00e4ksi seuraavat seikat ovat t\u00e4rkeit\u00e4:<\/p>\n<ul>\n<li>savupiippujen kunnon tarkastus;<\/li>\n<li>yhdysjohtojen valvonta;<\/li>\n<li>sen arviointi, onko l\u00e4mmitysj\u00e4rjestelm\u00e4 rakennusvaatimusten mukainen, paloturvallisuusvaatimukset mukaan luettuina;<\/li>\n<li>palontorjuntaosastojen eheys;<\/li>\n<li>l\u00e4mmitysj\u00e4rjestelm\u00e4\u00e4 koskevien olemassa olevien asiakirjojen tarkistaminen.<\/li>\n<\/ul>\n<div class=\"elementor-element elementor-element-53ce8fe2 elementor-widget elementor-widget-text-editor\" data-id=\"53ce8fe2\" data-element_type=\"widget\" data-widget_type=\"text-editor.default\">\n<div class=\"elementor-widget-container\">\n<p><strong>Asiantuntija-arviointi voidaan tehd\u00e4 ainoastaan voimassa olevan <\/strong><strong><span class=\"elementor-icon-list-text\">nuohooja-mestari taso 5, <\/span><\/strong><strong><span class=\"elementor-icon-list-text\">savenvalajan mestari taso 5, <\/span><\/strong><strong><span class=\"elementor-icon-list-text\">paloturvallisuusasiantuntija taso 6 <\/span><\/strong><strong>\u00a0henkil\u00f6, jolla on ammattip\u00e4tevyys.<\/strong><\/p>\n<\/div>\n<\/div>\n<div class=\"elementor-element elementor-element-7fe0e6ac elementor-align-left elementor-icon-list--layout-traditional elementor-list-item-link-full_width elementor-widget elementor-widget-icon-list\" data-id=\"7fe0e6ac\" data-element_type=\"widget\" data-widget_type=\"icon-list.default\">\n<div class=\"elementor-widget-container\">\n<p><b><span data-contrast=\"auto\">Palvelun hintaan sis\u00e4ltyy yhden tunnin mittainen asiantuntijaty\u00f6, jonka aikana lis\u00e4toimet kartoitetaan ja hinnoitellaan todellisen ty\u00f6m\u00e4\u00e4r\u00e4n mukaan.\u00a0<\/span><\/b><\/p>\n<\/div>\n<\/div>","protected":false},"featured_media":18605,"template":"","meta":[],"product_brand":[],"product_cat":[122,116,118],"product_tag":[],"class_list":{"0":"post-18604","1":"product","2":"type-product","3":"status-publish","4":"has-post-thumbnail","6":"product_cat-auditeerimine","7":"product_cat-teenused","8":"product_cat-tuleohutus","10":"first","11":"instock","12":"taxable","13":"shipping-taxable","14":"purchasable","15":"product-type-simple"},"_links":{"self":[{"href":"https:\/\/flameguard.ee\/fi\/wp-json\/wp\/v2\/product\/18604","targetHints":{"allow":["GET"]}}],"collection":[{"href":"https:\/\/flameguard.ee\/fi\/wp-json\/wp\/v2\/product"}],"about":[{"href":"https:\/\/flameguard.ee\/fi\/wp-json\/wp\/v2\/types\/product"}],"version-history":[{"count":8,"href":"https:\/\/flameguard.ee\/fi\/wp-json\/wp\/v2\/product\/18604\/revisions"}],"predecessor-version":[{"id":18614,"href":"https:\/\/flameguard.ee\/fi\/wp-json\/wp\/v2\/product\/18604\/revisions\/18614"}],"wp:featuredmedia":[{"embeddable":true,"href":"https:\/\/flameguard.ee\/fi\/wp-json\/wp\/v2\/media\/18605"}],"wp:attachment":[{"href":"https:\/\/flameguard.ee\/fi\/wp-json\/wp\/v2\/media?parent=18604"}],"wp:term":[{"taxonomy":"product_brand","embeddable":true,"href":"https:\/\/flameguard.ee\/fi\/wp-json\/wp\/v2\/product_brand?post=18604"},{"taxonomy":"product_cat","embeddable":true,"href":"https:\/\/flameguard.ee\/fi\/wp-json\/wp\/v2\/product_cat?post=18604"},{"taxonomy":"product_tag","embeddable":true,"href":"https:\/\/flameguard.ee\/fi\/wp-json\/wp\/v2\/product_tag?post=18604"}],"curies":[{"name":"wp","href":"https:\/\/api.w.org\/{rel}","templated":true}]}}