{"id":18616,"date":"2025-03-10T10:17:48","date_gmt":"2025-03-10T08:17:48","guid":{"rendered":"http:\/\/flameguard.ee.dedi7782.your-server.de\/?post_type=product&#038;p=18616"},"modified":"2025-03-10T11:09:14","modified_gmt":"2025-03-10T09:09:14","slug":"tuleohutusaudit","status":"publish","type":"product","link":"https:\/\/flameguard.ee\/fi\/product\/palotarkastus\/","title":{"rendered":"Palotarkastus"},"content":{"rendered":"<p><strong>Miksi tarvitsemme palotarkastuksen? <\/strong><\/p>\n<p>Rakennuksen palotarkastuksen tarkoituksena on arvioida rakennuksen paloturvallisuutta. Rakennus on suunniteltava ja rakennettava siten, ett\u00e4 tulipalon syttyess\u00e4<\/p>\n<ul>\n<li>rakennuksen kantavuus s\u00e4ilyy vaaditun ajan;<\/li>\n<li>tulen ja savun muodostuminen ja levi\u00e4minen rakennuksessa on rajallista;<\/li>\n<li>tulipalon levi\u00e4minen naapurirakennuksiin on rajallista;<\/li>\n<li>turvallinen evakuointi on varmistettu;<\/li>\n<li>pelastushenkil\u00f6st\u00f6n turvallisuus ja toimintamahdollisuudet on otettu huomioon.<\/li>\n<\/ul>\n<p>Rakennuskohteen paloturvallisuustarkastus on tarpeen rakennuskohteen k\u00e4ytt\u00f6luvan saamiseksi, jos<\/p>\n<ul>\n<li>pelastusviranomaisen koordinoimaa rakennushanketta ei ole;<\/li>\n<li>rakennus on rakenteeltaan olennaisesti erilainen kuin koordinoitu hanke;<\/li>\n<li>rakennuksen k\u00e4ytt\u00f6tapa muuttuu;<\/li>\n<li>rakentamista ja rakennusmateriaalien turvallisuutta koskevia asiakirjoja ei ole.<\/li>\n<\/ul>","protected":false},"excerpt":{"rendered":"<p>Teemme palotarkastuksen yksityisasuntoihin, apurakennuksiin, kerrostaloihin sek\u00e4 teollisuus-, toimisto- ja kokoontumisrakennuksiin. Palotarkastuksen on alettava tarkastamalla rakennuksen paloturvallisuusasiakirjat, ja sen j\u00e4lkeen on suoritettava laitostarkastus. Tarkastuksessa on tarkastettava my\u00f6s palontorjuntalaitteistojen kunto ja rakenne. Lopputuloksena on palotarkastuksen valmistuminen. Jos paloturvallisuudessa ilmenee puutteita, neuvomme korjaamaan ne. Lis\u00e4ksi voimme tarvittaessa auttaa korjaamaan havaitut puutteet.<\/p>\n<div class=\"elementor-element elementor-element-53ce8fe2 elementor-widget elementor-widget-text-editor\" data-id=\"53ce8fe2\" data-element_type=\"widget\" data-widget_type=\"text-editor.default\">\n<div class=\"elementor-widget-container\">\n<p><strong>Asiantuntija-arviointi voidaan tehd\u00e4 ainoastaan voimassa olevan <\/strong><strong><span class=\"elementor-icon-list-text\">paloturvallisuusasiantuntija taso 6 <\/span><\/strong><strong>henkil\u00f6, jolla on ammattip\u00e4tevyys.<\/strong><\/p>\n<\/div>\n<\/div>\n<div class=\"elementor-element elementor-element-7fe0e6ac elementor-align-left elementor-icon-list--layout-traditional elementor-list-item-link-full_width elementor-widget elementor-widget-icon-list\" data-id=\"7fe0e6ac\" data-element_type=\"widget\" data-widget_type=\"icon-list.default\">\n<div class=\"elementor-widget-container\">\n<p><b><span data-contrast=\"auto\">Palvelun hintaan sis\u00e4ltyy yhden tunnin mittainen asiantuntijaty\u00f6, jonka aikana lis\u00e4toimet kartoitetaan ja hinnoitellaan todellisen ty\u00f6m\u00e4\u00e4r\u00e4n mukaan.\u00a0<\/span><\/b><\/p>\n<\/div>\n<\/div>","protected":false},"featured_media":18617,"template":"","meta":[],"product_brand":[],"product_cat":[122,116,118],"product_tag":[],"class_list":{"0":"post-18616","1":"product","2":"type-product","3":"status-publish","4":"has-post-thumbnail","6":"product_cat-auditeerimine","7":"product_cat-teenused","8":"product_cat-tuleohutus","10":"first","11":"instock","12":"taxable","13":"shipping-taxable","14":"purchasable","15":"product-type-simple"},"_links":{"self":[{"href":"https:\/\/flameguard.ee\/fi\/wp-json\/wp\/v2\/product\/18616","targetHints":{"allow":["GET"]}}],"collection":[{"href":"https:\/\/flameguard.ee\/fi\/wp-json\/wp\/v2\/product"}],"about":[{"href":"https:\/\/flameguard.ee\/fi\/wp-json\/wp\/v2\/types\/product"}],"version-history":[{"count":1,"href":"https:\/\/flameguard.ee\/fi\/wp-json\/wp\/v2\/product\/18616\/revisions"}],"predecessor-version":[{"id":18619,"href":"https:\/\/flameguard.ee\/fi\/wp-json\/wp\/v2\/product\/18616\/revisions\/18619"}],"wp:featuredmedia":[{"embeddable":true,"href":"https:\/\/flameguard.ee\/fi\/wp-json\/wp\/v2\/media\/18617"}],"wp:attachment":[{"href":"https:\/\/flameguard.ee\/fi\/wp-json\/wp\/v2\/media?parent=18616"}],"wp:term":[{"taxonomy":"product_brand","embeddable":true,"href":"https:\/\/flameguard.ee\/fi\/wp-json\/wp\/v2\/product_brand?post=18616"},{"taxonomy":"product_cat","embeddable":true,"href":"https:\/\/flameguard.ee\/fi\/wp-json\/wp\/v2\/product_cat?post=18616"},{"taxonomy":"product_tag","embeddable":true,"href":"https:\/\/flameguard.ee\/fi\/wp-json\/wp\/v2\/product_tag?post=18616"}],"curies":[{"name":"wp","href":"https:\/\/api.w.org\/{rel}","templated":true}]}}