{"id":18620,"date":"2025-03-10T10:44:44","date_gmt":"2025-03-10T08:44:44","guid":{"rendered":"http:\/\/flameguard.ee.dedi7782.your-server.de\/?post_type=product&#038;p=18620"},"modified":"2025-03-10T10:55:35","modified_gmt":"2025-03-10T08:55:35","slug":"tookeskkonna-sisekontroll","status":"publish","type":"product","link":"https:\/\/flameguard.ee\/fi\/product\/sisainen-tuotevalvonta\/","title":{"rendered":"Ty\u00f6ymp\u00e4rist\u00f6n sis\u00e4inen valvonta"},"content":{"rendered":"<p><strong>Ty\u00f6terveys- ja ty\u00f6turvallisuuslain mukaan ty\u00f6nantajan on suoritettava j\u00e4rjestelm\u00e4llinen sis\u00e4inen ty\u00f6ymp\u00e4rist\u00f6n tarkastus<\/strong>, jossa h\u00e4n suunnittelee, organisoi ja valvoo yrityksen ty\u00f6terveys- ja ty\u00f6turvallisuustilannetta lain vaatimusten mukaisesti. Sis\u00e4inen ty\u00f6ymp\u00e4rist\u00f6n valvonta on olennainen osa yrityksen toimintaa, johon ty\u00f6ntekij\u00e4t osallistuvat ja joka perustuu\u00a0<a title=\"Riskianalyysi\" href=\"https:\/\/www.tooelu.ee\/et\/79\/riskianaluus\" data-entity-substitution=\"canonical\" data-entity-type=\"node\" data-entity-uuid=\"3bd0dc6b-1944-4de7-a3b0-7188453c318d\" target=\"_blank\" rel=\"noopener\">ty\u00f6ymp\u00e4rist\u00f6\u00f6n liittyv\u00e4n riskianalyysin\u00a0<\/a>tulokset. Sis\u00e4iseen valvontaan kuuluvat kaikki yrityksen p\u00e4ivitt\u00e4iset toiminnot ja ty\u00f6asiakirjat, jotka ovat osa ty\u00f6turvallisuuden ja - terveyden hallintaa asetettujen vaatimusten mukaisesti (t\u00e4rkeit\u00e4 ovat sek\u00e4 lakis\u00e4\u00e4teiset vaatimukset ett\u00e4 yrityksen itse laatimat s\u00e4\u00e4nn\u00f6t): ty\u00f6ohjeet, henkil\u00f6st\u00f6n ohjaus ja koulutus, riskianalyysin parantaminen, ty\u00f6ymp\u00e4rist\u00f6\u00e4 koskevan toimintasuunnitelman noudattaminen, vaaratilanteista raportointi, laitteiden asianmukainen huolto jne.<\/p>\n<p>Sen varmistamiseksi, ett\u00e4 kaikki toimet toimivat asianmukaisesti, ty\u00f6ymp\u00e4rist\u00f6n sis\u00e4isen valvonnan j\u00e4rjest\u00e4mist\u00e4 tarkistetaan ja sen tuloksia analysoidaan vuosittain ja tarvittaessa mukautetaan muuttuneisiin olosuhteisiin. Tarkistetaan kaikki yrityst\u00e4 koskevat lakis\u00e4\u00e4teiset vaatimukset, sis\u00e4iset s\u00e4\u00e4nn\u00f6kset, tarkastetaan toiminnan vaatimustenmukaisuus ja seurataan merkitt\u00e4vien ty\u00f6ymp\u00e4rist\u00f6indikaattoreiden kehityst\u00e4 (esim. ty\u00f6tapaturmien tai sairauslomap\u00e4ivien lukum\u00e4\u00e4r\u00e4 ty\u00f6ntekij\u00e4\u00e4 kohti). Sis\u00e4isen valvonnan menetelm\u00e4lle ei ole asetettu tiukkoja vaatimuksia, ja ty\u00f6nantaja valitsee asianmukaisen l\u00e4hestymistavan yhteisty\u00f6ss\u00e4 ty\u00f6ntekij\u00f6iden tai heid\u00e4n edustajiensa kanssa.<\/p>\n<p>Erityist\u00e4 huomiota olisi kiinnitett\u00e4v\u00e4 my\u00f6s ymp\u00e4r\u00f6iv\u00e4\u00e4n v\u00e4est\u00f6\u00f6n ja syrj\u00e4isiin henkil\u00f6ihin \u2013 eik\u00e4 yrityksen toiminta vaaranna heit\u00e4 tai saata heit\u00e4 ep\u00e4edulliseen asemaan.<\/p>","protected":false},"excerpt":{"rendered":"<p>Sis\u00e4isen valvonnan olisi perustuttava ty\u00f6terveys- ja ty\u00f6turvallisuuslain mukaisiin ty\u00f6nantajan velvoitteisiin. Tarkastettavan on kyett\u00e4v\u00e4 vastaamaan kysymykseen siit\u00e4, t\u00e4yttyyk\u00f6 lakis\u00e4\u00e4teinen vaatimus yrityksess\u00e4, j\u00e4rjestet\u00e4\u00e4nk\u00f6 lakis\u00e4\u00e4teinen toiminta ja miten se toimii k\u00e4yt\u00e4nn\u00f6ss\u00e4? Yrityksen tai laitoksen erityispiirteist\u00e4 riippuen kaikkien lain vaatimusten noudattaminen ei v\u00e4ltt\u00e4m\u00e4tt\u00e4 ole tarpeen, ja se selvitet\u00e4\u00e4n sis\u00e4isess\u00e4 tarkastuksessa. Sis\u00e4isen valvonnan suorittamiseksi on tarpeen m\u00e4\u00e4ritell\u00e4, kenen ja milloin sis\u00e4isen valvonnan toimintoja on harjoitettava ja mitk\u00e4 ovat yrityksen ty\u00f6ymp\u00e4rist\u00f6n hallinnointiin liittyv\u00e4t velvollisuudet.<\/p>\n<p><b><span data-contrast=\"auto\">Palvelun hintaan sis\u00e4ltyy tunnin mittainen asiantuntijaty\u00f6, jonka aikana lis\u00e4toimet kartoitetaan ja hinnoitellaan todellisen ty\u00f6m\u00e4\u00e4r\u00e4n mukaan.<\/span><\/b><\/p>","protected":false},"featured_media":18621,"template":"","meta":[],"product_brand":[],"product_cat":[122,116,119],"product_tag":[],"class_list":{"0":"post-18620","1":"product","2":"type-product","3":"status-publish","4":"has-post-thumbnail","6":"product_cat-auditeerimine","7":"product_cat-teenused","8":"product_cat-tooohutus-ja-tervishoid","10":"first","11":"instock","12":"taxable","13":"shipping-taxable","14":"purchasable","15":"product-type-simple"},"_links":{"self":[{"href":"https:\/\/flameguard.ee\/fi\/wp-json\/wp\/v2\/product\/18620","targetHints":{"allow":["GET"]}}],"collection":[{"href":"https:\/\/flameguard.ee\/fi\/wp-json\/wp\/v2\/product"}],"about":[{"href":"https:\/\/flameguard.ee\/fi\/wp-json\/wp\/v2\/types\/product"}],"version-history":[{"count":1,"href":"https:\/\/flameguard.ee\/fi\/wp-json\/wp\/v2\/product\/18620\/revisions"}],"predecessor-version":[{"id":18623,"href":"https:\/\/flameguard.ee\/fi\/wp-json\/wp\/v2\/product\/18620\/revisions\/18623"}],"wp:featuredmedia":[{"embeddable":true,"href":"https:\/\/flameguard.ee\/fi\/wp-json\/wp\/v2\/media\/18621"}],"wp:attachment":[{"href":"https:\/\/flameguard.ee\/fi\/wp-json\/wp\/v2\/media?parent=18620"}],"wp:term":[{"taxonomy":"product_brand","embeddable":true,"href":"https:\/\/flameguard.ee\/fi\/wp-json\/wp\/v2\/product_brand?post=18620"},{"taxonomy":"product_cat","embeddable":true,"href":"https:\/\/flameguard.ee\/fi\/wp-json\/wp\/v2\/product_cat?post=18620"},{"taxonomy":"product_tag","embeddable":true,"href":"https:\/\/flameguard.ee\/fi\/wp-json\/wp\/v2\/product_tag?post=18620"}],"curies":[{"name":"wp","href":"https:\/\/api.w.org\/{rel}","templated":true}]}}