{"id":18645,"date":"2025-03-11T08:57:27","date_gmt":"2025-03-11T06:57:27","guid":{"rendered":"http:\/\/flameguard.ee.dedi7782.your-server.de\/?post_type=product&#038;p=18645"},"modified":"2025-03-11T09:18:20","modified_gmt":"2025-03-11T07:18:20","slug":"objekti-ohutusringkaik","status":"publish","type":"product","link":"https:\/\/flameguard.ee\/fi\/product\/kohteen-turvallisuusohje\/","title":{"rendered":"Kohteen turvallisuusk\u00e4ynti"},"content":{"rendered":"<p>Rakennusalalla ty\u00f6ntekij\u00e4t k\u00e4rsiv\u00e4t lukuisista ty\u00f6tapaturmista. L\u00e4hes kolmasosa tapauksista johtaa vakavaan terveydentilan heikkenemiseen. Suuria kaatumisia, k\u00e4sity\u00f6kalun hallinnan menetyksi\u00e4, putoavia materiaaleja tai esineit\u00e4 esiintyy useammin rakennusalalla kuin muilla aloilla. Vakava ty\u00f6tapaturma v\u00e4hent\u00e4\u00e4 merkitt\u00e4v\u00e4sti ty\u00f6kykyisen henkil\u00f6n tuloja tai tekee h\u00e4nest\u00e4 riippuvaisen valtiosta ja perheest\u00e4. Ty\u00f6ntekij\u00e4 ja h\u00e4nen l\u00e4heisens\u00e4 tai ty\u00f6nantaja, jonka johdolla ty\u00f6t\u00e4 tehd\u00e4\u00e4n, eiv\u00e4t halua sit\u00e4. Rakentaminen on toimintaa, jolle ovat usein ominaisia muuttuvat ty\u00f6paikat ja vaaralliset ty\u00f6t. Ei-toivottuja seurauksia voi synty\u00e4 my\u00f6s silloin, kun eri ty\u00f6nantajien ty\u00f6ntekij\u00f6iden yhteistoimintaa ei koordinoida. Jokaiselta ty\u00f6nantajalta ja p\u00e4\u00e4urakoitsijalta edellytet\u00e4\u00e4n, ett\u00e4 ty\u00f6maalla huolehditaan huolellisista ja p\u00e4tev\u00e4n henkil\u00f6st\u00f6n tekemist\u00e4 turvatoimista.<br \/>\nVaikka tietoisuus turvallisuusvaatimuksista on lis\u00e4\u00e4ntynyt huomattavasti vuosien mittaan, esimerkiksi tilap\u00e4isiss\u00e4 korkeissa t\u00f6iss\u00e4 rakennusty\u00f6mailla tavataan liian usein ty\u00f6ntekij\u00f6it\u00e4, joilla ei ole turvavaljaita. Jotkin vaatimukset voidaan tietoisesti j\u00e4tt\u00e4\u00e4 huomiotta, mutta korkeissa t\u00f6iss\u00e4 on valvottava t\u00f6iden turvallista suorittamista. Ty\u00f6nantaja ja p\u00e4\u00e4urakoitsija ovat vastuussa siit\u00e4, ettei rakennusty\u00f6 vaaranna ty\u00f6ntekij\u00e4\u00e4. Sen vuoksi valvonnan ja turvallisuuden koordinointia on lis\u00e4tt\u00e4v\u00e4 erityisesti kaikissa vaarallisissa t\u00f6iss\u00e4.<\/p>","protected":false},"excerpt":{"rendered":"<p>Turvallisuusp\u00e4\u00e4llik\u00f6n on teht\u00e4v\u00e4 rakennusty\u00f6maalla v\u00e4hint\u00e4\u00e4n viikoittain yleinen tarkastus, jossa tarkastetaan rakennusty\u00f6maan ja rakennusty\u00f6v\u00e4lineiden, kuten rakennustelineiden, tikkaiden ja nostolaitteiden, kunnon sek\u00e4 ty\u00f6terveys- ja ty\u00f6turvallisuusvaatimusten noudattaminen. Ty\u00f6maalla on tarkastettava kulkuv\u00e4yl\u00e4t ja niiden merkinn\u00e4t, joita on tarvittaessa huollettava; ty\u00f6lavojen vakaus ja lujuus; s\u00e4hk\u00f6laitteistot;<br \/>\njoihin sateet voivat vaikuttaa; varoitusmerkit; henkil\u00f6nsuojainten k\u00e4ytt\u00f6, vaarallisten aineiden ja palavien aineiden varastointi; peruspalonsammutuslaitteiden olemassaolo ja kunnossapito; kaivaust\u00f6iden turvallisuus; korkea-asteen ty\u00f6n turvallisuus ja p\u00e4tevyys; johdannaist\u00f6iden turvallisuus ja p\u00e4tevyys; ymp\u00e4rist\u00f6vaatimusten noudattaminen jne.<\/p>\n<p>Ty\u00f6maalla tehdyist\u00e4 tarkastuksista on laadittava asiakirjat, joista k\u00e4yv\u00e4t ilmi tarkastukseen osallistuneet henkil\u00f6t, tarkastuksen ajankohta, havaitut puutteet ja mahdolliset parannusehdotukset.<\/p>\n<p><b><span data-contrast=\"auto\">Palvelun hintaan sis\u00e4ltyy tunnin mittainen asiantuntijaty\u00f6, jonka aikana lis\u00e4toimet kartoitetaan ja hinnoitellaan todellisen ty\u00f6m\u00e4\u00e4r\u00e4n mukaan.<\/span><\/b><\/p>","protected":false},"featured_media":18647,"template":"","meta":[],"product_brand":[],"product_cat":[122,121,120,116,119,118],"product_tag":[],"class_list":{"0":"post-18645","1":"product","2":"type-product","3":"status-publish","4":"has-post-thumbnail","6":"product_cat-auditeerimine","7":"product_cat-keskkonnajuhtimine","8":"product_cat-kvaliteedijuhtimine","9":"product_cat-teenused","10":"product_cat-tooohutus-ja-tervishoid","11":"product_cat-tuleohutus","13":"first","14":"instock","15":"taxable","16":"shipping-taxable","17":"purchasable","18":"product-type-simple"},"_links":{"self":[{"href":"https:\/\/flameguard.ee\/fi\/wp-json\/wp\/v2\/product\/18645","targetHints":{"allow":["GET"]}}],"collection":[{"href":"https:\/\/flameguard.ee\/fi\/wp-json\/wp\/v2\/product"}],"about":[{"href":"https:\/\/flameguard.ee\/fi\/wp-json\/wp\/v2\/types\/product"}],"version-history":[{"count":3,"href":"https:\/\/flameguard.ee\/fi\/wp-json\/wp\/v2\/product\/18645\/revisions"}],"predecessor-version":[{"id":18650,"href":"https:\/\/flameguard.ee\/fi\/wp-json\/wp\/v2\/product\/18645\/revisions\/18650"}],"wp:featuredmedia":[{"embeddable":true,"href":"https:\/\/flameguard.ee\/fi\/wp-json\/wp\/v2\/media\/18647"}],"wp:attachment":[{"href":"https:\/\/flameguard.ee\/fi\/wp-json\/wp\/v2\/media?parent=18645"}],"wp:term":[{"taxonomy":"product_brand","embeddable":true,"href":"https:\/\/flameguard.ee\/fi\/wp-json\/wp\/v2\/product_brand?post=18645"},{"taxonomy":"product_cat","embeddable":true,"href":"https:\/\/flameguard.ee\/fi\/wp-json\/wp\/v2\/product_cat?post=18645"},{"taxonomy":"product_tag","embeddable":true,"href":"https:\/\/flameguard.ee\/fi\/wp-json\/wp\/v2\/product_tag?post=18645"}],"curies":[{"name":"wp","href":"https:\/\/api.w.org\/{rel}","templated":true}]}}