{"id":18701,"date":"2025-03-13T09:17:27","date_gmt":"2025-03-13T07:17:27","guid":{"rendered":"http:\/\/flameguard.ee.dedi7782.your-server.de\/?post_type=product&#038;p=18701"},"modified":"2025-03-13T11:10:52","modified_gmt":"2025-03-13T09:10:52","slug":"tuleohutuse-haldusteenus","status":"publish","type":"product","link":"https:\/\/flameguard.ee\/fi\/product\/paloturvallisuuden-hallintapalvelut\/","title":{"rendered":"Paloturvallisuuden hallinta"},"content":{"rendered":"<p>Palvelu perustuu kuukausimaksuun, ja sen avulla voit arvioida mahdolliset kustannukset. Paloturvallisuuden hallintapalvelu on j\u00e4rkev\u00e4 ja tiivis ratkaisu, mutta kaikkia osia voidaan tilata my\u00f6s pienemm\u00e4ss\u00e4 mittakaavassa.<\/p>\n<ul>\n<li>johdon ja ty\u00f6ntekij\u00f6iden neuvonta;<\/li>\n<li>edustaminen kansallisissa valvontaviranomaisissa;<\/li>\n<li>itsetarkastuksen tai - katsastuksen tekeminen;<\/li>\n<li>sammuttimien tarkastus ja luettelointi;<\/li>\n<li>letkuj\u00e4rjestelm\u00e4n tarkastus ja tehokkuustesti;<\/li>\n<li>palontorjuntaosastojen eheyden tarkastaminen;<\/li>\n<li>ATS-ohjaus ja - huolto;<\/li>\n<li>toimintasuunnitelmien tai - ohjeiden t\u00e4ydent\u00e4minen tulipalon sattuessa;<\/li>\n<li>poistumisreittien valvonta;<\/li>\n<li>evakuointivalojen tarkastus;<\/li>\n<li>savunpoistoj\u00e4rjestelm\u00e4n tarkastus;<\/li>\n<li>tulipalon sattuessa harjoitus ja evakuointiharjoitus;<\/li>\n<li>paloturvallisuusasiantuntijan vuokrauspalvelut;<\/li>\n<li>ilmanvaihtoj\u00e4rjestelmien huolto;<\/li>\n<li>ukkossuojauksen eheyden tarkastaminen;<\/li>\n<li>sammutusj\u00e4rjestelm\u00e4n tarkastus;<\/li>\n<li>l\u00e4mmitysj\u00e4rjestelmien tarkastus;<\/li>\n<li>rakennuskohteen havainnointi.<\/li>\n<\/ul>","protected":false},"excerpt":{"rendered":"<p>Paloturvallisuuden hallinta on mukava ja yhten\u00e4inen palvelu, jolla varmistetaan rakennuksen tai kohteen p\u00e4ivitt\u00e4inen turvallisuus jatkuvuustarkastuksen ja asiantuntijapalvelun avulla. Asiakas voi r\u00e4\u00e4t\u00e4l\u00f6id\u00e4 haluamansa palvelut ja suorittaa kuukausittaisia, nelj\u00e4nnesvuosittaisia ja vuosittaisia hoitoja tai asiantuntijateht\u00e4vi\u00e4 oikea-aikaisesti ja laadukkaasti. Hallinnollisella palvelulla edustamme asiakasta pelastuspalvelun, vakuutusyhti\u00f6iden k\u00e4ynnin tai muiden tarkastusten yhteydess\u00e4 ja teemme tarvittaessa asiantuntija-arvioita. Palvelu soveltuu kaikenkokoisiin liike- ja tuotantorakennuksiin, julkiseen sektoriin, sotilaslaitoksiin, satamiin ja kulttuuriperint\u00f6kohteisiin. Kaikki toimet on dokumentoitava asiakirjoilla tai muilla k\u00e4ytett\u00e4viss\u00e4 olevilla asiakirjoilla.<\/p>\n<div class=\"elementor-element elementor-element-53ce8fe2 elementor-widget elementor-widget-text-editor\" data-id=\"53ce8fe2\" data-element_type=\"widget\" data-widget_type=\"text-editor.default\">\n<div class=\"elementor-widget-container\">\n<p><strong>Palvelua saa tarjota ainoastaan p\u00e4tev\u00e4 paloturvallisuusasiantuntija tasolla 5; tai <\/strong><strong><span class=\"elementor-icon-list-text\">paloturvallisuusasiantuntija taso 6 <\/span><\/strong><strong>henkil\u00f6, jolla on ammattip\u00e4tevyys, ja hallinnollinen palvelu voidaan yhdist\u00e4\u00e4 SHEQ-asiantuntijapalveluihin.<\/strong><\/p>\n<\/div>\n<\/div>\n<div class=\"elementor-element elementor-element-7fe0e6ac elementor-align-left elementor-icon-list--layout-traditional elementor-list-item-link-full_width elementor-widget elementor-widget-icon-list\" data-id=\"7fe0e6ac\" data-element_type=\"widget\" data-widget_type=\"icon-list.default\">\n<div class=\"elementor-widget-container\">\n<p><b><span data-contrast=\"auto\">Palvelun hinta sis\u00e4lt\u00e4\u00e4 sovitun m\u00e4\u00e4r\u00e4n asiantuntija - tai huoltot\u00f6it\u00e4, joissa tarvittavat toiminnot kartoitetaan ja hinnoitellaan todellisen ty\u00f6m\u00e4\u00e4r\u00e4n mukaan.\u00a0<\/span><\/b><\/p>\n<\/div>\n<\/div>","protected":false},"featured_media":18713,"template":"","meta":[],"product_brand":[],"product_cat":[117,116,118],"product_tag":[],"class_list":{"0":"post-18701","1":"product","2":"type-product","3":"status-publish","4":"has-post-thumbnail","6":"product_cat-hooldus-ja-paigaldus","7":"product_cat-teenused","8":"product_cat-tuleohutus","10":"first","11":"instock","12":"taxable","13":"shipping-taxable","14":"purchasable","15":"product-type-simple"},"_links":{"self":[{"href":"https:\/\/flameguard.ee\/fi\/wp-json\/wp\/v2\/product\/18701","targetHints":{"allow":["GET"]}}],"collection":[{"href":"https:\/\/flameguard.ee\/fi\/wp-json\/wp\/v2\/product"}],"about":[{"href":"https:\/\/flameguard.ee\/fi\/wp-json\/wp\/v2\/types\/product"}],"version-history":[{"count":12,"href":"https:\/\/flameguard.ee\/fi\/wp-json\/wp\/v2\/product\/18701\/revisions"}],"predecessor-version":[{"id":18717,"href":"https:\/\/flameguard.ee\/fi\/wp-json\/wp\/v2\/product\/18701\/revisions\/18717"}],"wp:featuredmedia":[{"embeddable":true,"href":"https:\/\/flameguard.ee\/fi\/wp-json\/wp\/v2\/media\/18713"}],"wp:attachment":[{"href":"https:\/\/flameguard.ee\/fi\/wp-json\/wp\/v2\/media?parent=18701"}],"wp:term":[{"taxonomy":"product_brand","embeddable":true,"href":"https:\/\/flameguard.ee\/fi\/wp-json\/wp\/v2\/product_brand?post=18701"},{"taxonomy":"product_cat","embeddable":true,"href":"https:\/\/flameguard.ee\/fi\/wp-json\/wp\/v2\/product_cat?post=18701"},{"taxonomy":"product_tag","embeddable":true,"href":"https:\/\/flameguard.ee\/fi\/wp-json\/wp\/v2\/product_tag?post=18701"}],"curies":[{"name":"wp","href":"https:\/\/api.w.org\/{rel}","templated":true}]}}