{"id":18720,"date":"2025-03-13T12:51:33","date_gmt":"2025-03-13T10:51:33","guid":{"rendered":"http:\/\/flameguard.ee.dedi7782.your-server.de\/?post_type=product&#038;p=18720"},"modified":"2025-03-14T19:54:42","modified_gmt":"2025-03-14T17:54:42","slug":"kov-i-kriisijuht","status":"publish","type":"product","link":"https:\/\/flameguard.ee\/fi\/product\/kongon-demokraattisen-tasavallan-kriisijohtaja\/","title":{"rendered":"Kongon demokraattisen tasavallan kriisijohtaja"},"content":{"rendered":"<p><strong>Kriisinhallintapalvelulla voidaan ratkaista monenlaisia kriiseihin liittyvi\u00e4 toimia:<\/strong><\/p>\n<ul>\n<li>suojapaikkojen vaatimustenmukaisuuden tarkastaminen;<\/li>\n<li>elint\u00e4rkeiden palvelujen tarjontaa koskevien menettelyjen kehitt\u00e4minen;<\/li>\n<li>alakohtaisten asiakirjojen laatiminen, tarkistaminen ja t\u00e4ydent\u00e4minen;<\/li>\n<li>sis\u00e4isen ja ulkoisen koulutuksen j\u00e4rjest\u00e4minen;<\/li>\n<li>kriisiviestinn\u00e4n hallinnointi;<\/li>\n<li>yhteisty\u00f6n kehitt\u00e4minen kansallisten viranomaisten kanssa;<\/li>\n<li>yhteisty\u00f6kumppaneiden validointi ja auditointi;<\/li>\n<li>kriisivarastojen hallintaj\u00e4rjestelm\u00e4n kehitt\u00e4minen;<\/li>\n<li>julkisten harjoitusten toteuttaminen;<\/li>\n<li>Kongon demokraattisen tasavallan kriisivalmiuden ulkoinen arviointi<\/li>\n<li>avustusyksik\u00f6iden valmiustestaus ja - ohjaus jne.<\/li>\n<\/ul>\n<p>Koska kriisivalmiuden ala on hyvin laaja, luettelo ei ole tyhjent\u00e4v\u00e4, ja jokainen asiakas voi suunnitella palvelun itselleen sopivaksi.<\/p>\n<div id=\"selgi-1273345502\" class=\"selgi-content\"><\/div>","protected":false},"excerpt":{"rendered":"<p><strong>Kongon demokraattisen tasavallan kriisip\u00e4\u00e4llik\u00f6n<\/strong> palvelun tarkoituksena on tukea paikallisviranomaisia nykyisen kriisiryhm\u00e4n toiminnassa ja varmistaa lakis\u00e4\u00e4teiset velvoitteet h\u00e4t\u00e4tilanteissa ja kriiseiss\u00e4. Kriisijohtaja on ulkopuolinen kumppani, joka kuulee ja avustaa paikallisviranomaisia alakohtaisissa asetuksissa, kriisivalmiutta koskevissa parhaissa k\u00e4yt\u00e4nn\u00f6iss\u00e4, yhteisty\u00f6kumppaneiden valinnassa, dokumentoinnissa ja p\u00e4\u00e4t\u00f6ksenteossa.<\/p>\n<p>Ulkoinen edustajamme tukee ja edustaa asiakasta ennalta sovittujen m\u00e4\u00e4rien ja ehtojen mukaisesti. V\u00e4hint\u00e4\u00e4n 12 kuukauden yhteisty\u00f6sopimuksella edustajalle voidaan antaa asiakasrakenteen mukainen virka-asema ja valvontaviranomaisen edustusvaltuudet (ty\u00f6suojeluhallinto, pelastusvirasto jne.). Asiakas maksaa konsulttipalveluista kuluvan tuntihinnan perusteella.<\/p>\n<p><b><span data-contrast=\"auto\">Palvelun hintaan sis\u00e4ltyy yhden tunnin mittainen asiantuntijaty\u00f6, jonka aikana organisaatioon perustuva lis\u00e4toiminta kartoitetaan ja hinnoitellaan todellisen ty\u00f6m\u00e4\u00e4r\u00e4n mukaan.\u00a0<\/span><\/b><\/p>","protected":false},"featured_media":18736,"template":"","meta":[],"product_brand":[],"product_cat":[121,120,116,119,118],"product_tag":[],"class_list":{"0":"post-18720","1":"product","2":"type-product","3":"status-publish","4":"has-post-thumbnail","6":"product_cat-keskkonnajuhtimine","7":"product_cat-kvaliteedijuhtimine","8":"product_cat-teenused","9":"product_cat-tooohutus-ja-tervishoid","10":"product_cat-tuleohutus","12":"first","13":"instock","14":"taxable","15":"shipping-taxable","16":"purchasable","17":"product-type-simple"},"_links":{"self":[{"href":"https:\/\/flameguard.ee\/fi\/wp-json\/wp\/v2\/product\/18720","targetHints":{"allow":["GET"]}}],"collection":[{"href":"https:\/\/flameguard.ee\/fi\/wp-json\/wp\/v2\/product"}],"about":[{"href":"https:\/\/flameguard.ee\/fi\/wp-json\/wp\/v2\/types\/product"}],"version-history":[{"count":1,"href":"https:\/\/flameguard.ee\/fi\/wp-json\/wp\/v2\/product\/18720\/revisions"}],"predecessor-version":[{"id":18738,"href":"https:\/\/flameguard.ee\/fi\/wp-json\/wp\/v2\/product\/18720\/revisions\/18738"}],"wp:featuredmedia":[{"embeddable":true,"href":"https:\/\/flameguard.ee\/fi\/wp-json\/wp\/v2\/media\/18736"}],"wp:attachment":[{"href":"https:\/\/flameguard.ee\/fi\/wp-json\/wp\/v2\/media?parent=18720"}],"wp:term":[{"taxonomy":"product_brand","embeddable":true,"href":"https:\/\/flameguard.ee\/fi\/wp-json\/wp\/v2\/product_brand?post=18720"},{"taxonomy":"product_cat","embeddable":true,"href":"https:\/\/flameguard.ee\/fi\/wp-json\/wp\/v2\/product_cat?post=18720"},{"taxonomy":"product_tag","embeddable":true,"href":"https:\/\/flameguard.ee\/fi\/wp-json\/wp\/v2\/product_tag?post=18720"}],"curies":[{"name":"wp","href":"https:\/\/api.w.org\/{rel}","templated":true}]}}