{"id":18813,"date":"2025-03-17T14:09:12","date_gmt":"2025-03-17T12:09:12","guid":{"rendered":"https:\/\/flameguard.ee\/?post_type=product&#038;p=18813"},"modified":"2025-03-17T15:32:20","modified_gmt":"2025-03-17T13:32:20","slug":"kemitek-easy-clean-klaaspindade-puhastusvahend","status":"publish","type":"product","link":"https:\/\/flameguard.ee\/fi\/product\/kemialliset-easy-clean-lasipintojen-puhdistusaineet\/","title":{"rendered":"Lasipintojen puhdistusaineet"},"content":{"rendered":"<p><strong>Tuotetta koskevat tiedot:<\/strong><\/p>\n<p><a style=\"color: #fe312e;\" href=\"\/wp-content\/uploads\/2025\/03\/Mac-935-EE-TOK.pdf\" target=\"_blank\" rel=\"noopener\"><img decoding=\"async\" src=\"\/wp-content\/uploads\/2025\/02\/pdf-icon.webp\" \/> K\u00e4ytt\u00f6turvallisuustiedote<\/a><\/p>","protected":false},"excerpt":{"rendered":"<p>Kemikaalit Easy Clean - lasipintojen puhdistukseen ikkunoita, peilej\u00e4 ja muita lasipintoja varten. Liuottaa rasvaa ja antaa kiilt\u00e4v\u00e4n puhtaan pinnan. Voidaan k\u00e4ytt\u00e4\u00e4 my\u00f6s muovipinnoilla ja muilla pinnoilla, jotka kest\u00e4v\u00e4t veden pesun. Kuten kivi, laatta, keramiikka. <strong>K\u00e4ytt\u00f6:<\/strong> Suihkuta suoraan puhdistettavalle pinnalle ja pyyhi se ikkunanraapimella, kuivalla liinalla tai paperilla.<\/p>\n<p><strong>Koostumus:<\/strong> Etanoli, ammoniakki, butoksitetanoli, pinta-aktiiviset aineet.<br \/>\nkonsentraatin pH: 10,5<br \/>\nAiheuttaa voimakasta silm\u00e4-\u00e4rsytyst\u00e4.<\/p>\n<p>&nbsp;<\/p>","protected":false},"featured_media":18832,"template":"","meta":[],"product_brand":[],"product_cat":[165],"product_tag":[],"class_list":{"0":"post-18813","1":"product","2":"type-product","3":"status-publish","4":"has-post-thumbnail","6":"product_cat-puhastusvahendid","8":"first","9":"instock","10":"taxable","11":"shipping-taxable","12":"purchasable","13":"product-type-simple"},"_links":{"self":[{"href":"https:\/\/flameguard.ee\/fi\/wp-json\/wp\/v2\/product\/18813","targetHints":{"allow":["GET"]}}],"collection":[{"href":"https:\/\/flameguard.ee\/fi\/wp-json\/wp\/v2\/product"}],"about":[{"href":"https:\/\/flameguard.ee\/fi\/wp-json\/wp\/v2\/types\/product"}],"version-history":[{"count":10,"href":"https:\/\/flameguard.ee\/fi\/wp-json\/wp\/v2\/product\/18813\/revisions"}],"predecessor-version":[{"id":18876,"href":"https:\/\/flameguard.ee\/fi\/wp-json\/wp\/v2\/product\/18813\/revisions\/18876"}],"wp:featuredmedia":[{"embeddable":true,"href":"https:\/\/flameguard.ee\/fi\/wp-json\/wp\/v2\/media\/18832"}],"wp:attachment":[{"href":"https:\/\/flameguard.ee\/fi\/wp-json\/wp\/v2\/media?parent=18813"}],"wp:term":[{"taxonomy":"product_brand","embeddable":true,"href":"https:\/\/flameguard.ee\/fi\/wp-json\/wp\/v2\/product_brand?post=18813"},{"taxonomy":"product_cat","embeddable":true,"href":"https:\/\/flameguard.ee\/fi\/wp-json\/wp\/v2\/product_cat?post=18813"},{"taxonomy":"product_tag","embeddable":true,"href":"https:\/\/flameguard.ee\/fi\/wp-json\/wp\/v2\/product_tag?post=18813"}],"curies":[{"name":"wp","href":"https:\/\/api.w.org\/{rel}","templated":true}]}}