{"id":18859,"date":"2025-03-17T14:47:27","date_gmt":"2025-03-17T12:47:27","guid":{"rendered":"https:\/\/flameguard.ee\/?post_type=product&#038;p=18859"},"modified":"2025-03-17T15:12:03","modified_gmt":"2025-03-17T13:12:03","slug":"koogipuhastusvahend","status":"publish","type":"product","link":"https:\/\/flameguard.ee\/fi\/product\/kakkujen-puhdistusaineet\/","title":{"rendered":"Keitti\u00f6n puhdistusaineet"},"content":{"rendered":"<p><strong>Tuotetta koskevat tiedot:<\/strong><\/p>\n<p><a style=\"color: #fe312e;\" href=\"\/wp-content\/uploads\/2025\/03\/Mac-949-EE-TOK.pdf\" target=\"_blank\" rel=\"noopener\"><img decoding=\"async\" src=\"\/wp-content\/uploads\/2025\/02\/pdf-icon.webp\" \/> K\u00e4ytt\u00f6turvallisuustiedote<\/a><\/p>","protected":false},"excerpt":{"rendered":"<p>Kemikaali Easy Clean Keitti\u00f6n puhdistusaineet ovat antistaattisia tahranpoisto- ja puhdistusvalmisteita kaikille vedenpit\u00e4ville pinnoille. Poistaa ep\u00e4puhtaudet, kuten rasvan ja neulan, vahingoittamatta pintaa. <strong>K\u00e4ytt\u00f6:<\/strong> Ruiskuta likaiselle pinnalle, anna aineen toimia ja pyyhi sitten kuivaksi.<\/p>\n<p><strong>Koostumus:<\/strong> Ionittomat pinta-aktiiviset aineet 5%, amfoteeriset pinta-aktiiviset aineet 5%, vesi &gt; 30%<br \/>\nkonsentraatin pH 14<br \/>\nV\u00e4lt\u00e4 udu\/auru\/pihustatud aineen hengitt\u00e4mist\u00e4. Hengityssuojainta on k\u00e4ytett\u00e4v\u00e4, jos ilmanvaihto ei ole riitt\u00e4v\u00e4.<\/p>\n<p>&nbsp;<\/p>","protected":false},"featured_media":18828,"template":"","meta":[],"product_brand":[],"product_cat":[165],"product_tag":[],"class_list":{"0":"post-18859","1":"product","2":"type-product","3":"status-publish","4":"has-post-thumbnail","6":"product_cat-puhastusvahendid","8":"first","9":"instock","10":"taxable","11":"shipping-taxable","12":"purchasable","13":"product-type-simple"},"_links":{"self":[{"href":"https:\/\/flameguard.ee\/fi\/wp-json\/wp\/v2\/product\/18859","targetHints":{"allow":["GET"]}}],"collection":[{"href":"https:\/\/flameguard.ee\/fi\/wp-json\/wp\/v2\/product"}],"about":[{"href":"https:\/\/flameguard.ee\/fi\/wp-json\/wp\/v2\/types\/product"}],"version-history":[{"count":3,"href":"https:\/\/flameguard.ee\/fi\/wp-json\/wp\/v2\/product\/18859\/revisions"}],"predecessor-version":[{"id":18867,"href":"https:\/\/flameguard.ee\/fi\/wp-json\/wp\/v2\/product\/18859\/revisions\/18867"}],"wp:featuredmedia":[{"embeddable":true,"href":"https:\/\/flameguard.ee\/fi\/wp-json\/wp\/v2\/media\/18828"}],"wp:attachment":[{"href":"https:\/\/flameguard.ee\/fi\/wp-json\/wp\/v2\/media?parent=18859"}],"wp:term":[{"taxonomy":"product_brand","embeddable":true,"href":"https:\/\/flameguard.ee\/fi\/wp-json\/wp\/v2\/product_brand?post=18859"},{"taxonomy":"product_cat","embeddable":true,"href":"https:\/\/flameguard.ee\/fi\/wp-json\/wp\/v2\/product_cat?post=18859"},{"taxonomy":"product_tag","embeddable":true,"href":"https:\/\/flameguard.ee\/fi\/wp-json\/wp\/v2\/product_tag?post=18859"}],"curies":[{"name":"wp","href":"https:\/\/api.w.org\/{rel}","templated":true}]}}