{"id":18871,"date":"2025-03-17T15:19:53","date_gmt":"2025-03-17T13:19:53","guid":{"rendered":"https:\/\/flameguard.ee\/?post_type=product&#038;p=18871"},"modified":"2025-03-17T15:31:37","modified_gmt":"2025-03-17T13:31:37","slug":"desinfektsioonivahend-pindadele","status":"publish","type":"product","link":"https:\/\/flameguard.ee\/fi\/product\/desinfiointiaineet-pinnoille\/","title":{"rendered":"Desinfiointiaineet pinnoille"},"content":{"rendered":"<p><strong>Tuotetta koskevat tiedot:<\/strong><\/p>\n<p><a style=\"color: #fe312e;\" href=\"\/wp-content\/uploads\/2025\/03\/Mac-TS-310-EE-TOK.pdf\"_blank\" rel=\"noopener\"><img decoding=\"async\" src=\"\/wp-content\/uploads\/2025\/02\/pdf-icon.webp\" \/> K\u00e4ytt\u00f6turvallisuustiedote<\/a><\/p>","protected":false},"excerpt":{"rendered":"<p>Pintojen kemiallisen easy Clean - bakteerin desinfiointiaine on alkoholipohjainen aine, jolla desinfioidaan nopeasti alkoholia l\u00e4p\u00e4isem\u00e4tt\u00f6mi\u00e4 pintoja. Eritt\u00e4in aktiivinen bakterisidinen, sienitautien, viruksien ja tuberkulosidinen vaikutus. <strong>K\u00e4ytt\u00f6:<\/strong> Levit\u00e4 tasainen kerros puhtaalle alustalle. Annetaan sen vaikuttaa 30 sekuntia. Pintojen huuhtelu ei ole tarpeen toimenpiteen j\u00e4lkeen.<\/p>\n<p><strong>Koostumus:<\/strong> Etanoli 46,8 g\/100 g, propaani-2-oli 25,2 g\/100 g<br \/>\nBiosidivalmisteen rekister\u00f6intinumero 1970\/20<br \/>\nEritt\u00e4in syttyv\u00e4\u00e4 nestett\u00e4 ja h\u00f6yry\u00e4. Aiheuttaa voimakasta silm\u00e4-\u00e4rsytyst\u00e4. Pid\u00e4 poissa<br \/>\nsoojusallikast\/s\u00e4demetest\/leekidest\/kuumadest pinnat. - \u00c4l\u00e4 polta.<br \/>\nAvaamattoman tuotteen on s\u00e4ilytt\u00e4v\u00e4 tavanomaisissa olosuhteissa varastoituna v\u00e4hint\u00e4\u00e4n 36 kuukautta.<\/p>\n<p>&nbsp;<\/p>","protected":false},"featured_media":18824,"template":"","meta":[],"product_brand":[],"product_cat":[165],"product_tag":[],"class_list":{"0":"post-18871","1":"product","2":"type-product","3":"status-publish","4":"has-post-thumbnail","6":"product_cat-puhastusvahendid","8":"first","9":"instock","10":"taxable","11":"shipping-taxable","12":"purchasable","13":"product-type-simple"},"_links":{"self":[{"href":"https:\/\/flameguard.ee\/fi\/wp-json\/wp\/v2\/product\/18871","targetHints":{"allow":["GET"]}}],"collection":[{"href":"https:\/\/flameguard.ee\/fi\/wp-json\/wp\/v2\/product"}],"about":[{"href":"https:\/\/flameguard.ee\/fi\/wp-json\/wp\/v2\/types\/product"}],"version-history":[{"count":2,"href":"https:\/\/flameguard.ee\/fi\/wp-json\/wp\/v2\/product\/18871\/revisions"}],"predecessor-version":[{"id":18873,"href":"https:\/\/flameguard.ee\/fi\/wp-json\/wp\/v2\/product\/18871\/revisions\/18873"}],"wp:featuredmedia":[{"embeddable":true,"href":"https:\/\/flameguard.ee\/fi\/wp-json\/wp\/v2\/media\/18824"}],"wp:attachment":[{"href":"https:\/\/flameguard.ee\/fi\/wp-json\/wp\/v2\/media?parent=18871"}],"wp:term":[{"taxonomy":"product_brand","embeddable":true,"href":"https:\/\/flameguard.ee\/fi\/wp-json\/wp\/v2\/product_brand?post=18871"},{"taxonomy":"product_cat","embeddable":true,"href":"https:\/\/flameguard.ee\/fi\/wp-json\/wp\/v2\/product_cat?post=18871"},{"taxonomy":"product_tag","embeddable":true,"href":"https:\/\/flameguard.ee\/fi\/wp-json\/wp\/v2\/product_tag?post=18871"}],"curies":[{"name":"wp","href":"https:\/\/api.w.org\/{rel}","templated":true}]}}