{"id":18882,"date":"2025-04-01T16:54:43","date_gmt":"2025-04-01T13:54:43","guid":{"rendered":"https:\/\/flameguard.ee\/?post_type=product&#038;p=18882"},"modified":"2025-04-02T19:39:39","modified_gmt":"2025-04-02T16:39:39","slug":"ags-11-1-aerosool-generaator","status":"publish","type":"product","link":"https:\/\/flameguard.ee\/fi\/product\/ags-11-1-aerosoligeneraattori\/","title":{"rendered":"AGS-11\/1 aerosoligeneraattori, jossa terminen nauha"},"content":{"rendered":"<p>Tuote on tarkoitettu kaasu-aerosoliseoksen tuottamiseen pitoisuuksina, jotka ovat tarpeen liekin palamisprosessin pys\u00e4ytt\u00e4miseksi.<\/p>\n<p>Tuotteen aktivointi edellytt\u00e4\u00e4 suojatun ymp\u00e4rist\u00f6n l\u00e4mp\u00f6tilan nostamista yli 180 \u00b0C: een<\/p>","protected":false},"excerpt":{"rendered":"<p>AGS-11\/1 palonsammutusj\u00e4rjestelm\u00e4 on terminen aerosoliyksikk\u00f6, joka on erityisesti suunniteltu kuljetusta, kotitaloutta, teollisuutta ja merenkulkua varten. Se on suunniteltu sammuttamaan tulipalot ja est\u00e4m\u00e4\u00e4n niiden levi\u00e4minen edelleen, ja se on erityisen tehokas oikosulkutulipaloissa s\u00e4hk\u00f6asennuksissa.<br \/>\nPaikallisissa tulipaloissa AGS-11\/1 osoittaa, ett\u00e4 se on hy\u00f6dyllinen ja ett\u00e4 sill\u00e4 on t\u00e4rke\u00e4 rooli henkien ja omaisuuden pelastamisessa. Tuote on erityisesti suunniteltu puuttumaan valvomattomiin j\u00e4nnitteisiin s\u00e4hk\u00f6njakeluj\u00e4rjestelmiin (enint\u00e4\u00e4n 40 kV), kuten s\u00e4hk\u00f6kaappeihin, suurj\u00e4nniteasemiin, jakokaappeihin ja automaatiolaitteisiin. Voidaan k\u00e4ytt\u00e4\u00e4 my\u00f6s kulkuneuvoissa, koska ne t\u00e4ytt\u00e4v\u00e4t t\u00e4rin\u00e4kuormitusta rautatie-, auto- ja lentoliikenteess\u00e4 koskevat vaatimukset. Sopii suljettuihin tai keskipaineisiin olosuhteisiin enint\u00e4\u00e4n 2,2 m3.<br \/>\n<strong>Tekniset tiedot:<\/strong><br \/>\nAutomaattinen palonsammutuslaite.<br \/>\nAerosolia muodostavan varauksen massa: 0,1 kg<br \/>\nTy\u00f6aika: 7 sekuntia<br \/>\nAerosoliseoksen l\u00e4mp\u00f6tila 0,5 et\u00e4isyydell\u00e4 generaattorista: 50 \u00b0C<br \/>\nMitat (halkaisija \u00d7 pituus): 122 \u00d7 25 mm<br \/>\nSuojattava tilavuus: enint\u00e4\u00e4n 2 m<br \/>\nPaino: 0,2 kg<br \/>\nK\u00e4ytt\u00f6l\u00e4mp\u00f6tila: -50 \u00b0C \u2013 +50 \u00b0C<br \/>\nPaloluokka: B-A-E.<br \/>\nVaatimustenmukaisuus: CEN\/TR 15276\u20131<\/p>\n<p>&nbsp;<\/p>","protected":false},"featured_media":18890,"template":"","meta":[],"product_brand":[],"product_cat":[125,83],"product_tag":[],"class_list":{"0":"post-18882","1":"product","2":"type-product","3":"status-publish","4":"has-post-thumbnail","6":"product_cat-innovatsioon","7":"product_cat-tulekustutid","9":"first","10":"instock","11":"taxable","12":"shipping-taxable","13":"purchasable","14":"product-type-simple"},"_links":{"self":[{"href":"https:\/\/flameguard.ee\/fi\/wp-json\/wp\/v2\/product\/18882","targetHints":{"allow":["GET"]}}],"collection":[{"href":"https:\/\/flameguard.ee\/fi\/wp-json\/wp\/v2\/product"}],"about":[{"href":"https:\/\/flameguard.ee\/fi\/wp-json\/wp\/v2\/types\/product"}],"version-history":[{"count":5,"href":"https:\/\/flameguard.ee\/fi\/wp-json\/wp\/v2\/product\/18882\/revisions"}],"predecessor-version":[{"id":18886,"href":"https:\/\/flameguard.ee\/fi\/wp-json\/wp\/v2\/product\/18882\/revisions\/18886"}],"wp:featuredmedia":[{"embeddable":true,"href":"https:\/\/flameguard.ee\/fi\/wp-json\/wp\/v2\/media\/18890"}],"wp:attachment":[{"href":"https:\/\/flameguard.ee\/fi\/wp-json\/wp\/v2\/media?parent=18882"}],"wp:term":[{"taxonomy":"product_brand","embeddable":true,"href":"https:\/\/flameguard.ee\/fi\/wp-json\/wp\/v2\/product_brand?post=18882"},{"taxonomy":"product_cat","embeddable":true,"href":"https:\/\/flameguard.ee\/fi\/wp-json\/wp\/v2\/product_cat?post=18882"},{"taxonomy":"product_tag","embeddable":true,"href":"https:\/\/flameguard.ee\/fi\/wp-json\/wp\/v2\/product_tag?post=18882"}],"curies":[{"name":"wp","href":"https:\/\/api.w.org\/{rel}","templated":true}]}}