{"id":18899,"date":"2025-04-11T09:45:06","date_gmt":"2025-04-11T06:45:06","guid":{"rendered":"https:\/\/flameguard.ee\/?post_type=product&#038;p=18899"},"modified":"2025-05-08T20:21:32","modified_gmt":"2025-05-08T17:21:32","slug":"72h-premium-kriisikomplekt","status":"publish","type":"product","link":"https:\/\/flameguard.ee\/fi\/product\/72-h-premium-kriisipakkaus\/","title":{"rendered":"Kriisipakkaus 72 h Premium"},"content":{"rendered":"<p>Paketti sis\u00e4lt\u00e4\u00e4:<br \/>\nreppu 40 L, 13 L ilmatiivis pussi, ensiapulaukku, ruokavarasto (s\u00e4ilyvyysaika 20 vuotta, 4\u00a0600 Kca), 3x100ml juomavesi, vedenpuhdistustabletit, elektrolyyttijauhe, metallinen sora, vesis\u00e4ili\u00f6 1 L, paristok\u00e4ytt\u00f6iset kannettavat radiot, paristok\u00e4ytt\u00f6iset p\u00e4\u00e4lamput, lusikka- ja haarukkasarjat (urheilu), lusikka- ja haarukkaty\u00f6kalut ikkunoiden murskaamiseen ja turvav\u00f6iden leikkaamiseen, vesitiivis asiakirja -\/kukkaro, muovikarbiini, aurinkoparistok\u00e4ytt\u00f6iset akkupankit (10\u00a0000 mAh), vesitiivis puhelinpussi, varaparistot (AA &amp; AAA), heijastava rannerengas, vedenpit\u00e4v\u00e4 muistikirja, kyn\u00e4 ja merkint\u00e4kyn\u00e4t, ty\u00f6kalulaukut, ty\u00f6k\u00e4sineet, taitettavat lapiot, veitset, k\u00e4sisahat, paracord-k\u00f6ydet, liimateippi, tikut (zip-TIES), pienet roskapussit, taitettavat liedet, joissa on polttoainepillereit\u00e4, myrskyt, valotikut, hygieniapakkaukset<br \/>\npaperinen\u00e4liinat, kosteuspyyhkeet, bivvy-makuupussit, sadeviitat, heijastinrenkaat, huovat.<\/p>","protected":false},"excerpt":{"rendered":"<p>72 h Premium - kriisisarja on kattava h\u00e4t\u00e4valmiussarja, joka on suunniteltu pit\u00e4m\u00e4\u00e4n sinut ja l\u00e4heisesi turvassa odottamattomissa tilanteissa ja antamaan tarvitsemasi mielenrauhan!<br \/>\nPaketti sis\u00e4lt\u00e4\u00e4 laajan valikoiman perustarvikkeita, ruokaa (vauva- ja lapsiyst\u00e4v\u00e4llinen), vett\u00e4, ensiapuv\u00e4lineit\u00e4, ty\u00f6kaluja ja suojavarusteita \u2013 kaikki on valittu huolellisesti niiden luotettavuuden ja tehokkuuden mukaan kriisitilanteissa!<\/p>\n<p>Mitat (korkeus \u00d7 pituus \u00d7 leveys): 60 \u00d7 40 \u00d7 30 cm<br \/>\nTilavuus: 40 L<br \/>\nPaino: 5,5 kg<\/p>","protected":false},"featured_media":18900,"template":"","meta":[],"product_brand":[],"product_cat":[169],"product_tag":[],"class_list":{"0":"post-18899","1":"product","2":"type-product","3":"status-publish","4":"has-post-thumbnail","6":"product_cat-kriisitooted","8":"first","9":"instock","10":"taxable","11":"shipping-taxable","12":"purchasable","13":"product-type-simple"},"_links":{"self":[{"href":"https:\/\/flameguard.ee\/fi\/wp-json\/wp\/v2\/product\/18899","targetHints":{"allow":["GET"]}}],"collection":[{"href":"https:\/\/flameguard.ee\/fi\/wp-json\/wp\/v2\/product"}],"about":[{"href":"https:\/\/flameguard.ee\/fi\/wp-json\/wp\/v2\/types\/product"}],"version-history":[{"count":20,"href":"https:\/\/flameguard.ee\/fi\/wp-json\/wp\/v2\/product\/18899\/revisions"}],"predecessor-version":[{"id":19049,"href":"https:\/\/flameguard.ee\/fi\/wp-json\/wp\/v2\/product\/18899\/revisions\/19049"}],"wp:featuredmedia":[{"embeddable":true,"href":"https:\/\/flameguard.ee\/fi\/wp-json\/wp\/v2\/media\/18900"}],"wp:attachment":[{"href":"https:\/\/flameguard.ee\/fi\/wp-json\/wp\/v2\/media?parent=18899"}],"wp:term":[{"taxonomy":"product_brand","embeddable":true,"href":"https:\/\/flameguard.ee\/fi\/wp-json\/wp\/v2\/product_brand?post=18899"},{"taxonomy":"product_cat","embeddable":true,"href":"https:\/\/flameguard.ee\/fi\/wp-json\/wp\/v2\/product_cat?post=18899"},{"taxonomy":"product_tag","embeddable":true,"href":"https:\/\/flameguard.ee\/fi\/wp-json\/wp\/v2\/product_tag?post=18899"}],"curies":[{"name":"wp","href":"https:\/\/api.w.org\/{rel}","templated":true}]}}