{"id":18946,"date":"2025-04-14T11:04:30","date_gmt":"2025-04-14T08:04:30","guid":{"rendered":"https:\/\/flameguard.ee\/?post_type=product&#038;p=18946"},"modified":"2025-05-08T20:17:15","modified_gmt":"2025-05-08T17:17:15","slug":"mini-kriisikomplekt","status":"publish","type":"product","link":"https:\/\/flameguard.ee\/fi\/product\/mini-kriisisarjat\/","title":{"rendered":"Kriisipaketti Mini"},"content":{"rendered":"<p>Paketti sis\u00e4lt\u00e4\u00e4:<br \/>\nvy\u00f6laukku, ensiapulaukku, ruokavarasto (s\u00e4ilyvyysaika 20 vuotta, 1150 Kca), 5x100ml juomavesi, monituoli, ikkunan murskaamiseen ja turvavy\u00f6n leikkaamiseen tarkoitettu ty\u00f6kalu, aurinkoparistoinen akkupankki (10\u00a0000 mAh), vedenpit\u00e4v\u00e4 puhelinpussi, paristoinen p\u00e4\u00e4lappu, heijastava rannerengas, vedenpit\u00e4v\u00e4 muistikirja, kyn\u00e4 ja merkki, valotikut, bivvy-makuupussi, hygieniasarjat, sadeviitat, pilli.<\/p>","protected":false},"excerpt":{"rendered":"<p>Mini-kriisisarjat ovat tiiviit\u00e4 ja toiminnallisia vy\u00f6laukkuja, jotka on suunniteltu nimenomaan pienempi\u00e4 h\u00e4t\u00e4tilanteita varten!<br \/>\nMini on helppo, kest\u00e4v\u00e4 ja mukava \u2013 ihanteellinen tilaisuus pit\u00e4\u00e4 tarvikkeet k\u00e4dest\u00e4, jotta voit valmistautua mihin tahansa tilanteeseen. Pid\u00e4 sit\u00e4 vy\u00f6ll\u00e4si ja liiku vapaasti, olipa edess\u00e4 seikkailu, retki tai odottamaton kriisi.<\/p>\n<p>Mini-kriisipakkaus mahtuu onnistuneesti ruoka- ja vedenpuhdistustarvikkeisiin, ensiaputarvikkeisiin, pieniin taskulampuihin ja muihin selviytymisen kannalta v\u00e4ltt\u00e4m\u00e4tt\u00f6miin tarvikkeisiin.<\/p>\n<p>Sarja sopii sek\u00e4 p\u00e4ivitt\u00e4iseen k\u00e4ytt\u00f6\u00f6n ett\u00e4 evakuointi - tai leirint\u00e4varusteisiin. L\u00e4heinen kumppani, jota arvostat juuri silloin, kun sit\u00e4 eniten tarvitset.<\/p>","protected":false},"featured_media":18947,"template":"","meta":[],"product_brand":[],"product_cat":[169],"product_tag":[],"class_list":{"0":"post-18946","1":"product","2":"type-product","3":"status-publish","4":"has-post-thumbnail","6":"product_cat-kriisitooted","8":"first","9":"instock","10":"taxable","11":"shipping-taxable","12":"purchasable","13":"product-type-simple"},"_links":{"self":[{"href":"https:\/\/flameguard.ee\/fi\/wp-json\/wp\/v2\/product\/18946","targetHints":{"allow":["GET"]}}],"collection":[{"href":"https:\/\/flameguard.ee\/fi\/wp-json\/wp\/v2\/product"}],"about":[{"href":"https:\/\/flameguard.ee\/fi\/wp-json\/wp\/v2\/types\/product"}],"version-history":[{"count":4,"href":"https:\/\/flameguard.ee\/fi\/wp-json\/wp\/v2\/product\/18946\/revisions"}],"predecessor-version":[{"id":19048,"href":"https:\/\/flameguard.ee\/fi\/wp-json\/wp\/v2\/product\/18946\/revisions\/19048"}],"wp:featuredmedia":[{"embeddable":true,"href":"https:\/\/flameguard.ee\/fi\/wp-json\/wp\/v2\/media\/18947"}],"wp:attachment":[{"href":"https:\/\/flameguard.ee\/fi\/wp-json\/wp\/v2\/media?parent=18946"}],"wp:term":[{"taxonomy":"product_brand","embeddable":true,"href":"https:\/\/flameguard.ee\/fi\/wp-json\/wp\/v2\/product_brand?post=18946"},{"taxonomy":"product_cat","embeddable":true,"href":"https:\/\/flameguard.ee\/fi\/wp-json\/wp\/v2\/product_cat?post=18946"},{"taxonomy":"product_tag","embeddable":true,"href":"https:\/\/flameguard.ee\/fi\/wp-json\/wp\/v2\/product_tag?post=18946"}],"curies":[{"name":"wp","href":"https:\/\/api.w.org\/{rel}","templated":true}]}}