{"id":18965,"date":"2025-04-14T11:57:50","date_gmt":"2025-04-14T08:57:50","guid":{"rendered":"https:\/\/flameguard.ee\/?post_type=product&#038;p=18965"},"modified":"2025-05-08T20:11:39","modified_gmt":"2025-05-08T17:11:39","slug":"baas-kriisikomplekt","status":"publish","type":"product","link":"https:\/\/flameguard.ee\/fi\/product\/perus-kriisijoukko\/","title":{"rendered":"Basic-kriisipaketti"},"content":{"rendered":"<p>Paketti sis\u00e4lt\u00e4\u00e4:<br \/>\nvedenpit\u00e4v\u00e4 25 litran pussi, ensiapulaukku, ruokavarasto (s\u00e4ilyvyys enint\u00e4\u00e4n 5 vuotta, 1243 Kca), 5x100ml juomavesi, lusikka- ja haarukkapakkaukset (urheilu),<br \/>\nvedenpit\u00e4v\u00e4 asiakirja -\/lompakkopussi, sadeviitat, bivvy-makuupussi, valotikut, hygieniapakkaukset, pilli, vesis\u00e4ili\u00f6 1 litraa, vedenpuhdistustabletit,<br \/>\np\u00e4\u00e4lappu, jossa on paristot, vesitiivis puhelinkotelo, vesitiivis muistikirja ja kyn\u00e4, heijastinrengas.<\/p>","protected":false},"excerpt":{"rendered":"<p>Tukikohta kriisipaketti on kohtuuhintainen ja luotettava tapa valmistautua kriiseihin.<br \/>\nT\u00e4m\u00e4 k\u00e4yt\u00e4nn\u00f6llinen sarja on suunniteltu antamaan sinulle t\u00e4rkeimm\u00e4t tarvikkeet, jotta voit selviyty\u00e4, kunnes apu saapuu. T\u00e4ydellinen niille, jotka suosivat selke\u00e4\u00e4 ja yksinkertaista ratkaisua ilman kohtuuttomia kustannuksia tai monimutkaisia selviytymisv\u00e4lineit\u00e4.<br \/>\nHyvin harkittu sis\u00e4lt\u00f6 \u2013 vain v\u00e4ltt\u00e4m\u00e4t\u00f6n<br \/>\n25 litran vedenpit\u00e4v\u00e4 reppu \u2013 suojaa varusteita kaikissa olosuhteissa<br \/>\nKevyt ja tiivis \u2013 sopii sek\u00e4 yksil\u00f6lle ett\u00e4 koko perheelle<br \/>\nEdullinen hinta, enimm\u00e4ishy\u00f6tysuhde<\/p>\n<p>Sopii t\u00e4ydellisesti niille, jotka haluavat rauhallista asennetta ja valmiutta, olipa kyseess\u00e4 s\u00e4hk\u00f6katkos, evakuointi tai muu odottamaton tilanne.<\/p>","protected":false},"featured_media":18972,"template":"","meta":[],"product_brand":[],"product_cat":[169],"product_tag":[],"class_list":{"0":"post-18965","1":"product","2":"type-product","3":"status-publish","4":"has-post-thumbnail","6":"product_cat-kriisitooted","8":"first","9":"instock","10":"taxable","11":"shipping-taxable","12":"purchasable","13":"product-type-simple"},"_links":{"self":[{"href":"https:\/\/flameguard.ee\/fi\/wp-json\/wp\/v2\/product\/18965","targetHints":{"allow":["GET"]}}],"collection":[{"href":"https:\/\/flameguard.ee\/fi\/wp-json\/wp\/v2\/product"}],"about":[{"href":"https:\/\/flameguard.ee\/fi\/wp-json\/wp\/v2\/types\/product"}],"version-history":[{"count":5,"href":"https:\/\/flameguard.ee\/fi\/wp-json\/wp\/v2\/product\/18965\/revisions"}],"predecessor-version":[{"id":19045,"href":"https:\/\/flameguard.ee\/fi\/wp-json\/wp\/v2\/product\/18965\/revisions\/19045"}],"wp:featuredmedia":[{"embeddable":true,"href":"https:\/\/flameguard.ee\/fi\/wp-json\/wp\/v2\/media\/18972"}],"wp:attachment":[{"href":"https:\/\/flameguard.ee\/fi\/wp-json\/wp\/v2\/media?parent=18965"}],"wp:term":[{"taxonomy":"product_brand","embeddable":true,"href":"https:\/\/flameguard.ee\/fi\/wp-json\/wp\/v2\/product_brand?post=18965"},{"taxonomy":"product_cat","embeddable":true,"href":"https:\/\/flameguard.ee\/fi\/wp-json\/wp\/v2\/product_cat?post=18965"},{"taxonomy":"product_tag","embeddable":true,"href":"https:\/\/flameguard.ee\/fi\/wp-json\/wp\/v2\/product_tag?post=18965"}],"curies":[{"name":"wp","href":"https:\/\/api.w.org\/{rel}","templated":true}]}}