{"id":19122,"date":"2025-05-09T15:41:59","date_gmt":"2025-05-09T12:41:59","guid":{"rendered":"https:\/\/flameguard.ee\/?post_type=product&#038;p=19122"},"modified":"2025-07-16T10:36:30","modified_gmt":"2025-07-16T07:36:30","slug":"ventilatsioonisusteem-safe-360","status":"publish","type":"product","link":"https:\/\/flameguard.ee\/fi\/product\/ilmanvaihtosafe-360\/","title":{"rendered":"Ilmanvaihtoj\u00e4rjestelm\u00e4 SAFE 360"},"content":{"rendered":"<p data-start=\"715\" data-end=\"741\"><strong data-start=\"719\" data-end=\"741\">K\u00e4ytt\u00f6tarkoitukset:<\/strong><\/p>\n<ul data-start=\"743\" data-end=\"845\">\n<li class=\"\" data-start=\"743\" data-end=\"845\">\n<p class=\"\" data-start=\"745\" data-end=\"845\">Sopii hyvin <strong data-start=\"765\" data-end=\"792\">asuntojen turvahuoneisiin<\/strong>, <strong data-start=\"794\" data-end=\"809\">bunkkeriin<\/strong> ja <strong data-start=\"813\" data-end=\"845\">pieniin suojiin.<\/strong><\/p>\n<\/li>\n<\/ul>\n<p data-start=\"715\" data-end=\"741\"><strong data-start=\"719\" data-end=\"741\">Paketti sis\u00e4lt\u00e4\u00e4:<\/strong><\/p>\n<ol>\n<li style=\"list-style-type: none;\">\n<ol>\n<li>CBRN-suodatin<\/li>\n<li>S\u00e4hk\u00f6tuulettimet<\/li>\n<li>Virtal\u00e4hde<\/li>\n<li>K\u00e4sipumppu<\/li>\n<li>P\u00f6lysuodattimella varustettu r\u00e4j\u00e4hdyssuojattu alipaineventtiili<\/li>\n<li>R\u00e4j\u00e4hdyksenkest\u00e4v\u00e4 ylipaineventtiili<\/li>\n<li>Koristeellinen verhoilu ja sein\u00e4kiinnitys<\/li>\n<li>Ilmaletku<\/li>\n<\/ol>\n<\/li>\n<\/ol>","protected":false},"excerpt":{"rendered":"<p><strong data-start=\"0\" data-end=\"20\">SAFE 360 - j\u00e4rjestelm\u00e4<\/strong> on yhten\u00e4inen ja sertifioitu CBRN-ilmansuodatusratkaisu (kemiallinen, biologinen, s\u00e4teily, ydinenergia), joka on tarkoitettu pienemmille suojarakenteille, turvahuoneille ja suojelualueille. N\u00e4in varmistetaan raikas ja suodatettu ilmansaanti h\u00e4t\u00e4tilanteissa.<\/p>\n<p>Sopii t\u00e4ydellisesti niille, jotka haluavat rauhallista asennetta ja valmiutta, olipa kyseess\u00e4 s\u00e4hk\u00f6katkos, evakuointi tai muu odottamaton tilanne.<\/p>\n<h3 class=\"\" data-start=\"232\" data-end=\"258\"><strong data-start=\"236\" data-end=\"258\">T\u00e4rkeimm\u00e4t ominaisuudet:<\/strong><\/h3>\n<ul data-start=\"260\" data-end=\"713\">\n<li class=\"\" data-start=\"260\" data-end=\"357\">Ihanteellinen ratkaisu huoneisiin <strong data-start=\"295\" data-end=\"304\">36 m<\/strong> tai kunnes <strong data-start=\"314\" data-end=\"323\">72 m \u008a \u008a R \u008a.<\/strong>, jos on asennettu kaksi j\u00e4rjestelm\u00e4\u00e4.<\/li>\n<li class=\"\" data-start=\"358\" data-end=\"451\"><strong data-start=\"360\" data-end=\"380\">Yksinkertainen asennus<\/strong> sek\u00e4 rakentamisessa ett\u00e4 olemassa olevissa tiloissa (retroasennus).<\/li>\n<li class=\"\" data-start=\"452\" data-end=\"537\">Toimii kolmessa tilassa: <strong data-start=\"478\" data-end=\"493\">100\u2013230V AC<\/strong>, <strong data-start=\"495\" data-end=\"505\">12V DC<\/strong> ja <strong data-start=\"509\" data-end=\"537\">manuaalinen tila (varavaihtoehto).<\/strong><\/li>\n<li class=\"\" data-start=\"538\" data-end=\"657\">Kaikki komponentit ovat <strong data-start=\"560\" data-end=\"610\">sertifioitu SI 4570 - standardin mukaisesti<\/strong> ja jonka kansalliset viranomaiset ovat hyv\u00e4ksyneet.<\/li>\n<li class=\"\" data-start=\"658\" data-end=\"713\"><strong data-start=\"660\" data-end=\"713\">Asennettu kymmeniin tuhansiin suojiin.<\/strong><\/li>\n<\/ul>","protected":false},"featured_media":19123,"template":"","meta":[],"product_brand":[],"product_cat":[167],"product_tag":[],"class_list":{"0":"post-19122","1":"product","2":"type-product","3":"status-publish","4":"has-post-thumbnail","6":"product_cat-varjumiskohad","8":"first","9":"instock","10":"taxable","11":"shipping-taxable","12":"purchasable","13":"product-type-simple"},"_links":{"self":[{"href":"https:\/\/flameguard.ee\/fi\/wp-json\/wp\/v2\/product\/19122","targetHints":{"allow":["GET"]}}],"collection":[{"href":"https:\/\/flameguard.ee\/fi\/wp-json\/wp\/v2\/product"}],"about":[{"href":"https:\/\/flameguard.ee\/fi\/wp-json\/wp\/v2\/types\/product"}],"version-history":[{"count":16,"href":"https:\/\/flameguard.ee\/fi\/wp-json\/wp\/v2\/product\/19122\/revisions"}],"predecessor-version":[{"id":19366,"href":"https:\/\/flameguard.ee\/fi\/wp-json\/wp\/v2\/product\/19122\/revisions\/19366"}],"wp:featuredmedia":[{"embeddable":true,"href":"https:\/\/flameguard.ee\/fi\/wp-json\/wp\/v2\/media\/19123"}],"wp:attachment":[{"href":"https:\/\/flameguard.ee\/fi\/wp-json\/wp\/v2\/media?parent=19122"}],"wp:term":[{"taxonomy":"product_brand","embeddable":true,"href":"https:\/\/flameguard.ee\/fi\/wp-json\/wp\/v2\/product_brand?post=19122"},{"taxonomy":"product_cat","embeddable":true,"href":"https:\/\/flameguard.ee\/fi\/wp-json\/wp\/v2\/product_cat?post=19122"},{"taxonomy":"product_tag","embeddable":true,"href":"https:\/\/flameguard.ee\/fi\/wp-json\/wp\/v2\/product_tag?post=19122"}],"curies":[{"name":"wp","href":"https:\/\/api.w.org\/{rel}","templated":true}]}}