{"id":19142,"date":"2025-05-12T11:29:29","date_gmt":"2025-05-12T08:29:29","guid":{"rendered":"https:\/\/flameguard.ee\/?post_type=product&#038;p=19142"},"modified":"2025-09-21T14:54:22","modified_gmt":"2025-09-21T11:54:22","slug":"ventilatsioonisusteem-arc-100","status":"publish","type":"product","link":"https:\/\/flameguard.ee\/fi\/product\/ilmanvaihtoteema-arc-100\/","title":{"rendered":"Ilmanvaihtoj\u00e4rjestelm\u00e4 ARC"},"content":{"rendered":"<p data-start=\"715\" data-end=\"741\"><strong data-start=\"719\" data-end=\"741\">K\u00e4ytt\u00f6tarkoitukset:<\/strong><\/p>\n<p class=\"\" data-start=\"2220\" data-end=\"2441\">Sopii ihanteellisesti v\u00e4est\u00f6nsuojelun suojuksiin, valtionsyytt\u00e4jiin, h\u00e4t\u00e4suojuksiin ja kriittisiin infrastruktuureihin, joissa tarvitaan korkeatasoista ilmansuodatusta ja ylipaineen yll\u00e4pitoa.<\/p>\n<p class=\"\" data-start=\"2443\" data-end=\"2584\"><strong data-start=\"2443\" data-end=\"2584\">Kaikki ARC-j\u00e4rjestelmien komponentit on testattu ja sertifioitu SI 4570 - standardin mukaisesti, ja kansalliset viranomaiset ovat hyv\u00e4ksyneet ne.<\/strong><\/p>\n<p data-start=\"715\" data-end=\"741\"><strong data-start=\"719\" data-end=\"741\">Paketti sis\u00e4lt\u00e4\u00e4:<\/strong><\/p>\n<ol>\n<li style=\"list-style-type: none;\">\n<ol>\n<li>CBRN-suodatin<\/li>\n<li>S\u00e4hk\u00f6tuulettimet<\/li>\n<li>K\u00e4sipumppu (malleissa enint\u00e4\u00e4n ARC 600)<\/li>\n<li>P\u00f6lysuodattimella varustettu r\u00e4j\u00e4hdyssuojattu alipaineventtiili<\/li>\n<li>\u00c4\u00e4nenvaimennin + ilmavirtauksen ilmaisin<\/li>\n<li>Aluslevyt ilman virtauksen s\u00e4\u00e4telyyn<\/li>\n<li>R\u00e4j\u00e4hdyksenkest\u00e4v\u00e4 ylipaineventtiili<\/li>\n<\/ol>\n<\/li>\n<\/ol>","protected":false},"excerpt":{"rendered":"<p><strong>ARC-j\u00e4rjestelm\u00e4<\/strong> on CBRN:n (kemiallinen, biologinen, s\u00e4teily, ydinenergia) suodatus- ja ilmanvaihtoj\u00e4rjestelmien sarja v\u00e4est\u00f6nsuojelusuojia, bunkkereita ja suojattuja tiloja varten.<\/p>\n<p><strong data-start=\"216\" data-end=\"230\">ARC-sarja<\/strong> sis\u00e4lt\u00e4\u00e4 seuraavat j\u00e4rjestelm\u00e4t: ARC 50 ARC 100, ARC 180, ARC 240, ARC 300, ARC 450, ARC 600, ARC 900, ARC 1200 ja ARC 1800.<\/p>\n<h3 class=\"\" data-start=\"232\" data-end=\"258\"><strong data-start=\"236\" data-end=\"258\">T\u00e4rkeimm\u00e4t ominaisuudet:<\/strong><\/h3>\n<ul>\n<li style=\"list-style-type: none;\">\n<ul data-start=\"912\" data-end=\"2213\">\n<li class=\"\" data-start=\"912\" data-end=\"1042\">\n<p class=\"\" data-start=\"914\" data-end=\"1042\">ARC-sarja on kehitt\u00e4nyt <em data-start=\"938\" data-end=\"947\">Arconik<\/em> k\u00e4ytett\u00e4v\u00e4ksi asuinsuojuksissa, pieniss\u00e4 bunkkereissa, turvahuoneissa ja muissa suojatuissa tiloissa.<\/p>\n<\/li>\n<li class=\"\" data-start=\"1043\" data-end=\"1225\">\n<p class=\"\" data-start=\"1045\" data-end=\"1225\">J\u00e4rjestelm\u00e4t on testattu ja kaikki komponentit on sertifioitu <em data-start=\"1119\" data-end=\"1140\">SI 4570 - standardiin<\/em> (Ilmanvaihto- ja suodatusj\u00e4rjestelm\u00e4t suojia ja suojattuja huoneita varten).<\/p>\n<\/li>\n<li class=\"\" data-start=\"1226\" data-end=\"1365\">\n<p class=\"\" data-start=\"1228\" data-end=\"1365\">J\u00e4rjestelm\u00e4t ovat <em data-start=\"1248\" data-end=\"1273\">Pelastuspalvelun johdon<\/em> ne on asennettu kymmeniin tuhansiin suojiin ymp\u00e4ri maailmaa.<\/p>\n<\/li>\n<li class=\"\" data-start=\"1730\" data-end=\"1931\">\n<p class=\"\" data-start=\"1732\" data-end=\"1931\"><strong data-start=\"1732\" data-end=\"1752\">Yksinkertainen asennus<\/strong> uusiin rakenteisiin esiasennetut (betonivaletut) sein\u00e4holkit, joissa on 8 tuuman laipat, tai j\u00e4lkiasennus olemassa oleviin seiniin k\u00e4ytt\u00e4m\u00e4ll\u00e4 betoniankkureita.<\/p>\n<\/li>\n<li class=\"\" data-start=\"1932\" data-end=\"2018\">\n<p class=\"\" data-start=\"1934\" data-end=\"2018\">J\u00e4rjestelm\u00e4t ovat <strong data-start=\"1947\" data-end=\"1978\">k\u00e4ytt\u00f6valmis muutamassa minuutissa<\/strong> ja niit\u00e4 voidaan k\u00e4ytt\u00e4\u00e4 <strong data-start=\"2000\" data-end=\"2015\">yksi henkil\u00f6<\/strong>.<\/p>\n<\/li>\n<li data-start=\"1932\" data-end=\"2018\">Voidaan asentaa sek\u00e4 kattoon ett\u00e4 lattiaan<\/li>\n<li class=\"\" data-start=\"2019\" data-end=\"2213\">\n<p class=\"\" data-start=\"2021\" data-end=\"2213\">S\u00e4hk\u00f6tuulettimen toiminta <strong data-start=\"2052\" data-end=\"2087\">230 V tai 115 V vaihtovirralla<\/strong>, lis\u00e4ksi on saatavilla ilmavirtausversioita, joiden enimm\u00e4ispituus on 600 m\/h. <strong data-start=\"2144\" data-end=\"2158\">k\u00e4sik\u00e4ytt\u00f6inen toimilaite<\/strong>, jolla varmistetaan j\u00e4rjestelm\u00e4n toiminta my\u00f6s s\u00e4hk\u00f6katkoksen sattuessa.<\/p>\n<\/li>\n<\/ul>\n<\/li>\n<\/ul>","protected":false},"featured_media":19143,"template":"","meta":[],"product_brand":[172],"product_cat":[167],"product_tag":[],"class_list":{"0":"post-19142","1":"product","2":"type-product","3":"status-publish","4":"has-post-thumbnail","6":"product_brand-arconic","7":"product_cat-varjumiskohad","9":"first","10":"onbackorder","11":"sale","12":"taxable","13":"shipping-taxable","14":"purchasable","15":"product-type-variable"},"_links":{"self":[{"href":"https:\/\/flameguard.ee\/fi\/wp-json\/wp\/v2\/product\/19142","targetHints":{"allow":["GET"]}}],"collection":[{"href":"https:\/\/flameguard.ee\/fi\/wp-json\/wp\/v2\/product"}],"about":[{"href":"https:\/\/flameguard.ee\/fi\/wp-json\/wp\/v2\/types\/product"}],"version-history":[{"count":5,"href":"https:\/\/flameguard.ee\/fi\/wp-json\/wp\/v2\/product\/19142\/revisions"}],"predecessor-version":[{"id":19586,"href":"https:\/\/flameguard.ee\/fi\/wp-json\/wp\/v2\/product\/19142\/revisions\/19586"}],"wp:featuredmedia":[{"embeddable":true,"href":"https:\/\/flameguard.ee\/fi\/wp-json\/wp\/v2\/media\/19143"}],"wp:attachment":[{"href":"https:\/\/flameguard.ee\/fi\/wp-json\/wp\/v2\/media?parent=19142"}],"wp:term":[{"taxonomy":"product_brand","embeddable":true,"href":"https:\/\/flameguard.ee\/fi\/wp-json\/wp\/v2\/product_brand?post=19142"},{"taxonomy":"product_cat","embeddable":true,"href":"https:\/\/flameguard.ee\/fi\/wp-json\/wp\/v2\/product_cat?post=19142"},{"taxonomy":"product_tag","embeddable":true,"href":"https:\/\/flameguard.ee\/fi\/wp-json\/wp\/v2\/product_tag?post=19142"}],"curies":[{"name":"wp","href":"https:\/\/api.w.org\/{rel}","templated":true}]}}