{"id":19159,"date":"2025-05-12T15:01:11","date_gmt":"2025-05-12T12:01:11","guid":{"rendered":"https:\/\/flameguard.ee\/?post_type=product&#038;p=19159"},"modified":"2025-05-12T15:30:07","modified_gmt":"2025-05-12T12:30:07","slug":"ventilatsioonisusteemi-filtrid-afu","status":"publish","type":"product","link":"https:\/\/flameguard.ee\/fi\/product\/ilmanvaihtoteemi-suodattimet-afu\/","title":{"rendered":"Ilmanvaihtoj\u00e4rjestelm\u00e4n suodattimet AFU"},"content":{"rendered":"<p data-start=\"715\" data-end=\"741\"><strong data-start=\"719\" data-end=\"741\">K\u00e4ytt\u00f6tarkoitukset:<\/strong><\/p>\n<p class=\"\" data-start=\"2220\" data-end=\"2441\">Sopii t\u00e4ydellisesti pelastuspalvelulaitoksiin, sotilaslaitoksiin, h\u00e4t\u00e4tilanteisiin ja kriittisiin infrastruktuureihin, joissa puhdasta ilmaa tarvitaan.<\/p>","protected":false},"excerpt":{"rendered":"<p><strong>AFU <\/strong>ovat CBRN-suodattimia (kemiallinen, biologinen, s\u00e4teily, ydinenergia), jotka on suunniteltu vastaamaan nykyaikaisia v\u00e4est\u00f6nsuojelunormeja ja - normeja, kuten SI 4570 (Israel), Ukrainan normit ja muiden maiden normit.<\/p>\n<p>N\u00e4it\u00e4 suodattimia voidaan k\u00e4ytt\u00e4\u00e4 erilaisissa ARC-tyypin CBRN-ilmansuodatusj\u00e4rjestelmiss\u00e4 tai olemassa olevien ilmanvaihto- ja suodatusj\u00e4rjestelmien j\u00e4lkiasennuksessa tai suodattimien vaihdossa kemiallisten, biologisten, radiologisten ja ydinsaasteiden poistamiseksi ilmasta<\/p>\n<p><strong data-start=\"216\" data-end=\"230\">AFU-sarja<\/strong> sis\u00e4lt\u00e4\u00e4 seuraavat j\u00e4rjestelm\u00e4t: AFU 36, AFU 180, AFU 240, AFU 300, AFU 450, AFU 600, AFU 900, AFU 1200 ja AFU 1800.<\/p>\n<h3 class=\"\" data-start=\"232\" data-end=\"258\"><strong data-start=\"236\" data-end=\"258\">T\u00e4rkeimm\u00e4t ominaisuudet:<\/strong><\/h3>\n<ul>\n<li class=\"\" data-start=\"517\" data-end=\"695\">\n<p class=\"\" data-start=\"519\" data-end=\"695\">Laaja valikoima suodattimia erilaisille ilmavirroille ja CBRN-j\u00e4rjestelmille: AFU 36, AFU 180, AFU 240, AFU 300, AFU 450, AFU 600, AFU 900, AFU 1200, AFU 1800 ja muut<\/p>\n<\/li>\n<li class=\"\" data-start=\"696\" data-end=\"787\">\n<p class=\"\" data-start=\"698\" data-end=\"787\">Korkeatasoinen suodatus myrkyllisi\u00e4 teollisuuskemikaaleja (TIC) ja CBRN-uhkia vastaan<\/p>\n<\/li>\n<li class=\"\" data-start=\"788\" data-end=\"839\">\n<p class=\"\" data-start=\"790\" data-end=\"839\">Pitk\u00e4 k\u00e4ytt\u00f6ik\u00e4 ja pienet huoltotarpeet<\/p>\n<\/li>\n<li class=\"\" data-start=\"840\" data-end=\"908\">\n<p class=\"\" data-start=\"842\" data-end=\"908\">Yhteensopiva sek\u00e4 nykyaikaisten ett\u00e4 aikaisempien suodatinj\u00e4rjestelmien kanssa<\/p>\n<\/li>\n<li class=\"\" data-start=\"909\" data-end=\"971\">\n<p class=\"\" data-start=\"911\" data-end=\"971\">Helppo asentaa ja korvata nykyisiss\u00e4 j\u00e4rjestelmiss\u00e4<\/p>\n<\/li>\n<\/ul>\n<ul>\n<li style=\"list-style-type: none;\">\n<ul>\n<li style=\"list-style-type: none;\"><\/li>\n<\/ul>\n<\/li>\n<\/ul>","protected":false},"featured_media":19169,"template":"","meta":[],"product_brand":[172],"product_cat":[167],"product_tag":[],"class_list":{"0":"post-19159","1":"product","2":"type-product","3":"status-publish","4":"has-post-thumbnail","6":"product_brand-arconic","7":"product_cat-varjumiskohad","9":"first","10":"onbackorder","11":"taxable","12":"shipping-taxable","13":"product-type-variable"},"_links":{"self":[{"href":"https:\/\/flameguard.ee\/fi\/wp-json\/wp\/v2\/product\/19159","targetHints":{"allow":["GET"]}}],"collection":[{"href":"https:\/\/flameguard.ee\/fi\/wp-json\/wp\/v2\/product"}],"about":[{"href":"https:\/\/flameguard.ee\/fi\/wp-json\/wp\/v2\/types\/product"}],"version-history":[{"count":2,"href":"https:\/\/flameguard.ee\/fi\/wp-json\/wp\/v2\/product\/19159\/revisions"}],"predecessor-version":[{"id":19197,"href":"https:\/\/flameguard.ee\/fi\/wp-json\/wp\/v2\/product\/19159\/revisions\/19197"}],"wp:featuredmedia":[{"embeddable":true,"href":"https:\/\/flameguard.ee\/fi\/wp-json\/wp\/v2\/media\/19169"}],"wp:attachment":[{"href":"https:\/\/flameguard.ee\/fi\/wp-json\/wp\/v2\/media?parent=19159"}],"wp:term":[{"taxonomy":"product_brand","embeddable":true,"href":"https:\/\/flameguard.ee\/fi\/wp-json\/wp\/v2\/product_brand?post=19159"},{"taxonomy":"product_cat","embeddable":true,"href":"https:\/\/flameguard.ee\/fi\/wp-json\/wp\/v2\/product_cat?post=19159"},{"taxonomy":"product_tag","embeddable":true,"href":"https:\/\/flameguard.ee\/fi\/wp-json\/wp\/v2\/product_tag?post=19159"}],"curies":[{"name":"wp","href":"https:\/\/api.w.org\/{rel}","templated":true}]}}