{"id":19205,"date":"2025-05-12T19:44:14","date_gmt":"2025-05-12T16:44:14","guid":{"rendered":"https:\/\/flameguard.ee\/?post_type=product&#038;p=19205"},"modified":"2025-05-12T19:48:42","modified_gmt":"2025-05-12T16:48:42","slug":"ventilatsioonisusteemi-filtrid-afu-tuup-co","status":"publish","type":"product","link":"https:\/\/flameguard.ee\/fi\/product\/ilmanvaihtoteemi-suodattimet-afu-tuuppi-co\/","title":{"rendered":"Ilmanvaihtoj\u00e4rjestelm\u00e4n suodattimet AFU-tyyppi CO"},"content":{"rendered":"<p data-start=\"715\" data-end=\"741\"><strong data-start=\"719\" data-end=\"741\">K\u00e4ytt\u00f6tarkoitukset:<\/strong><\/p>\n<p class=\"\" data-start=\"2220\" data-end=\"2441\">Sopii erinomaisesti pelastuspalvelulaitoksiin, sotilaslaitoksiin, h\u00e4t\u00e4tilanteisiin ja kriittiseen infrastruktuuriin<\/p>","protected":false},"excerpt":{"rendered":"<p><strong>AFU-tyyppi CO <\/strong>ovat suodattimia, jotka on tarkoitettu hiilimonoksidin suodattamiseen ARC- ja AFU-suodatinj\u00e4rjestelmiss\u00e4<\/p>\n<h3 class=\"\" data-start=\"232\" data-end=\"258\"><strong data-start=\"236\" data-end=\"258\">T\u00e4rkeimm\u00e4t ominaisuudet:<\/strong><\/h3>\n<ul>\n<li>Tehokas CO-kaasun suodatus ilman v\u00e4himm\u00e4isvirtauksen esto<\/li>\n<li>Pitk\u00e4 k\u00e4ytt\u00f6ik\u00e4 ja yksinkertainen suodattimen vaihto<\/li>\n<li>Yhteensopiva AFU-ilmank\u00e4sittelylaitteiden kanssa<\/li>\n<li>Suunniteltu toimimaan \u00e4\u00e4rimm\u00e4isiss\u00e4 olosuhteissa<\/li>\n<\/ul>\n<ul>\n<li style=\"list-style-type: none;\"><\/li>\n<\/ul>","protected":false},"featured_media":19206,"template":"","meta":[],"product_brand":[172],"product_cat":[167],"product_tag":[],"class_list":{"0":"post-19205","1":"product","2":"type-product","3":"status-publish","4":"has-post-thumbnail","6":"product_brand-arconic","7":"product_cat-varjumiskohad","9":"first","10":"instock","11":"taxable","12":"shipping-taxable","13":"product-type-simple"},"_links":{"self":[{"href":"https:\/\/flameguard.ee\/fi\/wp-json\/wp\/v2\/product\/19205","targetHints":{"allow":["GET"]}}],"collection":[{"href":"https:\/\/flameguard.ee\/fi\/wp-json\/wp\/v2\/product"}],"about":[{"href":"https:\/\/flameguard.ee\/fi\/wp-json\/wp\/v2\/types\/product"}],"version-history":[{"count":2,"href":"https:\/\/flameguard.ee\/fi\/wp-json\/wp\/v2\/product\/19205\/revisions"}],"predecessor-version":[{"id":19222,"href":"https:\/\/flameguard.ee\/fi\/wp-json\/wp\/v2\/product\/19205\/revisions\/19222"}],"wp:featuredmedia":[{"embeddable":true,"href":"https:\/\/flameguard.ee\/fi\/wp-json\/wp\/v2\/media\/19206"}],"wp:attachment":[{"href":"https:\/\/flameguard.ee\/fi\/wp-json\/wp\/v2\/media?parent=19205"}],"wp:term":[{"taxonomy":"product_brand","embeddable":true,"href":"https:\/\/flameguard.ee\/fi\/wp-json\/wp\/v2\/product_brand?post=19205"},{"taxonomy":"product_cat","embeddable":true,"href":"https:\/\/flameguard.ee\/fi\/wp-json\/wp\/v2\/product_cat?post=19205"},{"taxonomy":"product_tag","embeddable":true,"href":"https:\/\/flameguard.ee\/fi\/wp-json\/wp\/v2\/product_tag?post=19205"}],"curies":[{"name":"wp","href":"https:\/\/api.w.org\/{rel}","templated":true}]}}